{"id":365,"date":"2022-02-15T12:47:20","date_gmt":"2022-02-15T11:47:20","guid":{"rendered":"https:\/\/filharmonia.rzeszow.pl\/en\/?page_id=365"},"modified":"2022-03-15T11:15:52","modified_gmt":"2022-03-15T10:15:52","slug":"elementor-365","status":"publish","type":"page","link":"https:\/\/filharmonia.rzeszow.pl\/en\/elementor-365\/","title":{"rendered":"Director"},"content":{"rendered":"\t\t<div data-elementor-type=\"wp-page\" data-elementor-id=\"365\" class=\"elementor elementor-365\">\n\t\t\t\t\t\t<section class=\"elementor-section elementor-top-section elementor-element elementor-element-690ce24 elementor-section-boxed elementor-section-height-default elementor-section-height-default\" data-id=\"690ce24\" data-element_type=\"section\" data-e-type=\"section\">\n\t\t\t\t\t\t<div class=\"elementor-container elementor-column-gap-default\">\n\t\t\t\t\t<div class=\"elementor-column elementor-col-50 elementor-top-column elementor-element elementor-element-ea8ddc1\" data-id=\"ea8ddc1\" data-element_type=\"column\" data-e-type=\"column\">\n\t\t\t<div class=\"elementor-widget-wrap elementor-element-populated\">\n\t\t\t\t\t\t<div class=\"elementor-element elementor-element-a6402d2 elementor-widget elementor-widget-image\" data-id=\"a6402d2\" data-element_type=\"widget\" data-e-type=\"widget\" data-widget_type=\"image.default\">\n\t\t\t\t<div class=\"elementor-widget-container\">\n\t\t\t\t\t\t\t\t\t\t\t\t\t\t\t<img fetchpriority=\"high\" decoding=\"async\" width=\"1024\" height=\"682\" src=\"https:\/\/filharmonia.rzeszow.pl\/en\/wp-content\/uploads\/sites\/2\/2022\/02\/Pani-Mata-Wierzbieniec_Easy-Resize.com_-1024x682.jpg\" class=\"attachment-large size-large wp-image-368\" alt=\"\" srcset=\"https:\/\/filharmonia.rzeszow.pl\/en\/wp-content\/uploads\/sites\/2\/2022\/02\/Pani-Mata-Wierzbieniec_Easy-Resize.com_-1024x682.jpg 1024w, https:\/\/filharmonia.rzeszow.pl\/en\/wp-content\/uploads\/sites\/2\/2022\/02\/Pani-Mata-Wierzbieniec_Easy-Resize.com_-300x200.jpg 300w, https:\/\/filharmonia.rzeszow.pl\/en\/wp-content\/uploads\/sites\/2\/2022\/02\/Pani-Mata-Wierzbieniec_Easy-Resize.com_-768x512.jpg 768w, https:\/\/filharmonia.rzeszow.pl\/en\/wp-content\/uploads\/sites\/2\/2022\/02\/Pani-Mata-Wierzbieniec_Easy-Resize.com_-600x400.jpg 600w, https:\/\/filharmonia.rzeszow.pl\/en\/wp-content\/uploads\/sites\/2\/2022\/02\/Pani-Mata-Wierzbieniec_Easy-Resize.com_.jpg 1280w\" sizes=\"(max-width: 1024px) 100vw, 1024px\" \/>\t\t\t\t\t\t\t\t\t\t\t\t\t\t\t<\/div>\n\t\t\t\t<\/div>\n\t\t\t\t\t<\/div>\n\t\t<\/div>\n\t\t\t\t<div class=\"elementor-column elementor-col-50 elementor-top-column elementor-element elementor-element-94372a2\" data-id=\"94372a2\" data-element_type=\"column\" data-e-type=\"column\">\n\t\t\t<div class=\"elementor-widget-wrap elementor-element-populated\">\n\t\t\t\t\t\t<div class=\"elementor-element elementor-element-5e6b477 elementor-widget elementor-widget-heading\" data-id=\"5e6b477\" data-element_type=\"widget\" data-e-type=\"widget\" data-widget_type=\"heading.default\">\n\t\t\t\t<div class=\"elementor-widget-container\">\n\t\t\t\t\t<h2 class=\"elementor-heading-title elementor-size-default\"><b>Prof. Marta Katarzyna Wierzbieniec<\/b><\/h2>\t\t\t\t<\/div>\n\t\t\t\t<\/div>\n\t\t\t\t<div class=\"elementor-element elementor-element-16f023a elementor-widget elementor-widget-text-editor\" data-id=\"16f023a\" data-element_type=\"widget\" data-e-type=\"widget\" data-widget_type=\"text-editor.default\">\n\t\t\t\t<div class=\"elementor-widget-container\">\n\t\t\t\t\t\t\t\t\t<h3>director of the Artur Malawski Podkarpacka Philharmonic in Rzesz\u00f3w, choirmaster &#8211; conductor, university teacher<\/h3>\t\t\t\t\t\t\t\t<\/div>\n\t\t\t\t<\/div>\n\t\t\t\t\t<\/div>\n\t\t<\/div>\n\t\t\t\t\t<\/div>\n\t\t<\/section>\n\t\t\t\t<section class=\"elementor-section elementor-top-section elementor-element elementor-element-8198d5d elementor-section-boxed elementor-section-height-default elementor-section-height-default\" data-id=\"8198d5d\" data-element_type=\"section\" data-e-type=\"section\">\n\t\t\t\t\t\t<div class=\"elementor-container elementor-column-gap-default\">\n\t\t\t\t\t<div class=\"elementor-column elementor-col-100 elementor-top-column elementor-element elementor-element-c59c072\" data-id=\"c59c072\" data-element_type=\"column\" data-e-type=\"column\">\n\t\t\t<div class=\"elementor-widget-wrap elementor-element-populated\">\n\t\t\t\t\t\t<div class=\"elementor-element elementor-element-4b89214 elementor-widget elementor-widget-text-editor\" data-id=\"4b89214\" data-element_type=\"widget\" data-e-type=\"widget\" data-widget_type=\"text-editor.default\">\n\t\t\t\t<div class=\"elementor-widget-container\">\n\t\t\t\t\t\t\t\t\t<p>A graduate of the Academy of Music in Krakow (diploma with honors in 1988), Postgraduate Choirmaster Studies at the Academy of Music in Bydgoszcz (1992), Voice Emission (1998), School of Choral Art in St. Moritz (Switzerland &#8211; 1989, 1990), Choirmaster Courses in Stuttgart (Germany) and Koksijde (Belgium). Between 1985 and 1987, she received a scholarship from the Minister of Culture and Art.<\/p>\n<p>In 1987, she started working at the Department of Music Education at the Pedagogical University in Rzesz\u00f3w, which in 2001 was transformed into the University of Rzesz\u00f3w &#8211; where she still works, now as a full professor. After subsequent professional promotions (1994 &#8211; doctoral degree, 1999 &#8211; habilitation), she received the title of professor of musical arts (2004). For many years she conducted the student Chamber Choir, with which she won many awards and distinctions, incl. in Sweden, Slovakia and, <em>inter alia<\/em>, in Legnica, Olsztyn, Wroc\u0142aw and My\u015blenice. She cooperated with the Rzesz\u00f3w University Choir for many years preparing the choir for oratorio concerts with the Philharmonic in Rzesz\u00f3w. She has realized over 250 choral concerts that were held in Poland and abroad, incl. in Austria, Belgium, Germany, Romania, Sweden, Switzerland, Slovakia and Italy. She promoted three doctors, several dozen times she acted as a reviewer of doctoral and postdoctoral theses and procedures for granting the title of professor. She is the author of several scientific articles and publishing reviews. She was a member of various evaluation bodies many times, including jury of music competitions, including in Rzesz\u00f3w, My\u015blenice, Niepo\u0142omice, Bydgoszcz, as well as in Bratislava (Slovakia), Bucharest (Romania) and Prague (Czech Republic). An important area of M. Wierzbieniec&#8217;s activity is the promotion of musical culture; between 1995 &#8211; 2006 she hosted her own programme \u201cPlotki z kluczem wiolinowym&#8221; on the Polish Radio Rzesz\u00f3w. Between 1999 and 2010 she was the Director of the Institute of Music at the University of Rzesz\u00f3w. She was also the artistic director of the Rzesz\u00f3w branch of the Polish Association of Choirs and Orchestras.&nbsp;&nbsp;&nbsp;&nbsp; Since 2008, she has been the Director of the Artur Malawski Podkarpackie Philharmonic in Rzesz\u00f3w and the Music Director of the \u0141a\u0144cut Festival. Currently, she is also the artistic director of the Philharmonic.&nbsp; The tasks that she undertakes are related not only to the programming, organization and implementation of concerts, but mainly concern the profiling of the Philharmonic&#8217;s activities. On the initiative of M. Wierzbieniec, the orchestra of the Podkarpackie Philharmonic established cooperation with, <em>inter alia<\/em>, the Wiennermaenergesangverein choir (Austria), with the music community in Saarbruecken (Germany), the Philharmonic Orchestra in Ko\u0161ice (Slovakia), and the Philharmonic Orchestra in Miskolc (Hungary). The Podkarpackie Philharmonic also cooperates with the ensembles of the Opera and Ballet Theater in Lviv and the Lviv Orchestra of the Zankovetska Theater, the Krakow Opera, the Opera Theaters in Ko\u0161ice and Prague. She is the author of many artistic projects, including: a series of \u201cPrzestrze\u0144 otwarta dla muzyki\u201d and \u201cBOOM\u201d concerts (Ballet, Opera, Operetta, Musical) at the Philharmonic! Together with the Philharmonic Symphony Orchestra, she promotes the Podkarpackie Region on the international stage; between 2009 and 2019 this ensemble performed, among others in Austria, Belgium, China, the Czech Republic, Georgia, Spain, Lithuania, Germany, Slovakia, Hungary and Ukraine, as well as in Italy and the Vatican, presenting a total of almost 40 concerts. AWARDS AND DISTINCTIONS &#8211; including:&nbsp;&nbsp; &nbsp;<\/p>\n<p>&#8211; Silver Cross of Merit, 2005;<\/p>\n<p>&#8211; \u201cFriend of Students\u201d Laurel, 2009;<\/p>\n<p>&#8211; Honorary Medal of the Fryderyk Chopin University of Music in Warsaw, 2011;<\/p>\n<p>&#8211; Medal of the Association of Polish Artist Musicians, 2012;<\/p>\n<p>&#8211; Silver Medal for Long Service, 2013;<\/p>\n<p>&#8211; Title of the Honorary Citizen of the Podhale region, 2015;<\/p>\n<p>&#8211; \u201cGloria Artis\u201d Medal, 2015;<\/p>\n<p>&#8211; Medal of the National Education Commission, 2018;<\/p>\n<p>&#8211; Independence Medal, 2019;<\/p>\t\t\t\t\t\t\t\t<\/div>\n\t\t\t\t<\/div>\n\t\t\t\t\t<\/div>\n\t\t<\/div>\n\t\t\t\t\t<\/div>\n\t\t<\/section>\n\t\t\t\t<\/div>\n\t\t","protected":false},"excerpt":{"rendered":"<p>Prof. Marta Katarzyna Wierzbieniec director of the Artur Malawski Podkarpacka Philharmonic in Rzesz\u00f3w, choirmaster &#8211; conductor, university teacher A graduate of the Academy of Music in Krakow (diploma with honors in 1988), Postgraduate Choirmaster Studies at the Academy of Music in Bydgoszcz (1992), Voice Emission (1998), School of Choral Art in St. Moritz (Switzerland &#8211; [&hellip;]<\/p>\n","protected":false},"author":2,"featured_media":0,"parent":0,"menu_order":0,"comment_status":"closed","ping_status":"closed","template":"","meta":{"footnotes":""},"class_list":["post-365","page","type-page","status-publish","hentry","entry","owp-thumbs-layout-horizontal","owp-btn-normal","owp-tabs-layout-horizontal","has-no-thumbnails","has-product-nav"],"yoast_head":"<!-- This site is optimized with the Yoast SEO plugin v27.1.1 - https:\/\/yoast.com\/product\/yoast-seo-wordpress\/ -->\n<title>Director - Filharmonia Podkarpacka - English<\/title>\n<meta name=\"robots\" content=\"index, follow, max-snippet:-1, max-image-preview:large, max-video-preview:-1\" \/>\n<link rel=\"canonical\" href=\"https:\/\/filharmonia.rzeszow.pl\/en\/elementor-365\/\" \/>\n<meta property=\"og:locale\" content=\"en_US\" \/>\n<meta property=\"og:type\" content=\"article\" \/>\n<meta property=\"og:title\" content=\"Director - Filharmonia Podkarpacka - English\" \/>\n<meta property=\"og:description\" content=\"Prof. Marta Katarzyna Wierzbieniec director of the Artur Malawski Podkarpacka Philharmonic in Rzesz\u00f3w, choirmaster &#8211; conductor, university teacher A graduate of the Academy of Music in Krakow (diploma with honors in 1988), Postgraduate Choirmaster Studies at the Academy of Music in Bydgoszcz (1992), Voice Emission (1998), School of Choral Art in St. Moritz (Switzerland &#8211; [&hellip;]\" \/>\n<meta property=\"og:url\" content=\"https:\/\/filharmonia.rzeszow.pl\/en\/elementor-365\/\" \/>\n<meta property=\"og:site_name\" content=\"Filharmonia Podkarpacka - English\" \/>\n<meta property=\"article:modified_time\" content=\"2022-03-15T10:15:52+00:00\" \/>\n<meta property=\"og:image\" content=\"https:\/\/filharmonia.rzeszow.pl\/en\/wp-content\/uploads\/sites\/2\/2022\/02\/Pani-Mata-Wierzbieniec_Easy-Resize.com_-1024x682.jpg\" \/>\n<meta name=\"twitter:card\" content=\"summary_large_image\" \/>\n<meta name=\"twitter:label1\" content=\"Est. reading time\" \/>\n\t<meta name=\"twitter:data1\" content=\"3 minutes\" \/>\n<script type=\"application\/ld+json\" class=\"yoast-schema-graph\">{\"@context\":\"https:\/\/schema.org\",\"@graph\":[{\"@type\":\"WebPage\",\"@id\":\"https:\/\/filharmonia.rzeszow.pl\/en\/elementor-365\/\",\"url\":\"https:\/\/filharmonia.rzeszow.pl\/en\/elementor-365\/\",\"name\":\"Director - Filharmonia Podkarpacka - English\",\"isPartOf\":{\"@id\":\"https:\/\/filharmonia.rzeszow.pl\/en\/#website\"},\"primaryImageOfPage\":{\"@id\":\"https:\/\/filharmonia.rzeszow.pl\/en\/elementor-365\/#primaryimage\"},\"image\":{\"@id\":\"https:\/\/filharmonia.rzeszow.pl\/en\/elementor-365\/#primaryimage\"},\"thumbnailUrl\":\"https:\/\/filharmonia.rzeszow.pl\/en\/wp-content\/uploads\/sites\/2\/2022\/02\/Pani-Mata-Wierzbieniec_Easy-Resize.com_-1024x682.jpg\",\"datePublished\":\"2022-02-15T11:47:20+00:00\",\"dateModified\":\"2022-03-15T10:15:52+00:00\",\"breadcrumb\":{\"@id\":\"https:\/\/filharmonia.rzeszow.pl\/en\/elementor-365\/#breadcrumb\"},\"inLanguage\":\"en-US\",\"potentialAction\":[{\"@type\":\"ReadAction\",\"target\":[\"https:\/\/filharmonia.rzeszow.pl\/en\/elementor-365\/\"]}]},{\"@type\":\"ImageObject\",\"inLanguage\":\"en-US\",\"@id\":\"https:\/\/filharmonia.rzeszow.pl\/en\/elementor-365\/#primaryimage\",\"url\":\"https:\/\/filharmonia.rzeszow.pl\/en\/wp-content\/uploads\/sites\/2\/2022\/02\/Pani-Mata-Wierzbieniec_Easy-Resize.com_.jpg\",\"contentUrl\":\"https:\/\/filharmonia.rzeszow.pl\/en\/wp-content\/uploads\/sites\/2\/2022\/02\/Pani-Mata-Wierzbieniec_Easy-Resize.com_.jpg\",\"width\":1280,\"height\":853},{\"@type\":\"BreadcrumbList\",\"@id\":\"https:\/\/filharmonia.rzeszow.pl\/en\/elementor-365\/#breadcrumb\",\"itemListElement\":[{\"@type\":\"ListItem\",\"position\":1,\"name\":\"Strona g\u0142\u00f3wna\",\"item\":\"https:\/\/filharmonia.rzeszow.pl\/en\/\"},{\"@type\":\"ListItem\",\"position\":2,\"name\":\"Director\"}]},{\"@type\":\"WebSite\",\"@id\":\"https:\/\/filharmonia.rzeszow.pl\/en\/#website\",\"url\":\"https:\/\/filharmonia.rzeszow.pl\/en\/\",\"name\":\"Filharmonia Podkarpacka - English\",\"description\":\"Kolejna witryna sieci &#8222;Filharmonia Podkarpacka &#8221;\",\"publisher\":{\"@id\":\"https:\/\/filharmonia.rzeszow.pl\/en\/#organization\"},\"potentialAction\":[{\"@type\":\"SearchAction\",\"target\":{\"@type\":\"EntryPoint\",\"urlTemplate\":\"https:\/\/filharmonia.rzeszow.pl\/en\/?s={search_term_string}\"},\"query-input\":{\"@type\":\"PropertyValueSpecification\",\"valueRequired\":true,\"valueName\":\"search_term_string\"}}],\"inLanguage\":\"en-US\"},{\"@type\":\"Organization\",\"@id\":\"https:\/\/filharmonia.rzeszow.pl\/en\/#organization\",\"name\":\"Filharmonia Podkarpacka - English\",\"url\":\"https:\/\/filharmonia.rzeszow.pl\/en\/\",\"logo\":{\"@type\":\"ImageObject\",\"inLanguage\":\"en-US\",\"@id\":\"https:\/\/filharmonia.rzeszow.pl\/en\/#\/schema\/logo\/image\/\",\"url\":\"https:\/\/filharmonia.rzeszow.pl\/en\/wp-content\/uploads\/sites\/2\/2022\/02\/Obszar-roboczy-2@3x.png\",\"contentUrl\":\"https:\/\/filharmonia.rzeszow.pl\/en\/wp-content\/uploads\/sites\/2\/2022\/02\/Obszar-roboczy-2@3x.png\",\"width\":2721,\"height\":1527,\"caption\":\"Filharmonia Podkarpacka - English\"},\"image\":{\"@id\":\"https:\/\/filharmonia.rzeszow.pl\/en\/#\/schema\/logo\/image\/\"}}]}<\/script>\n<!-- \/ Yoast SEO plugin. -->","yoast_head_json":{"title":"Director - Filharmonia Podkarpacka - English","robots":{"index":"index","follow":"follow","max-snippet":"max-snippet:-1","max-image-preview":"max-image-preview:large","max-video-preview":"max-video-preview:-1"},"canonical":"https:\/\/filharmonia.rzeszow.pl\/en\/elementor-365\/","og_locale":"en_US","og_type":"article","og_title":"Director - Filharmonia Podkarpacka - English","og_description":"Prof. Marta Katarzyna Wierzbieniec director of the Artur Malawski Podkarpacka Philharmonic in Rzesz\u00f3w, choirmaster &#8211; conductor, university teacher A graduate of the Academy of Music in Krakow (diploma with honors in 1988), Postgraduate Choirmaster Studies at the Academy of Music in Bydgoszcz (1992), Voice Emission (1998), School of Choral Art in St. Moritz (Switzerland &#8211; [&hellip;]","og_url":"https:\/\/filharmonia.rzeszow.pl\/en\/elementor-365\/","og_site_name":"Filharmonia Podkarpacka - English","article_modified_time":"2022-03-15T10:15:52+00:00","og_image":[{"url":"https:\/\/filharmonia.rzeszow.pl\/en\/wp-content\/uploads\/sites\/2\/2022\/02\/Pani-Mata-Wierzbieniec_Easy-Resize.com_-1024x682.jpg","type":"","width":"","height":""}],"twitter_card":"summary_large_image","twitter_misc":{"Est. reading time":"3 minutes"},"schema":{"@context":"https:\/\/schema.org","@graph":[{"@type":"WebPage","@id":"https:\/\/filharmonia.rzeszow.pl\/en\/elementor-365\/","url":"https:\/\/filharmonia.rzeszow.pl\/en\/elementor-365\/","name":"Director - Filharmonia Podkarpacka - English","isPartOf":{"@id":"https:\/\/filharmonia.rzeszow.pl\/en\/#website"},"primaryImageOfPage":{"@id":"https:\/\/filharmonia.rzeszow.pl\/en\/elementor-365\/#primaryimage"},"image":{"@id":"https:\/\/filharmonia.rzeszow.pl\/en\/elementor-365\/#primaryimage"},"thumbnailUrl":"https:\/\/filharmonia.rzeszow.pl\/en\/wp-content\/uploads\/sites\/2\/2022\/02\/Pani-Mata-Wierzbieniec_Easy-Resize.com_-1024x682.jpg","datePublished":"2022-02-15T11:47:20+00:00","dateModified":"2022-03-15T10:15:52+00:00","breadcrumb":{"@id":"https:\/\/filharmonia.rzeszow.pl\/en\/elementor-365\/#breadcrumb"},"inLanguage":"en-US","potentialAction":[{"@type":"ReadAction","target":["https:\/\/filharmonia.rzeszow.pl\/en\/elementor-365\/"]}]},{"@type":"ImageObject","inLanguage":"en-US","@id":"https:\/\/filharmonia.rzeszow.pl\/en\/elementor-365\/#primaryimage","url":"https:\/\/filharmonia.rzeszow.pl\/en\/wp-content\/uploads\/sites\/2\/2022\/02\/Pani-Mata-Wierzbieniec_Easy-Resize.com_.jpg","contentUrl":"https:\/\/filharmonia.rzeszow.pl\/en\/wp-content\/uploads\/sites\/2\/2022\/02\/Pani-Mata-Wierzbieniec_Easy-Resize.com_.jpg","width":1280,"height":853},{"@type":"BreadcrumbList","@id":"https:\/\/filharmonia.rzeszow.pl\/en\/elementor-365\/#breadcrumb","itemListElement":[{"@type":"ListItem","position":1,"name":"Strona g\u0142\u00f3wna","item":"https:\/\/filharmonia.rzeszow.pl\/en\/"},{"@type":"ListItem","position":2,"name":"Director"}]},{"@type":"WebSite","@id":"https:\/\/filharmonia.rzeszow.pl\/en\/#website","url":"https:\/\/filharmonia.rzeszow.pl\/en\/","name":"Filharmonia Podkarpacka - English","description":"Kolejna witryna sieci &#8222;Filharmonia Podkarpacka &#8221;","publisher":{"@id":"https:\/\/filharmonia.rzeszow.pl\/en\/#organization"},"potentialAction":[{"@type":"SearchAction","target":{"@type":"EntryPoint","urlTemplate":"https:\/\/filharmonia.rzeszow.pl\/en\/?s={search_term_string}"},"query-input":{"@type":"PropertyValueSpecification","valueRequired":true,"valueName":"search_term_string"}}],"inLanguage":"en-US"},{"@type":"Organization","@id":"https:\/\/filharmonia.rzeszow.pl\/en\/#organization","name":"Filharmonia Podkarpacka - English","url":"https:\/\/filharmonia.rzeszow.pl\/en\/","logo":{"@type":"ImageObject","inLanguage":"en-US","@id":"https:\/\/filharmonia.rzeszow.pl\/en\/#\/schema\/logo\/image\/","url":"https:\/\/filharmonia.rzeszow.pl\/en\/wp-content\/uploads\/sites\/2\/2022\/02\/Obszar-roboczy-2@3x.png","contentUrl":"https:\/\/filharmonia.rzeszow.pl\/en\/wp-content\/uploads\/sites\/2\/2022\/02\/Obszar-roboczy-2@3x.png","width":2721,"height":1527,"caption":"Filharmonia Podkarpacka - English"},"image":{"@id":"https:\/\/filharmonia.rzeszow.pl\/en\/#\/schema\/logo\/image\/"}}]}},"publishpress_future_action":{"enabled":false,"date":"2026-05-08 14:57:06","action":"change-status","newStatus":"draft","terms":[],"taxonomy":"","extraData":[]},"publishpress_future_workflow_manual_trigger":{"enabledWorkflows":[]},"_links":{"self":[{"href":"https:\/\/filharmonia.rzeszow.pl\/en\/wp-json\/wp\/v2\/pages\/365","targetHints":{"allow":["GET"]}}],"collection":[{"href":"https:\/\/filharmonia.rzeszow.pl\/en\/wp-json\/wp\/v2\/pages"}],"about":[{"href":"https:\/\/filharmonia.rzeszow.pl\/en\/wp-json\/wp\/v2\/types\/page"}],"author":[{"embeddable":true,"href":"https:\/\/filharmonia.rzeszow.pl\/en\/wp-json\/wp\/v2\/users\/2"}],"replies":[{"embeddable":true,"href":"https:\/\/filharmonia.rzeszow.pl\/en\/wp-json\/wp\/v2\/comments?post=365"}],"version-history":[{"count":11,"href":"https:\/\/filharmonia.rzeszow.pl\/en\/wp-json\/wp\/v2\/pages\/365\/revisions"}],"predecessor-version":[{"id":1379,"href":"https:\/\/filharmonia.rzeszow.pl\/en\/wp-json\/wp\/v2\/pages\/365\/revisions\/1379"}],"wp:attachment":[{"href":"https:\/\/filharmonia.rzeszow.pl\/en\/wp-json\/wp\/v2\/media?parent=365"}],"curies":[{"name":"wp","href":"https:\/\/api.w.org\/{rel}","templated":true}]}}