{"id":133,"date":"2022-02-14T13:52:11","date_gmt":"2022-02-14T12:52:11","guid":{"rendered":"https:\/\/filharmonia.rzeszow.pl\/en\/?post_type=product&#038;p=133"},"modified":"2022-02-14T13:52:31","modified_gmt":"2022-02-14T12:52:31","slug":"upior-w-operetce-multimedialne-widowisko-25-09-2022-godz-13-00","status":"publish","type":"product","link":"https:\/\/filharmonia.rzeszow.pl\/en\/produkt\/upior-w-operetce-multimedialne-widowisko-25-09-2022-godz-13-00\/","title":{"rendered":"UPI\u00d3R W OPERETCE multimedialne widowisko-25.09.2022, godz. 13.00"},"content":{"rendered":"<p><strong>Filharmonia Futura<\/strong>\u00a0zaprasza na widowisko multimedialne<\/p>\n<p><strong>&#8220;Upi\u00f3r w Operetce&#8221;<\/strong>. To\u00a0 wspania\u0142a zabawa dla widz\u00f3w od 6 do 106 lat! Operetka podobnie jak opera ma swojego upiora, posta\u0107 pe\u0142n\u0105 tajemnic kt\u00f3rych r\u0105bek uchyli podczas pe\u0142nego humoru spektaklu. Jego historia stanie si\u0119 pretekstem do zaprezentowania najpi\u0119kniejszych fragment\u00f3w z operetek\u00a0<strong>Ksi\u0119\u017cniczka Czardasza, Weso\u0142a Wd\u00f3wka, Hrabina Marica, Baron Cyga\u0144ski<\/strong>\u00a0<a href=\"http:\/\/i.in\/\">i.in<\/a>. w interpretacjach solist\u00f3w polskiej sceny operetkowej:\u00a0<strong>Sylwii Lorens<\/strong>\u00a0oraz\u00a0<strong>Jakuba Oczkowskiego<\/strong>\u00a0z towarzyszeniem orkiestry Filharmonii Futura. Widowisko to r\u00f3wnie\u017c solistyczne popisy znakomitego skrzypka\u00a0<strong>Kamila Skickiego<\/strong>. W rol\u0119 upiora wciela si\u0119\u00a0<strong>Artur Dziurman<\/strong>. Jak zawsze w widowiskach FF wykorzystane zostan\u0105 nowoczesne technologie, w tym barwne wizualizacje, wsp\u00f3\u0142czesne aran\u017cacje i zaskakuj\u0105ce rozwi\u0105zania sceniczne.<\/p>\n<p>SCENARIUSZ, ARAN\u017bACJE UTWOR\u00d3W, RE\u017bYSERIA: MIKO\u0141AJ BLAJDA\u00a0 PRODUKCJA: SYLWIA LORENS<\/p>\n<p>Bilety ulgowe s\u0105 wa\u017cne za okazaniem przy wej\u015bciu na spektakl legitymacji szkolnej (dot. zni\u017cki dla dzieci do 13 lat) oraz legitymacji emeryta lub dowodu osobistego, na podstawie kt\u00f3rych mo\u017cna b\u0119dzie stwierdzi\u0107 wiek powy\u017cej 65 lat (dot. zni\u017cki dla senior\u00f3w)<\/p>\n","protected":false},"excerpt":{"rendered":"<p><strong>DATA: 25.09.2022<\/strong><\/p>\n<p><strong>GODZINA: 13:00<\/strong><\/p>\n<p><strong>MIEJSCE: Filharmonia Podkarpacka<\/strong><\/p>\n<p><strong>CENA: 110\/80\/60 z\u0142<\/strong><\/p>\n<p><strong>SPRZEDA\u017b (GDZIE?): kasa Filharmonii Podkarpackiej; <\/strong><\/p>\n<p><strong>bezpo\u015brednio u organizatora:\u00a0 tel. +48 533955593, <\/strong><\/p>\n<p><strong>portal: https:\/\/www.kupbilecik.pl\/imprezy\/68886\/Rzesz%C3%B3w\/Upi%C3%B3r+w+Operetce\/<\/strong><\/p>\n<p><strong>ORGANIZATOR (+telefon): Filharmonia Futura tel. +48 533955593, <\/strong><a href=\"mailto:filharmonia@filharmoniafutura.pl\"><strong>filharmonia@filharmoniafutura.pl<\/strong><\/a><strong>, www.filharmoniafutura.pl<\/strong><\/p>\n<p><strong>CZAS TRWANIA: 90 min.<\/strong><\/p>\n","protected":false},"featured_media":0,"template":"","meta":[],"product_brand":[],"product_cat":[44,15,42,195],"product_tag":[],"class_list":{"0":"post-133","1":"product","2":"type-product","3":"status-publish","5":"product_cat-44","6":"product_cat-bez-kategorii","7":"product_cat-imprezy-zewnetrzne","8":"product_cat-wrzesien","10":"entry","12":"first","13":"instock","14":"shipping-taxable","15":"product-type-simple","16":"has-product-nav","17":"col","18":"span_1_of_3","19":"owp-content-center","20":"owp-thumbs-layout-horizontal","21":"owp-btn-normal","22":"owp-tabs-layout-horizontal","23":"has-no-thumbnails"},"yoast_head":"<!-- This site is optimized with the Yoast SEO plugin v27.1.1 - https:\/\/yoast.com\/product\/yoast-seo-wordpress\/ -->\n<title>UPI\u00d3R W OPERETCE multimedialne widowisko-25.09.2022, godz. 13.00 - Filharmonia Podkarpacka - English<\/title>\n<meta name=\"robots\" content=\"index, follow, max-snippet:-1, max-image-preview:large, max-video-preview:-1\" \/>\n<link rel=\"canonical\" href=\"https:\/\/filharmonia.rzeszow.pl\/en\/produkt\/upior-w-operetce-multimedialne-widowisko-25-09-2022-godz-13-00\/\" \/>\n<meta property=\"og:locale\" content=\"en_US\" \/>\n<meta property=\"og:type\" content=\"article\" \/>\n<meta property=\"og:title\" content=\"UPI\u00d3R W OPERETCE multimedialne widowisko-25.09.2022, godz. 13.00 - Filharmonia Podkarpacka - English\" \/>\n<meta property=\"og:description\" content=\"DATA: 25.09.2022  GODZINA: 13:00  MIEJSCE: Filharmonia Podkarpacka  CENA: 110\/80\/60 z\u0142  SPRZEDA\u017b (GDZIE?): kasa Filharmonii Podkarpackiej;   bezpo\u015brednio u organizatora:\u00a0 tel. +48 533955593,   portal: https:\/\/www.kupbilecik.pl\/imprezy\/68886\/Rzesz%C3%B3w\/Upi%C3%B3r+w+Operetce\/  ORGANIZATOR (+telefon): Filharmonia Futura tel. +48 533955593, filharmonia@filharmoniafutura.pl, www.filharmoniafutura.pl  CZAS TRWANIA: 90 min.\" \/>\n<meta property=\"og:url\" content=\"https:\/\/filharmonia.rzeszow.pl\/en\/produkt\/upior-w-operetce-multimedialne-widowisko-25-09-2022-godz-13-00\/\" \/>\n<meta property=\"og:site_name\" content=\"Filharmonia Podkarpacka - English\" \/>\n<meta property=\"article:modified_time\" content=\"2022-02-14T12:52:31+00:00\" \/>\n<meta name=\"twitter:card\" content=\"summary_large_image\" \/>\n<meta name=\"twitter:label1\" content=\"Est. reading time\" \/>\n\t<meta name=\"twitter:data1\" content=\"1 minute\" \/>\n<script type=\"application\/ld+json\" class=\"yoast-schema-graph\">{\"@context\":\"https:\/\/schema.org\",\"@graph\":[{\"@type\":\"WebPage\",\"@id\":\"https:\/\/filharmonia.rzeszow.pl\/en\/produkt\/upior-w-operetce-multimedialne-widowisko-25-09-2022-godz-13-00\/\",\"url\":\"https:\/\/filharmonia.rzeszow.pl\/en\/produkt\/upior-w-operetce-multimedialne-widowisko-25-09-2022-godz-13-00\/\",\"name\":\"UPI\u00d3R W OPERETCE multimedialne widowisko-25.09.2022, godz. 13.00 - Filharmonia Podkarpacka - English\",\"isPartOf\":{\"@id\":\"https:\/\/filharmonia.rzeszow.pl\/en\/#website\"},\"datePublished\":\"2022-02-14T12:52:11+00:00\",\"dateModified\":\"2022-02-14T12:52:31+00:00\",\"breadcrumb\":{\"@id\":\"https:\/\/filharmonia.rzeszow.pl\/en\/produkt\/upior-w-operetce-multimedialne-widowisko-25-09-2022-godz-13-00\/#breadcrumb\"},\"inLanguage\":\"en-US\",\"potentialAction\":[{\"@type\":\"ReadAction\",\"target\":[\"https:\/\/filharmonia.rzeszow.pl\/en\/produkt\/upior-w-operetce-multimedialne-widowisko-25-09-2022-godz-13-00\/\"]}]},{\"@type\":\"BreadcrumbList\",\"@id\":\"https:\/\/filharmonia.rzeszow.pl\/en\/produkt\/upior-w-operetce-multimedialne-widowisko-25-09-2022-godz-13-00\/#breadcrumb\",\"itemListElement\":[{\"@type\":\"ListItem\",\"position\":1,\"name\":\"Strona g\u0142\u00f3wna\",\"item\":\"https:\/\/filharmonia.rzeszow.pl\/en\/\"},{\"@type\":\"ListItem\",\"position\":2,\"name\":\"Sklep\",\"item\":\"https:\/\/filharmonia.rzeszow.pl\/en\/sklep\/\"},{\"@type\":\"ListItem\",\"position\":3,\"name\":\"UPI\u00d3R W OPERETCE multimedialne widowisko-25.09.2022, godz. 13.00\"}]},{\"@type\":\"WebSite\",\"@id\":\"https:\/\/filharmonia.rzeszow.pl\/en\/#website\",\"url\":\"https:\/\/filharmonia.rzeszow.pl\/en\/\",\"name\":\"Filharmonia Podkarpacka - English\",\"description\":\"Kolejna witryna sieci &#8222;Filharmonia Podkarpacka &#8221;\",\"publisher\":{\"@id\":\"https:\/\/filharmonia.rzeszow.pl\/en\/#organization\"},\"potentialAction\":[{\"@type\":\"SearchAction\",\"target\":{\"@type\":\"EntryPoint\",\"urlTemplate\":\"https:\/\/filharmonia.rzeszow.pl\/en\/?s={search_term_string}\"},\"query-input\":{\"@type\":\"PropertyValueSpecification\",\"valueRequired\":true,\"valueName\":\"search_term_string\"}}],\"inLanguage\":\"en-US\"},{\"@type\":\"Organization\",\"@id\":\"https:\/\/filharmonia.rzeszow.pl\/en\/#organization\",\"name\":\"Filharmonia Podkarpacka - English\",\"url\":\"https:\/\/filharmonia.rzeszow.pl\/en\/\",\"logo\":{\"@type\":\"ImageObject\",\"inLanguage\":\"en-US\",\"@id\":\"https:\/\/filharmonia.rzeszow.pl\/en\/#\/schema\/logo\/image\/\",\"url\":\"https:\/\/filharmonia.rzeszow.pl\/en\/wp-content\/uploads\/sites\/2\/2022\/02\/Obszar-roboczy-2@3x.png\",\"contentUrl\":\"https:\/\/filharmonia.rzeszow.pl\/en\/wp-content\/uploads\/sites\/2\/2022\/02\/Obszar-roboczy-2@3x.png\",\"width\":2721,\"height\":1527,\"caption\":\"Filharmonia Podkarpacka - English\"},\"image\":{\"@id\":\"https:\/\/filharmonia.rzeszow.pl\/en\/#\/schema\/logo\/image\/\"}}]}<\/script>\n<!-- \/ Yoast SEO plugin. -->","yoast_head_json":{"title":"UPI\u00d3R W OPERETCE multimedialne widowisko-25.09.2022, godz. 13.00 - Filharmonia Podkarpacka - English","robots":{"index":"index","follow":"follow","max-snippet":"max-snippet:-1","max-image-preview":"max-image-preview:large","max-video-preview":"max-video-preview:-1"},"canonical":"https:\/\/filharmonia.rzeszow.pl\/en\/produkt\/upior-w-operetce-multimedialne-widowisko-25-09-2022-godz-13-00\/","og_locale":"en_US","og_type":"article","og_title":"UPI\u00d3R W OPERETCE multimedialne widowisko-25.09.2022, godz. 13.00 - Filharmonia Podkarpacka - English","og_description":"DATA: 25.09.2022  GODZINA: 13:00  MIEJSCE: Filharmonia Podkarpacka  CENA: 110\/80\/60 z\u0142  SPRZEDA\u017b (GDZIE?): kasa Filharmonii Podkarpackiej;   bezpo\u015brednio u organizatora:\u00a0 tel. +48 533955593,   portal: https:\/\/www.kupbilecik.pl\/imprezy\/68886\/Rzesz%C3%B3w\/Upi%C3%B3r+w+Operetce\/  ORGANIZATOR (+telefon): Filharmonia Futura tel. +48 533955593, filharmonia@filharmoniafutura.pl, www.filharmoniafutura.pl  CZAS TRWANIA: 90 min.","og_url":"https:\/\/filharmonia.rzeszow.pl\/en\/produkt\/upior-w-operetce-multimedialne-widowisko-25-09-2022-godz-13-00\/","og_site_name":"Filharmonia Podkarpacka - English","article_modified_time":"2022-02-14T12:52:31+00:00","twitter_card":"summary_large_image","twitter_misc":{"Est. reading time":"1 minute"},"schema":{"@context":"https:\/\/schema.org","@graph":[{"@type":"WebPage","@id":"https:\/\/filharmonia.rzeszow.pl\/en\/produkt\/upior-w-operetce-multimedialne-widowisko-25-09-2022-godz-13-00\/","url":"https:\/\/filharmonia.rzeszow.pl\/en\/produkt\/upior-w-operetce-multimedialne-widowisko-25-09-2022-godz-13-00\/","name":"UPI\u00d3R W OPERETCE multimedialne widowisko-25.09.2022, godz. 13.00 - Filharmonia Podkarpacka - English","isPartOf":{"@id":"https:\/\/filharmonia.rzeszow.pl\/en\/#website"},"datePublished":"2022-02-14T12:52:11+00:00","dateModified":"2022-02-14T12:52:31+00:00","breadcrumb":{"@id":"https:\/\/filharmonia.rzeszow.pl\/en\/produkt\/upior-w-operetce-multimedialne-widowisko-25-09-2022-godz-13-00\/#breadcrumb"},"inLanguage":"en-US","potentialAction":[{"@type":"ReadAction","target":["https:\/\/filharmonia.rzeszow.pl\/en\/produkt\/upior-w-operetce-multimedialne-widowisko-25-09-2022-godz-13-00\/"]}]},{"@type":"BreadcrumbList","@id":"https:\/\/filharmonia.rzeszow.pl\/en\/produkt\/upior-w-operetce-multimedialne-widowisko-25-09-2022-godz-13-00\/#breadcrumb","itemListElement":[{"@type":"ListItem","position":1,"name":"Strona g\u0142\u00f3wna","item":"https:\/\/filharmonia.rzeszow.pl\/en\/"},{"@type":"ListItem","position":2,"name":"Sklep","item":"https:\/\/filharmonia.rzeszow.pl\/en\/sklep\/"},{"@type":"ListItem","position":3,"name":"UPI\u00d3R W OPERETCE multimedialne widowisko-25.09.2022, godz. 13.00"}]},{"@type":"WebSite","@id":"https:\/\/filharmonia.rzeszow.pl\/en\/#website","url":"https:\/\/filharmonia.rzeszow.pl\/en\/","name":"Filharmonia Podkarpacka - English","description":"Kolejna witryna sieci &#8222;Filharmonia Podkarpacka &#8221;","publisher":{"@id":"https:\/\/filharmonia.rzeszow.pl\/en\/#organization"},"potentialAction":[{"@type":"SearchAction","target":{"@type":"EntryPoint","urlTemplate":"https:\/\/filharmonia.rzeszow.pl\/en\/?s={search_term_string}"},"query-input":{"@type":"PropertyValueSpecification","valueRequired":true,"valueName":"search_term_string"}}],"inLanguage":"en-US"},{"@type":"Organization","@id":"https:\/\/filharmonia.rzeszow.pl\/en\/#organization","name":"Filharmonia Podkarpacka - English","url":"https:\/\/filharmonia.rzeszow.pl\/en\/","logo":{"@type":"ImageObject","inLanguage":"en-US","@id":"https:\/\/filharmonia.rzeszow.pl\/en\/#\/schema\/logo\/image\/","url":"https:\/\/filharmonia.rzeszow.pl\/en\/wp-content\/uploads\/sites\/2\/2022\/02\/Obszar-roboczy-2@3x.png","contentUrl":"https:\/\/filharmonia.rzeszow.pl\/en\/wp-content\/uploads\/sites\/2\/2022\/02\/Obszar-roboczy-2@3x.png","width":2721,"height":1527,"caption":"Filharmonia Podkarpacka - English"},"image":{"@id":"https:\/\/filharmonia.rzeszow.pl\/en\/#\/schema\/logo\/image\/"}}]}},"publishpress_future_action":{"enabled":false,"date":"2026-05-08 17:52:44","action":"category","newStatus":"draft","terms":[],"taxonomy":"product_visibility","extraData":[]},"publishpress_future_workflow_manual_trigger":{"enabledWorkflows":[]},"_links":{"self":[{"href":"https:\/\/filharmonia.rzeszow.pl\/en\/wp-json\/wp\/v2\/product\/133","targetHints":{"allow":["GET"]}}],"collection":[{"href":"https:\/\/filharmonia.rzeszow.pl\/en\/wp-json\/wp\/v2\/product"}],"about":[{"href":"https:\/\/filharmonia.rzeszow.pl\/en\/wp-json\/wp\/v2\/types\/product"}],"wp:attachment":[{"href":"https:\/\/filharmonia.rzeszow.pl\/en\/wp-json\/wp\/v2\/media?parent=133"}],"wp:term":[{"taxonomy":"product_brand","embeddable":true,"href":"https:\/\/filharmonia.rzeszow.pl\/en\/wp-json\/wp\/v2\/product_brand?post=133"},{"taxonomy":"product_cat","embeddable":true,"href":"https:\/\/filharmonia.rzeszow.pl\/en\/wp-json\/wp\/v2\/product_cat?post=133"},{"taxonomy":"product_tag","embeddable":true,"href":"https:\/\/filharmonia.rzeszow.pl\/en\/wp-json\/wp\/v2\/product_tag?post=133"}],"curies":[{"name":"wp","href":"https:\/\/api.w.org\/{rel}","templated":true}]}}