{"id":1419,"date":"2022-06-01T11:00:11","date_gmt":"2022-06-01T09:00:11","guid":{"rendered":"https:\/\/filharmonia.rzeszow.pl\/en\/?post_type=product&#038;p=1419"},"modified":"2022-06-01T11:03:36","modified_gmt":"2022-06-01T09:03:36","slug":"evening-of-solidarity-with-ukraine","status":"publish","type":"product","link":"https:\/\/filharmonia.rzeszow.pl\/en\/produkt\/evening-of-solidarity-with-ukraine\/","title":{"rendered":"Evening of solidarity with Ukraine"},"content":{"rendered":"","protected":false},"excerpt":{"rendered":"<p><strong><u>2nd June 2022, Thursday, 19:00<\/u><\/strong><\/p>\n<p><strong>ORKIESTRA KAMERALNA OPERY LWOWSKIEJ<br \/>\n<\/strong><strong>IVAN CHEREDNICHENKO &#8211; conductor<br \/>\n<\/strong><strong>JUSTYNA BLUJ &#8211; soprano<br \/>\nTATYANA VAKHNOVSKA &#8211; mezzo &#8211; soprano<br \/>\n<\/strong><strong>ANDRIY CHAYKOVSKYI\u00a0 &#8211; violin<br \/>\nANDRIY KARPYAK &#8211; flute<\/strong><\/p>\n<p><strong>PIOTR KRASNOWOLSKI \u2013 <\/strong>annoncer<\/p>\n<p>Program:<br \/>\nP\u0142ynie kaczka \u2013 opracowanie ludowej pie\u015bni ukrai\u0144skiej<br \/>\nE. Stankowicz \u2013 Symfonia Kameralna nr 3<br \/>\nM. Szwed \u2013 Paralele<br \/>\nO. Kiwa \u2013 Symfonia kameralna<br \/>\nCztery wo\u0142y \u2013 opracowanie ukrai\u0144skiej pie\u015bni ludowej<br \/>\nG. Gawrylec- Chora\u0142 na instrumenty smyczkowe<br \/>\nSt. Moniuszko \u2013 aria Halki \u201eHa, dzieci\u0105tko me umiera\u201d z IV aktu opery \u201eHalka\u201d<br \/>\nW. Matjuk \u2013 Rodymyj kraju\/aran\u017cacja Rafa\u0142 K\u0142oczko<br \/>\nM. Skoryk \u2013\u00a0 Rapsodia karpacka<br \/>\nM. Skoryk \u2013 Melodia<\/p>\n","protected":false},"featured_media":1420,"template":"","meta":[],"product_brand":[],"product_cat":[17,813],"product_tag":[],"class_list":{"0":"post-1419","1":"product","2":"type-product","3":"status-publish","4":"has-post-thumbnail","6":"product_cat-archiwum","7":"product_cat-czerwiec-arch","9":"entry","10":"has-media","12":"first","13":"instock","14":"shipping-taxable","15":"product-type-simple","16":"has-product-nav","17":"col","18":"span_1_of_3","19":"owp-content-center","20":"owp-thumbs-layout-horizontal","21":"owp-btn-normal","22":"owp-tabs-layout-horizontal"},"yoast_head":"<!-- This site is optimized with the Yoast SEO plugin v27.1.1 - https:\/\/yoast.com\/product\/yoast-seo-wordpress\/ -->\n<title>Evening of solidarity with Ukraine - Filharmonia Podkarpacka - English<\/title>\n<meta name=\"robots\" content=\"index, follow, max-snippet:-1, max-image-preview:large, max-video-preview:-1\" \/>\n<link rel=\"canonical\" href=\"https:\/\/filharmonia.rzeszow.pl\/en\/produkt\/evening-of-solidarity-with-ukraine\/\" \/>\n<meta property=\"og:locale\" content=\"en_US\" \/>\n<meta property=\"og:type\" content=\"article\" \/>\n<meta property=\"og:title\" content=\"Evening of solidarity with Ukraine - Filharmonia Podkarpacka - English\" \/>\n<meta property=\"og:description\" content=\"2nd June 2022, Thursday, 19:00  ORKIESTRA KAMERALNA OPERY LWOWSKIEJ IVAN CHEREDNICHENKO - conductor JUSTYNA BLUJ - soprano TATYANA VAKHNOVSKA - mezzo - soprano ANDRIY CHAYKOVSKYI\u00a0 - violin ANDRIY KARPYAK - flute  PIOTR KRASNOWOLSKI \u2013 annoncer  Program: P\u0142ynie kaczka \u2013 opracowanie ludowej pie\u015bni ukrai\u0144skiej E. Stankowicz \u2013 Symfonia Kameralna nr 3 M. Szwed \u2013 Paralele O. Kiwa \u2013 Symfonia kameralna Cztery wo\u0142y \u2013 opracowanie ukrai\u0144skiej pie\u015bni ludowej G. Gawrylec- Chora\u0142 na instrumenty smyczkowe St. Moniuszko \u2013 aria Halki \u201eHa, dzieci\u0105tko me umiera\u201d z IV aktu opery \u201eHalka\u201d W. Matjuk \u2013 Rodymyj kraju\/aran\u017cacja Rafa\u0142 K\u0142oczko M. Skoryk \u2013\u00a0 Rapsodia karpacka M. Skoryk \u2013 Melodia\" \/>\n<meta property=\"og:url\" content=\"https:\/\/filharmonia.rzeszow.pl\/en\/produkt\/evening-of-solidarity-with-ukraine\/\" \/>\n<meta property=\"og:site_name\" content=\"Filharmonia Podkarpacka - English\" \/>\n<meta property=\"article:modified_time\" content=\"2022-06-01T09:03:36+00:00\" \/>\n<meta property=\"og:image\" content=\"https:\/\/filharmonia.rzeszow.pl\/en\/wp-content\/uploads\/sites\/2\/2022\/06\/CHerednichenko-R_L_9215-1024x683-1.jpg\" \/>\n\t<meta property=\"og:image:width\" content=\"1024\" \/>\n\t<meta property=\"og:image:height\" content=\"683\" \/>\n\t<meta property=\"og:image:type\" content=\"image\/jpeg\" \/>\n<meta name=\"twitter:card\" content=\"summary_large_image\" \/>\n<script type=\"application\/ld+json\" class=\"yoast-schema-graph\">{\"@context\":\"https:\/\/schema.org\",\"@graph\":[{\"@type\":\"WebPage\",\"@id\":\"https:\/\/filharmonia.rzeszow.pl\/en\/produkt\/evening-of-solidarity-with-ukraine\/\",\"url\":\"https:\/\/filharmonia.rzeszow.pl\/en\/produkt\/evening-of-solidarity-with-ukraine\/\",\"name\":\"Evening of solidarity with Ukraine - Filharmonia Podkarpacka - English\",\"isPartOf\":{\"@id\":\"https:\/\/filharmonia.rzeszow.pl\/en\/#website\"},\"primaryImageOfPage\":{\"@id\":\"https:\/\/filharmonia.rzeszow.pl\/en\/produkt\/evening-of-solidarity-with-ukraine\/#primaryimage\"},\"image\":{\"@id\":\"https:\/\/filharmonia.rzeszow.pl\/en\/produkt\/evening-of-solidarity-with-ukraine\/#primaryimage\"},\"thumbnailUrl\":\"https:\/\/filharmonia.rzeszow.pl\/en\/wp-content\/uploads\/sites\/2\/2022\/06\/CHerednichenko-R_L_9215-1024x683-1.jpg\",\"datePublished\":\"2022-06-01T09:00:11+00:00\",\"dateModified\":\"2022-06-01T09:03:36+00:00\",\"breadcrumb\":{\"@id\":\"https:\/\/filharmonia.rzeszow.pl\/en\/produkt\/evening-of-solidarity-with-ukraine\/#breadcrumb\"},\"inLanguage\":\"en-US\",\"potentialAction\":[{\"@type\":\"ReadAction\",\"target\":[\"https:\/\/filharmonia.rzeszow.pl\/en\/produkt\/evening-of-solidarity-with-ukraine\/\"]}]},{\"@type\":\"ImageObject\",\"inLanguage\":\"en-US\",\"@id\":\"https:\/\/filharmonia.rzeszow.pl\/en\/produkt\/evening-of-solidarity-with-ukraine\/#primaryimage\",\"url\":\"https:\/\/filharmonia.rzeszow.pl\/en\/wp-content\/uploads\/sites\/2\/2022\/06\/CHerednichenko-R_L_9215-1024x683-1.jpg\",\"contentUrl\":\"https:\/\/filharmonia.rzeszow.pl\/en\/wp-content\/uploads\/sites\/2\/2022\/06\/CHerednichenko-R_L_9215-1024x683-1.jpg\",\"width\":1024,\"height\":683},{\"@type\":\"BreadcrumbList\",\"@id\":\"https:\/\/filharmonia.rzeszow.pl\/en\/produkt\/evening-of-solidarity-with-ukraine\/#breadcrumb\",\"itemListElement\":[{\"@type\":\"ListItem\",\"position\":1,\"name\":\"Strona g\u0142\u00f3wna\",\"item\":\"https:\/\/filharmonia.rzeszow.pl\/en\/\"},{\"@type\":\"ListItem\",\"position\":2,\"name\":\"Sklep\",\"item\":\"https:\/\/filharmonia.rzeszow.pl\/en\/sklep\/\"},{\"@type\":\"ListItem\",\"position\":3,\"name\":\"Evening of solidarity with Ukraine\"}]},{\"@type\":\"WebSite\",\"@id\":\"https:\/\/filharmonia.rzeszow.pl\/en\/#website\",\"url\":\"https:\/\/filharmonia.rzeszow.pl\/en\/\",\"name\":\"Filharmonia Podkarpacka - English\",\"description\":\"Kolejna witryna sieci &#8222;Filharmonia Podkarpacka &#8221;\",\"publisher\":{\"@id\":\"https:\/\/filharmonia.rzeszow.pl\/en\/#organization\"},\"potentialAction\":[{\"@type\":\"SearchAction\",\"target\":{\"@type\":\"EntryPoint\",\"urlTemplate\":\"https:\/\/filharmonia.rzeszow.pl\/en\/?s={search_term_string}\"},\"query-input\":{\"@type\":\"PropertyValueSpecification\",\"valueRequired\":true,\"valueName\":\"search_term_string\"}}],\"inLanguage\":\"en-US\"},{\"@type\":\"Organization\",\"@id\":\"https:\/\/filharmonia.rzeszow.pl\/en\/#organization\",\"name\":\"Filharmonia Podkarpacka - English\",\"url\":\"https:\/\/filharmonia.rzeszow.pl\/en\/\",\"logo\":{\"@type\":\"ImageObject\",\"inLanguage\":\"en-US\",\"@id\":\"https:\/\/filharmonia.rzeszow.pl\/en\/#\/schema\/logo\/image\/\",\"url\":\"https:\/\/filharmonia.rzeszow.pl\/en\/wp-content\/uploads\/sites\/2\/2022\/02\/Obszar-roboczy-2@3x.png\",\"contentUrl\":\"https:\/\/filharmonia.rzeszow.pl\/en\/wp-content\/uploads\/sites\/2\/2022\/02\/Obszar-roboczy-2@3x.png\",\"width\":2721,\"height\":1527,\"caption\":\"Filharmonia Podkarpacka - English\"},\"image\":{\"@id\":\"https:\/\/filharmonia.rzeszow.pl\/en\/#\/schema\/logo\/image\/\"}}]}<\/script>\n<!-- \/ Yoast SEO plugin. -->","yoast_head_json":{"title":"Evening of solidarity with Ukraine - Filharmonia Podkarpacka - English","robots":{"index":"index","follow":"follow","max-snippet":"max-snippet:-1","max-image-preview":"max-image-preview:large","max-video-preview":"max-video-preview:-1"},"canonical":"https:\/\/filharmonia.rzeszow.pl\/en\/produkt\/evening-of-solidarity-with-ukraine\/","og_locale":"en_US","og_type":"article","og_title":"Evening of solidarity with Ukraine - Filharmonia Podkarpacka - English","og_description":"2nd June 2022, Thursday, 19:00  ORKIESTRA KAMERALNA OPERY LWOWSKIEJ IVAN CHEREDNICHENKO - conductor JUSTYNA BLUJ - soprano TATYANA VAKHNOVSKA - mezzo - soprano ANDRIY CHAYKOVSKYI\u00a0 - violin ANDRIY KARPYAK - flute  PIOTR KRASNOWOLSKI \u2013 annoncer  Program: P\u0142ynie kaczka \u2013 opracowanie ludowej pie\u015bni ukrai\u0144skiej E. Stankowicz \u2013 Symfonia Kameralna nr 3 M. Szwed \u2013 Paralele O. Kiwa \u2013 Symfonia kameralna Cztery wo\u0142y \u2013 opracowanie ukrai\u0144skiej pie\u015bni ludowej G. Gawrylec- Chora\u0142 na instrumenty smyczkowe St. Moniuszko \u2013 aria Halki \u201eHa, dzieci\u0105tko me umiera\u201d z IV aktu opery \u201eHalka\u201d W. Matjuk \u2013 Rodymyj kraju\/aran\u017cacja Rafa\u0142 K\u0142oczko M. Skoryk \u2013\u00a0 Rapsodia karpacka M. Skoryk \u2013 Melodia","og_url":"https:\/\/filharmonia.rzeszow.pl\/en\/produkt\/evening-of-solidarity-with-ukraine\/","og_site_name":"Filharmonia Podkarpacka - English","article_modified_time":"2022-06-01T09:03:36+00:00","og_image":[{"width":1024,"height":683,"url":"https:\/\/filharmonia.rzeszow.pl\/en\/wp-content\/uploads\/sites\/2\/2022\/06\/CHerednichenko-R_L_9215-1024x683-1.jpg","type":"image\/jpeg"}],"twitter_card":"summary_large_image","schema":{"@context":"https:\/\/schema.org","@graph":[{"@type":"WebPage","@id":"https:\/\/filharmonia.rzeszow.pl\/en\/produkt\/evening-of-solidarity-with-ukraine\/","url":"https:\/\/filharmonia.rzeszow.pl\/en\/produkt\/evening-of-solidarity-with-ukraine\/","name":"Evening of solidarity with Ukraine - Filharmonia Podkarpacka - English","isPartOf":{"@id":"https:\/\/filharmonia.rzeszow.pl\/en\/#website"},"primaryImageOfPage":{"@id":"https:\/\/filharmonia.rzeszow.pl\/en\/produkt\/evening-of-solidarity-with-ukraine\/#primaryimage"},"image":{"@id":"https:\/\/filharmonia.rzeszow.pl\/en\/produkt\/evening-of-solidarity-with-ukraine\/#primaryimage"},"thumbnailUrl":"https:\/\/filharmonia.rzeszow.pl\/en\/wp-content\/uploads\/sites\/2\/2022\/06\/CHerednichenko-R_L_9215-1024x683-1.jpg","datePublished":"2022-06-01T09:00:11+00:00","dateModified":"2022-06-01T09:03:36+00:00","breadcrumb":{"@id":"https:\/\/filharmonia.rzeszow.pl\/en\/produkt\/evening-of-solidarity-with-ukraine\/#breadcrumb"},"inLanguage":"en-US","potentialAction":[{"@type":"ReadAction","target":["https:\/\/filharmonia.rzeszow.pl\/en\/produkt\/evening-of-solidarity-with-ukraine\/"]}]},{"@type":"ImageObject","inLanguage":"en-US","@id":"https:\/\/filharmonia.rzeszow.pl\/en\/produkt\/evening-of-solidarity-with-ukraine\/#primaryimage","url":"https:\/\/filharmonia.rzeszow.pl\/en\/wp-content\/uploads\/sites\/2\/2022\/06\/CHerednichenko-R_L_9215-1024x683-1.jpg","contentUrl":"https:\/\/filharmonia.rzeszow.pl\/en\/wp-content\/uploads\/sites\/2\/2022\/06\/CHerednichenko-R_L_9215-1024x683-1.jpg","width":1024,"height":683},{"@type":"BreadcrumbList","@id":"https:\/\/filharmonia.rzeszow.pl\/en\/produkt\/evening-of-solidarity-with-ukraine\/#breadcrumb","itemListElement":[{"@type":"ListItem","position":1,"name":"Strona g\u0142\u00f3wna","item":"https:\/\/filharmonia.rzeszow.pl\/en\/"},{"@type":"ListItem","position":2,"name":"Sklep","item":"https:\/\/filharmonia.rzeszow.pl\/en\/sklep\/"},{"@type":"ListItem","position":3,"name":"Evening of solidarity with Ukraine"}]},{"@type":"WebSite","@id":"https:\/\/filharmonia.rzeszow.pl\/en\/#website","url":"https:\/\/filharmonia.rzeszow.pl\/en\/","name":"Filharmonia Podkarpacka - English","description":"Kolejna witryna sieci &#8222;Filharmonia Podkarpacka &#8221;","publisher":{"@id":"https:\/\/filharmonia.rzeszow.pl\/en\/#organization"},"potentialAction":[{"@type":"SearchAction","target":{"@type":"EntryPoint","urlTemplate":"https:\/\/filharmonia.rzeszow.pl\/en\/?s={search_term_string}"},"query-input":{"@type":"PropertyValueSpecification","valueRequired":true,"valueName":"search_term_string"}}],"inLanguage":"en-US"},{"@type":"Organization","@id":"https:\/\/filharmonia.rzeszow.pl\/en\/#organization","name":"Filharmonia Podkarpacka - English","url":"https:\/\/filharmonia.rzeszow.pl\/en\/","logo":{"@type":"ImageObject","inLanguage":"en-US","@id":"https:\/\/filharmonia.rzeszow.pl\/en\/#\/schema\/logo\/image\/","url":"https:\/\/filharmonia.rzeszow.pl\/en\/wp-content\/uploads\/sites\/2\/2022\/02\/Obszar-roboczy-2@3x.png","contentUrl":"https:\/\/filharmonia.rzeszow.pl\/en\/wp-content\/uploads\/sites\/2\/2022\/02\/Obszar-roboczy-2@3x.png","width":2721,"height":1527,"caption":"Filharmonia Podkarpacka - English"},"image":{"@id":"https:\/\/filharmonia.rzeszow.pl\/en\/#\/schema\/logo\/image\/"}}]}},"publishpress_future_action":{"enabled":false,"date":"2026-05-02 17:29:35","action":"category","newStatus":"draft","terms":[],"taxonomy":"product_visibility","extraData":[]},"publishpress_future_workflow_manual_trigger":{"enabledWorkflows":[]},"_links":{"self":[{"href":"https:\/\/filharmonia.rzeszow.pl\/en\/wp-json\/wp\/v2\/product\/1419","targetHints":{"allow":["GET"]}}],"collection":[{"href":"https:\/\/filharmonia.rzeszow.pl\/en\/wp-json\/wp\/v2\/product"}],"about":[{"href":"https:\/\/filharmonia.rzeszow.pl\/en\/wp-json\/wp\/v2\/types\/product"}],"wp:featuredmedia":[{"embeddable":true,"href":"https:\/\/filharmonia.rzeszow.pl\/en\/wp-json\/wp\/v2\/media\/1420"}],"wp:attachment":[{"href":"https:\/\/filharmonia.rzeszow.pl\/en\/wp-json\/wp\/v2\/media?parent=1419"}],"wp:term":[{"taxonomy":"product_brand","embeddable":true,"href":"https:\/\/filharmonia.rzeszow.pl\/en\/wp-json\/wp\/v2\/product_brand?post=1419"},{"taxonomy":"product_cat","embeddable":true,"href":"https:\/\/filharmonia.rzeszow.pl\/en\/wp-json\/wp\/v2\/product_cat?post=1419"},{"taxonomy":"product_tag","embeddable":true,"href":"https:\/\/filharmonia.rzeszow.pl\/en\/wp-json\/wp\/v2\/product_tag?post=1419"}],"curies":[{"name":"wp","href":"https:\/\/api.w.org\/{rel}","templated":true}]}}