{"id":1452,"date":"2023-01-09T12:29:04","date_gmt":"2023-01-09T11:29:04","guid":{"rendered":"https:\/\/filharmonia.rzeszow.pl\/en\/?post_type=product&#038;p=1452"},"modified":"2023-01-09T12:29:04","modified_gmt":"2023-01-09T11:29:04","slug":"epilogue-of-61-festival-in-lancut","status":"publish","type":"product","link":"https:\/\/filharmonia.rzeszow.pl\/en\/produkt\/epilogue-of-61-festival-in-lancut\/","title":{"rendered":"EPILOGUE OF 61. FESTIVAL IN LANCUT"},"content":{"rendered":"","protected":false},"excerpt":{"rendered":"<p><strong>EPILOG MUZYCZNEGO FESTIWALU W \u0141A\u0143CUCIE<br \/>\n<u>30th September 2022, Friday, 19:00<br \/>\n<\/u><\/strong>SALA BALOWA MUZEUM ZAMKU W \u0141A\u0143CUCIE<\/p>\n<p><strong>ORKIESTRA SYMFONICZNA FILHARMONII PODKARPACKIEJ<\/strong><br \/>\n<strong>TADEUSZ WOJCIECHOWSKI<\/strong> &#8211; conductor<br \/>\n<strong>CLEMENS WEIGEL<\/strong> &#8211; cello<\/p>\n<p><strong>Stefan M\u00fcnch &#8211;\u00a0<\/strong>announcer<\/p>\n<p>Program:<br \/>\nK. Kurpi\u0144ski &#8211; Uwertura do opery\u00a0<em>Kalmora<\/em><br \/>\nC. Saint-Sa\u00ebns \u2013 Koncert wiolonczelowy a &#8211; moll nr 1 op. 33<br \/>\nF. Mendelssohn &#8211; Bartholdy- IV Symfonia A &#8211; dur op. 90<\/p>\n<p>&nbsp;<\/p>\n","protected":false},"featured_media":1463,"template":"","meta":[],"product_brand":[],"product_cat":[18,17,816],"product_tag":[],"class_list":{"0":"post-1452","1":"product","2":"type-product","3":"status-publish","4":"has-post-thumbnail","6":"product_cat-2022-ar","7":"product_cat-archiwum","8":"product_cat-wrzesien-2022","10":"entry","11":"has-media","13":"first","14":"instock","15":"shipping-taxable","16":"product-type-simple","17":"has-product-nav","18":"col","19":"span_1_of_3","20":"owp-content-center","21":"owp-thumbs-layout-horizontal","22":"owp-btn-normal","23":"owp-tabs-layout-horizontal","24":"has-no-thumbnails"},"yoast_head":"<!-- This site is optimized with the Yoast SEO plugin v27.1.1 - https:\/\/yoast.com\/product\/yoast-seo-wordpress\/ -->\n<title>EPILOGUE OF 61. FESTIVAL IN LANCUT - Filharmonia Podkarpacka - English<\/title>\n<meta name=\"robots\" content=\"index, follow, max-snippet:-1, max-image-preview:large, max-video-preview:-1\" \/>\n<link rel=\"canonical\" href=\"https:\/\/filharmonia.rzeszow.pl\/en\/produkt\/epilogue-of-61-festival-in-lancut\/\" \/>\n<meta property=\"og:locale\" content=\"en_US\" \/>\n<meta property=\"og:type\" content=\"article\" \/>\n<meta property=\"og:title\" content=\"EPILOGUE OF 61. FESTIVAL IN LANCUT - Filharmonia Podkarpacka - English\" \/>\n<meta property=\"og:description\" content=\"EPILOG MUZYCZNEGO FESTIWALU W \u0141A\u0143CUCIE 30th September 2022, Friday, 19:00 SALA BALOWA MUZEUM ZAMKU W \u0141A\u0143CUCIE  ORKIESTRA SYMFONICZNA FILHARMONII PODKARPACKIEJ TADEUSZ WOJCIECHOWSKI - conductor CLEMENS WEIGEL - cello  Stefan M\u00fcnch -\u00a0announcer  Program: K. Kurpi\u0144ski - Uwertura do opery\u00a0Kalmora C. Saint-Sa\u00ebns \u2013 Koncert wiolonczelowy a - moll nr 1 op. 33 F. Mendelssohn - Bartholdy- IV Symfonia A - dur op. 90  &nbsp;\" \/>\n<meta property=\"og:url\" content=\"https:\/\/filharmonia.rzeszow.pl\/en\/produkt\/epilogue-of-61-festival-in-lancut\/\" \/>\n<meta property=\"og:site_name\" content=\"Filharmonia Podkarpacka - English\" \/>\n<meta property=\"og:image\" content=\"https:\/\/filharmonia.rzeszow.pl\/en\/wp-content\/uploads\/sites\/2\/2022\/09\/Tadeusz-WOJCIECHOWSKI-fot.-Maciej-Grabski-scaled-e1673263738913.jpg\" \/>\n\t<meta property=\"og:image:width\" content=\"1450\" \/>\n\t<meta property=\"og:image:height\" content=\"1318\" \/>\n\t<meta property=\"og:image:type\" content=\"image\/jpeg\" \/>\n<meta name=\"twitter:card\" content=\"summary_large_image\" \/>\n<script type=\"application\/ld+json\" class=\"yoast-schema-graph\">{\"@context\":\"https:\/\/schema.org\",\"@graph\":[{\"@type\":\"WebPage\",\"@id\":\"https:\/\/filharmonia.rzeszow.pl\/en\/produkt\/epilogue-of-61-festival-in-lancut\/\",\"url\":\"https:\/\/filharmonia.rzeszow.pl\/en\/produkt\/epilogue-of-61-festival-in-lancut\/\",\"name\":\"EPILOGUE OF 61. FESTIVAL IN LANCUT - Filharmonia Podkarpacka - English\",\"isPartOf\":{\"@id\":\"https:\/\/filharmonia.rzeszow.pl\/en\/#website\"},\"primaryImageOfPage\":{\"@id\":\"https:\/\/filharmonia.rzeszow.pl\/en\/produkt\/epilogue-of-61-festival-in-lancut\/#primaryimage\"},\"image\":{\"@id\":\"https:\/\/filharmonia.rzeszow.pl\/en\/produkt\/epilogue-of-61-festival-in-lancut\/#primaryimage\"},\"thumbnailUrl\":\"https:\/\/filharmonia.rzeszow.pl\/en\/wp-content\/uploads\/sites\/2\/2022\/09\/Tadeusz-WOJCIECHOWSKI-fot.-Maciej-Grabski-scaled-e1673263738913.jpg\",\"datePublished\":\"2023-01-09T11:29:04+00:00\",\"breadcrumb\":{\"@id\":\"https:\/\/filharmonia.rzeszow.pl\/en\/produkt\/epilogue-of-61-festival-in-lancut\/#breadcrumb\"},\"inLanguage\":\"en-US\",\"potentialAction\":[{\"@type\":\"ReadAction\",\"target\":[\"https:\/\/filharmonia.rzeszow.pl\/en\/produkt\/epilogue-of-61-festival-in-lancut\/\"]}]},{\"@type\":\"ImageObject\",\"inLanguage\":\"en-US\",\"@id\":\"https:\/\/filharmonia.rzeszow.pl\/en\/produkt\/epilogue-of-61-festival-in-lancut\/#primaryimage\",\"url\":\"https:\/\/filharmonia.rzeszow.pl\/en\/wp-content\/uploads\/sites\/2\/2022\/09\/Tadeusz-WOJCIECHOWSKI-fot.-Maciej-Grabski-scaled-e1673263738913.jpg\",\"contentUrl\":\"https:\/\/filharmonia.rzeszow.pl\/en\/wp-content\/uploads\/sites\/2\/2022\/09\/Tadeusz-WOJCIECHOWSKI-fot.-Maciej-Grabski-scaled-e1673263738913.jpg\",\"width\":1450,\"height\":1318,\"caption\":\"Tadeusz Wojciechowski dyrygent\"},{\"@type\":\"BreadcrumbList\",\"@id\":\"https:\/\/filharmonia.rzeszow.pl\/en\/produkt\/epilogue-of-61-festival-in-lancut\/#breadcrumb\",\"itemListElement\":[{\"@type\":\"ListItem\",\"position\":1,\"name\":\"Strona g\u0142\u00f3wna\",\"item\":\"https:\/\/filharmonia.rzeszow.pl\/en\/\"},{\"@type\":\"ListItem\",\"position\":2,\"name\":\"Sklep\",\"item\":\"https:\/\/filharmonia.rzeszow.pl\/en\/sklep\/\"},{\"@type\":\"ListItem\",\"position\":3,\"name\":\"EPILOGUE OF 61. FESTIVAL IN LANCUT\"}]},{\"@type\":\"WebSite\",\"@id\":\"https:\/\/filharmonia.rzeszow.pl\/en\/#website\",\"url\":\"https:\/\/filharmonia.rzeszow.pl\/en\/\",\"name\":\"Filharmonia Podkarpacka - English\",\"description\":\"Kolejna witryna sieci &#8222;Filharmonia Podkarpacka &#8221;\",\"publisher\":{\"@id\":\"https:\/\/filharmonia.rzeszow.pl\/en\/#organization\"},\"potentialAction\":[{\"@type\":\"SearchAction\",\"target\":{\"@type\":\"EntryPoint\",\"urlTemplate\":\"https:\/\/filharmonia.rzeszow.pl\/en\/?s={search_term_string}\"},\"query-input\":{\"@type\":\"PropertyValueSpecification\",\"valueRequired\":true,\"valueName\":\"search_term_string\"}}],\"inLanguage\":\"en-US\"},{\"@type\":\"Organization\",\"@id\":\"https:\/\/filharmonia.rzeszow.pl\/en\/#organization\",\"name\":\"Filharmonia Podkarpacka - English\",\"url\":\"https:\/\/filharmonia.rzeszow.pl\/en\/\",\"logo\":{\"@type\":\"ImageObject\",\"inLanguage\":\"en-US\",\"@id\":\"https:\/\/filharmonia.rzeszow.pl\/en\/#\/schema\/logo\/image\/\",\"url\":\"https:\/\/filharmonia.rzeszow.pl\/en\/wp-content\/uploads\/sites\/2\/2022\/02\/Obszar-roboczy-2@3x.png\",\"contentUrl\":\"https:\/\/filharmonia.rzeszow.pl\/en\/wp-content\/uploads\/sites\/2\/2022\/02\/Obszar-roboczy-2@3x.png\",\"width\":2721,\"height\":1527,\"caption\":\"Filharmonia Podkarpacka - English\"},\"image\":{\"@id\":\"https:\/\/filharmonia.rzeszow.pl\/en\/#\/schema\/logo\/image\/\"}}]}<\/script>\n<!-- \/ Yoast SEO plugin. -->","yoast_head_json":{"title":"EPILOGUE OF 61. FESTIVAL IN LANCUT - Filharmonia Podkarpacka - English","robots":{"index":"index","follow":"follow","max-snippet":"max-snippet:-1","max-image-preview":"max-image-preview:large","max-video-preview":"max-video-preview:-1"},"canonical":"https:\/\/filharmonia.rzeszow.pl\/en\/produkt\/epilogue-of-61-festival-in-lancut\/","og_locale":"en_US","og_type":"article","og_title":"EPILOGUE OF 61. FESTIVAL IN LANCUT - Filharmonia Podkarpacka - English","og_description":"EPILOG MUZYCZNEGO FESTIWALU W \u0141A\u0143CUCIE 30th September 2022, Friday, 19:00 SALA BALOWA MUZEUM ZAMKU W \u0141A\u0143CUCIE  ORKIESTRA SYMFONICZNA FILHARMONII PODKARPACKIEJ TADEUSZ WOJCIECHOWSKI - conductor CLEMENS WEIGEL - cello  Stefan M\u00fcnch -\u00a0announcer  Program: K. Kurpi\u0144ski - Uwertura do opery\u00a0Kalmora C. Saint-Sa\u00ebns \u2013 Koncert wiolonczelowy a - moll nr 1 op. 33 F. Mendelssohn - Bartholdy- IV Symfonia A - dur op. 90  &nbsp;","og_url":"https:\/\/filharmonia.rzeszow.pl\/en\/produkt\/epilogue-of-61-festival-in-lancut\/","og_site_name":"Filharmonia Podkarpacka - English","og_image":[{"width":1450,"height":1318,"url":"https:\/\/filharmonia.rzeszow.pl\/en\/wp-content\/uploads\/sites\/2\/2022\/09\/Tadeusz-WOJCIECHOWSKI-fot.-Maciej-Grabski-scaled-e1673263738913.jpg","type":"image\/jpeg"}],"twitter_card":"summary_large_image","schema":{"@context":"https:\/\/schema.org","@graph":[{"@type":"WebPage","@id":"https:\/\/filharmonia.rzeszow.pl\/en\/produkt\/epilogue-of-61-festival-in-lancut\/","url":"https:\/\/filharmonia.rzeszow.pl\/en\/produkt\/epilogue-of-61-festival-in-lancut\/","name":"EPILOGUE OF 61. FESTIVAL IN LANCUT - Filharmonia Podkarpacka - English","isPartOf":{"@id":"https:\/\/filharmonia.rzeszow.pl\/en\/#website"},"primaryImageOfPage":{"@id":"https:\/\/filharmonia.rzeszow.pl\/en\/produkt\/epilogue-of-61-festival-in-lancut\/#primaryimage"},"image":{"@id":"https:\/\/filharmonia.rzeszow.pl\/en\/produkt\/epilogue-of-61-festival-in-lancut\/#primaryimage"},"thumbnailUrl":"https:\/\/filharmonia.rzeszow.pl\/en\/wp-content\/uploads\/sites\/2\/2022\/09\/Tadeusz-WOJCIECHOWSKI-fot.-Maciej-Grabski-scaled-e1673263738913.jpg","datePublished":"2023-01-09T11:29:04+00:00","breadcrumb":{"@id":"https:\/\/filharmonia.rzeszow.pl\/en\/produkt\/epilogue-of-61-festival-in-lancut\/#breadcrumb"},"inLanguage":"en-US","potentialAction":[{"@type":"ReadAction","target":["https:\/\/filharmonia.rzeszow.pl\/en\/produkt\/epilogue-of-61-festival-in-lancut\/"]}]},{"@type":"ImageObject","inLanguage":"en-US","@id":"https:\/\/filharmonia.rzeszow.pl\/en\/produkt\/epilogue-of-61-festival-in-lancut\/#primaryimage","url":"https:\/\/filharmonia.rzeszow.pl\/en\/wp-content\/uploads\/sites\/2\/2022\/09\/Tadeusz-WOJCIECHOWSKI-fot.-Maciej-Grabski-scaled-e1673263738913.jpg","contentUrl":"https:\/\/filharmonia.rzeszow.pl\/en\/wp-content\/uploads\/sites\/2\/2022\/09\/Tadeusz-WOJCIECHOWSKI-fot.-Maciej-Grabski-scaled-e1673263738913.jpg","width":1450,"height":1318,"caption":"Tadeusz Wojciechowski dyrygent"},{"@type":"BreadcrumbList","@id":"https:\/\/filharmonia.rzeszow.pl\/en\/produkt\/epilogue-of-61-festival-in-lancut\/#breadcrumb","itemListElement":[{"@type":"ListItem","position":1,"name":"Strona g\u0142\u00f3wna","item":"https:\/\/filharmonia.rzeszow.pl\/en\/"},{"@type":"ListItem","position":2,"name":"Sklep","item":"https:\/\/filharmonia.rzeszow.pl\/en\/sklep\/"},{"@type":"ListItem","position":3,"name":"EPILOGUE OF 61. FESTIVAL IN LANCUT"}]},{"@type":"WebSite","@id":"https:\/\/filharmonia.rzeszow.pl\/en\/#website","url":"https:\/\/filharmonia.rzeszow.pl\/en\/","name":"Filharmonia Podkarpacka - English","description":"Kolejna witryna sieci &#8222;Filharmonia Podkarpacka &#8221;","publisher":{"@id":"https:\/\/filharmonia.rzeszow.pl\/en\/#organization"},"potentialAction":[{"@type":"SearchAction","target":{"@type":"EntryPoint","urlTemplate":"https:\/\/filharmonia.rzeszow.pl\/en\/?s={search_term_string}"},"query-input":{"@type":"PropertyValueSpecification","valueRequired":true,"valueName":"search_term_string"}}],"inLanguage":"en-US"},{"@type":"Organization","@id":"https:\/\/filharmonia.rzeszow.pl\/en\/#organization","name":"Filharmonia Podkarpacka - English","url":"https:\/\/filharmonia.rzeszow.pl\/en\/","logo":{"@type":"ImageObject","inLanguage":"en-US","@id":"https:\/\/filharmonia.rzeszow.pl\/en\/#\/schema\/logo\/image\/","url":"https:\/\/filharmonia.rzeszow.pl\/en\/wp-content\/uploads\/sites\/2\/2022\/02\/Obszar-roboczy-2@3x.png","contentUrl":"https:\/\/filharmonia.rzeszow.pl\/en\/wp-content\/uploads\/sites\/2\/2022\/02\/Obszar-roboczy-2@3x.png","width":2721,"height":1527,"caption":"Filharmonia Podkarpacka - English"},"image":{"@id":"https:\/\/filharmonia.rzeszow.pl\/en\/#\/schema\/logo\/image\/"}}]}},"publishpress_future_action":{"enabled":false,"date":"2026-05-03 00:25:22","action":"category","newStatus":"draft","terms":[],"taxonomy":"product_visibility","extraData":[]},"publishpress_future_workflow_manual_trigger":{"enabledWorkflows":[]},"_links":{"self":[{"href":"https:\/\/filharmonia.rzeszow.pl\/en\/wp-json\/wp\/v2\/product\/1452","targetHints":{"allow":["GET"]}}],"collection":[{"href":"https:\/\/filharmonia.rzeszow.pl\/en\/wp-json\/wp\/v2\/product"}],"about":[{"href":"https:\/\/filharmonia.rzeszow.pl\/en\/wp-json\/wp\/v2\/types\/product"}],"wp:featuredmedia":[{"embeddable":true,"href":"https:\/\/filharmonia.rzeszow.pl\/en\/wp-json\/wp\/v2\/media\/1463"}],"wp:attachment":[{"href":"https:\/\/filharmonia.rzeszow.pl\/en\/wp-json\/wp\/v2\/media?parent=1452"}],"wp:term":[{"taxonomy":"product_brand","embeddable":true,"href":"https:\/\/filharmonia.rzeszow.pl\/en\/wp-json\/wp\/v2\/product_brand?post=1452"},{"taxonomy":"product_cat","embeddable":true,"href":"https:\/\/filharmonia.rzeszow.pl\/en\/wp-json\/wp\/v2\/product_cat?post=1452"},{"taxonomy":"product_tag","embeddable":true,"href":"https:\/\/filharmonia.rzeszow.pl\/en\/wp-json\/wp\/v2\/product_tag?post=1452"}],"curies":[{"name":"wp","href":"https:\/\/api.w.org\/{rel}","templated":true}]}}