{"id":1472,"date":"2023-01-09T12:57:21","date_gmt":"2023-01-09T11:57:21","guid":{"rendered":"https:\/\/filharmonia.rzeszow.pl\/en\/?post_type=product&#038;p=1472"},"modified":"2023-01-09T12:57:21","modified_gmt":"2023-01-09T11:57:21","slug":"symphonic-concert-3","status":"publish","type":"product","link":"https:\/\/filharmonia.rzeszow.pl\/en\/produkt\/symphonic-concert-3\/","title":{"rendered":"Symphonic concert"},"content":{"rendered":"","protected":false},"excerpt":{"rendered":"<p><span style=\"text-decoration: underline\"><strong>28th October 2022, Friday, 19:00<\/strong><\/span><br \/>\nConcert hall<\/p>\n<p><strong>ORKIESTRA SYMFONICZNA FILHARMONII PODKARPACKIEJ<\/strong><br \/>\n<strong>JACEK ROGALA<\/strong> \u2013 conductor<br \/>\n<strong>PAULINA HORAJSKA<\/strong> &#8211; soprano<\/p>\n<p>Program:<br \/>\n<strong>W. A. Mozart:<\/strong><br \/>\nUwertura do opery <em>Don Giovanni\u00a0<\/em>kv 527<br \/>\n&#8211;\u00a0 <em>Batti, batti o bel Masetto<\/em> &#8211; aria Zerliny z opery <em>Don Giovanni\u00a0<\/em><br \/>\n&#8211;\u00a0 <em>In uomini, in soldati<\/em> &#8211; aria Despiny z <em>Cosi fan tutte<\/em> KV 588<br \/>\n&#8211;\u00a0 <em>Nel grave tormento &#8211; <\/em>aria Aspazji z <em>Mitridate<\/em>, re di Ponto KV 87<\/p>\n<p>Uwertura do opery <em>Uprowadzenie z Seraju <\/em>KV 384<br \/>\n&#8211; <em>Durch z\u00e4rtlichkeit und Schmeicheln<\/em> &#8211; aria Blondy z <em>Uprowadzenia z Seraju<\/em><br \/>\n&#8211; Der H\u00f6lle Rachearia &#8211; aria Kr\u00f3lowej Nocy z <em>Czarodziejskiego Fletu<\/em> KV 620<br \/>\n<strong><br \/>\nG. Faur\u00e9\u00a0<\/strong><br \/>\nSuita <em>Pelleas et M\u00e9lisande <\/em>op. 80<br \/>\nSuita <em>Masques et Bergamasques <\/em>op. 112<\/p>\n","protected":false},"featured_media":1473,"template":"","meta":[],"product_brand":[],"product_cat":[18,17,817],"product_tag":[],"class_list":{"0":"post-1472","1":"product","2":"type-product","3":"status-publish","4":"has-post-thumbnail","6":"product_cat-2022-ar","7":"product_cat-archiwum","8":"product_cat-pazdziernik-2022-ar","10":"entry","11":"has-media","13":"first","14":"instock","15":"shipping-taxable","16":"product-type-simple","17":"has-product-nav","18":"col","19":"span_1_of_3","20":"owp-content-center","21":"owp-thumbs-layout-horizontal","22":"owp-btn-normal","23":"owp-tabs-layout-horizontal","24":"has-no-thumbnails"},"yoast_head":"<!-- This site is optimized with the Yoast SEO plugin v27.1.1 - https:\/\/yoast.com\/product\/yoast-seo-wordpress\/ -->\n<title>Symphonic concert - Filharmonia Podkarpacka - English<\/title>\n<meta name=\"robots\" content=\"index, follow, max-snippet:-1, max-image-preview:large, max-video-preview:-1\" \/>\n<link rel=\"canonical\" href=\"https:\/\/filharmonia.rzeszow.pl\/en\/produkt\/symphonic-concert-3\/\" \/>\n<meta property=\"og:locale\" content=\"en_US\" \/>\n<meta property=\"og:type\" content=\"article\" \/>\n<meta property=\"og:title\" content=\"Symphonic concert - Filharmonia Podkarpacka - English\" \/>\n<meta property=\"og:description\" content=\"28th October 2022, Friday, 19:00 Concert hall  ORKIESTRA SYMFONICZNA FILHARMONII PODKARPACKIEJ JACEK ROGALA \u2013 conductor PAULINA HORAJSKA - soprano  Program: W. A. Mozart: Uwertura do opery Don Giovanni\u00a0kv 527 -\u00a0 Batti, batti o bel Masetto - aria Zerliny z opery Don Giovanni\u00a0 -\u00a0 In uomini, in soldati - aria Despiny z Cosi fan tutte KV 588 -\u00a0 Nel grave tormento - aria Aspazji z Mitridate, re di Ponto KV 87  Uwertura do opery Uprowadzenie z Seraju KV 384 - Durch z\u00e4rtlichkeit und Schmeicheln - aria Blondy z Uprowadzenia z Seraju - Der H\u00f6lle Rachearia - aria Kr\u00f3lowej Nocy z Czarodziejskiego Fletu KV 620  G. Faur\u00e9\u00a0 Suita Pelleas et M\u00e9lisande op. 80 Suita Masques et Bergamasques op. 112\" \/>\n<meta property=\"og:url\" content=\"https:\/\/filharmonia.rzeszow.pl\/en\/produkt\/symphonic-concert-3\/\" \/>\n<meta property=\"og:site_name\" content=\"Filharmonia Podkarpacka - English\" \/>\n<meta property=\"og:image\" content=\"https:\/\/filharmonia.rzeszow.pl\/en\/wp-content\/uploads\/sites\/2\/2023\/01\/paulina-horajska-large.png\" \/>\n\t<meta property=\"og:image:width\" content=\"1024\" \/>\n\t<meta property=\"og:image:height\" content=\"1024\" \/>\n\t<meta property=\"og:image:type\" content=\"image\/png\" \/>\n<meta name=\"twitter:card\" content=\"summary_large_image\" \/>\n<script type=\"application\/ld+json\" class=\"yoast-schema-graph\">{\"@context\":\"https:\/\/schema.org\",\"@graph\":[{\"@type\":\"WebPage\",\"@id\":\"https:\/\/filharmonia.rzeszow.pl\/en\/produkt\/symphonic-concert-3\/\",\"url\":\"https:\/\/filharmonia.rzeszow.pl\/en\/produkt\/symphonic-concert-3\/\",\"name\":\"Symphonic concert - Filharmonia Podkarpacka - English\",\"isPartOf\":{\"@id\":\"https:\/\/filharmonia.rzeszow.pl\/en\/#website\"},\"primaryImageOfPage\":{\"@id\":\"https:\/\/filharmonia.rzeszow.pl\/en\/produkt\/symphonic-concert-3\/#primaryimage\"},\"image\":{\"@id\":\"https:\/\/filharmonia.rzeszow.pl\/en\/produkt\/symphonic-concert-3\/#primaryimage\"},\"thumbnailUrl\":\"https:\/\/filharmonia.rzeszow.pl\/en\/wp-content\/uploads\/sites\/2\/2023\/01\/paulina-horajska-large.png\",\"datePublished\":\"2023-01-09T11:57:21+00:00\",\"breadcrumb\":{\"@id\":\"https:\/\/filharmonia.rzeszow.pl\/en\/produkt\/symphonic-concert-3\/#breadcrumb\"},\"inLanguage\":\"en-US\",\"potentialAction\":[{\"@type\":\"ReadAction\",\"target\":[\"https:\/\/filharmonia.rzeszow.pl\/en\/produkt\/symphonic-concert-3\/\"]}]},{\"@type\":\"ImageObject\",\"inLanguage\":\"en-US\",\"@id\":\"https:\/\/filharmonia.rzeszow.pl\/en\/produkt\/symphonic-concert-3\/#primaryimage\",\"url\":\"https:\/\/filharmonia.rzeszow.pl\/en\/wp-content\/uploads\/sites\/2\/2023\/01\/paulina-horajska-large.png\",\"contentUrl\":\"https:\/\/filharmonia.rzeszow.pl\/en\/wp-content\/uploads\/sites\/2\/2023\/01\/paulina-horajska-large.png\",\"width\":1024,\"height\":1024,\"caption\":\"Paulina Horajska sopran\"},{\"@type\":\"BreadcrumbList\",\"@id\":\"https:\/\/filharmonia.rzeszow.pl\/en\/produkt\/symphonic-concert-3\/#breadcrumb\",\"itemListElement\":[{\"@type\":\"ListItem\",\"position\":1,\"name\":\"Strona g\u0142\u00f3wna\",\"item\":\"https:\/\/filharmonia.rzeszow.pl\/en\/\"},{\"@type\":\"ListItem\",\"position\":2,\"name\":\"Sklep\",\"item\":\"https:\/\/filharmonia.rzeszow.pl\/en\/sklep\/\"},{\"@type\":\"ListItem\",\"position\":3,\"name\":\"Symphonic concert\"}]},{\"@type\":\"WebSite\",\"@id\":\"https:\/\/filharmonia.rzeszow.pl\/en\/#website\",\"url\":\"https:\/\/filharmonia.rzeszow.pl\/en\/\",\"name\":\"Filharmonia Podkarpacka - English\",\"description\":\"Kolejna witryna sieci &#8222;Filharmonia Podkarpacka &#8221;\",\"publisher\":{\"@id\":\"https:\/\/filharmonia.rzeszow.pl\/en\/#organization\"},\"potentialAction\":[{\"@type\":\"SearchAction\",\"target\":{\"@type\":\"EntryPoint\",\"urlTemplate\":\"https:\/\/filharmonia.rzeszow.pl\/en\/?s={search_term_string}\"},\"query-input\":{\"@type\":\"PropertyValueSpecification\",\"valueRequired\":true,\"valueName\":\"search_term_string\"}}],\"inLanguage\":\"en-US\"},{\"@type\":\"Organization\",\"@id\":\"https:\/\/filharmonia.rzeszow.pl\/en\/#organization\",\"name\":\"Filharmonia Podkarpacka - English\",\"url\":\"https:\/\/filharmonia.rzeszow.pl\/en\/\",\"logo\":{\"@type\":\"ImageObject\",\"inLanguage\":\"en-US\",\"@id\":\"https:\/\/filharmonia.rzeszow.pl\/en\/#\/schema\/logo\/image\/\",\"url\":\"https:\/\/filharmonia.rzeszow.pl\/en\/wp-content\/uploads\/sites\/2\/2022\/02\/Obszar-roboczy-2@3x.png\",\"contentUrl\":\"https:\/\/filharmonia.rzeszow.pl\/en\/wp-content\/uploads\/sites\/2\/2022\/02\/Obszar-roboczy-2@3x.png\",\"width\":2721,\"height\":1527,\"caption\":\"Filharmonia Podkarpacka - English\"},\"image\":{\"@id\":\"https:\/\/filharmonia.rzeszow.pl\/en\/#\/schema\/logo\/image\/\"}}]}<\/script>\n<!-- \/ Yoast SEO plugin. -->","yoast_head_json":{"title":"Symphonic concert - Filharmonia Podkarpacka - English","robots":{"index":"index","follow":"follow","max-snippet":"max-snippet:-1","max-image-preview":"max-image-preview:large","max-video-preview":"max-video-preview:-1"},"canonical":"https:\/\/filharmonia.rzeszow.pl\/en\/produkt\/symphonic-concert-3\/","og_locale":"en_US","og_type":"article","og_title":"Symphonic concert - Filharmonia Podkarpacka - English","og_description":"28th October 2022, Friday, 19:00 Concert hall  ORKIESTRA SYMFONICZNA FILHARMONII PODKARPACKIEJ JACEK ROGALA \u2013 conductor PAULINA HORAJSKA - soprano  Program: W. A. Mozart: Uwertura do opery Don Giovanni\u00a0kv 527 -\u00a0 Batti, batti o bel Masetto - aria Zerliny z opery Don Giovanni\u00a0 -\u00a0 In uomini, in soldati - aria Despiny z Cosi fan tutte KV 588 -\u00a0 Nel grave tormento - aria Aspazji z Mitridate, re di Ponto KV 87  Uwertura do opery Uprowadzenie z Seraju KV 384 - Durch z\u00e4rtlichkeit und Schmeicheln - aria Blondy z Uprowadzenia z Seraju - Der H\u00f6lle Rachearia - aria Kr\u00f3lowej Nocy z Czarodziejskiego Fletu KV 620  G. Faur\u00e9\u00a0 Suita Pelleas et M\u00e9lisande op. 80 Suita Masques et Bergamasques op. 112","og_url":"https:\/\/filharmonia.rzeszow.pl\/en\/produkt\/symphonic-concert-3\/","og_site_name":"Filharmonia Podkarpacka - English","og_image":[{"width":1024,"height":1024,"url":"https:\/\/filharmonia.rzeszow.pl\/en\/wp-content\/uploads\/sites\/2\/2023\/01\/paulina-horajska-large.png","type":"image\/png"}],"twitter_card":"summary_large_image","schema":{"@context":"https:\/\/schema.org","@graph":[{"@type":"WebPage","@id":"https:\/\/filharmonia.rzeszow.pl\/en\/produkt\/symphonic-concert-3\/","url":"https:\/\/filharmonia.rzeszow.pl\/en\/produkt\/symphonic-concert-3\/","name":"Symphonic concert - Filharmonia Podkarpacka - English","isPartOf":{"@id":"https:\/\/filharmonia.rzeszow.pl\/en\/#website"},"primaryImageOfPage":{"@id":"https:\/\/filharmonia.rzeszow.pl\/en\/produkt\/symphonic-concert-3\/#primaryimage"},"image":{"@id":"https:\/\/filharmonia.rzeszow.pl\/en\/produkt\/symphonic-concert-3\/#primaryimage"},"thumbnailUrl":"https:\/\/filharmonia.rzeszow.pl\/en\/wp-content\/uploads\/sites\/2\/2023\/01\/paulina-horajska-large.png","datePublished":"2023-01-09T11:57:21+00:00","breadcrumb":{"@id":"https:\/\/filharmonia.rzeszow.pl\/en\/produkt\/symphonic-concert-3\/#breadcrumb"},"inLanguage":"en-US","potentialAction":[{"@type":"ReadAction","target":["https:\/\/filharmonia.rzeszow.pl\/en\/produkt\/symphonic-concert-3\/"]}]},{"@type":"ImageObject","inLanguage":"en-US","@id":"https:\/\/filharmonia.rzeszow.pl\/en\/produkt\/symphonic-concert-3\/#primaryimage","url":"https:\/\/filharmonia.rzeszow.pl\/en\/wp-content\/uploads\/sites\/2\/2023\/01\/paulina-horajska-large.png","contentUrl":"https:\/\/filharmonia.rzeszow.pl\/en\/wp-content\/uploads\/sites\/2\/2023\/01\/paulina-horajska-large.png","width":1024,"height":1024,"caption":"Paulina Horajska sopran"},{"@type":"BreadcrumbList","@id":"https:\/\/filharmonia.rzeszow.pl\/en\/produkt\/symphonic-concert-3\/#breadcrumb","itemListElement":[{"@type":"ListItem","position":1,"name":"Strona g\u0142\u00f3wna","item":"https:\/\/filharmonia.rzeszow.pl\/en\/"},{"@type":"ListItem","position":2,"name":"Sklep","item":"https:\/\/filharmonia.rzeszow.pl\/en\/sklep\/"},{"@type":"ListItem","position":3,"name":"Symphonic concert"}]},{"@type":"WebSite","@id":"https:\/\/filharmonia.rzeszow.pl\/en\/#website","url":"https:\/\/filharmonia.rzeszow.pl\/en\/","name":"Filharmonia Podkarpacka - English","description":"Kolejna witryna sieci &#8222;Filharmonia Podkarpacka &#8221;","publisher":{"@id":"https:\/\/filharmonia.rzeszow.pl\/en\/#organization"},"potentialAction":[{"@type":"SearchAction","target":{"@type":"EntryPoint","urlTemplate":"https:\/\/filharmonia.rzeszow.pl\/en\/?s={search_term_string}"},"query-input":{"@type":"PropertyValueSpecification","valueRequired":true,"valueName":"search_term_string"}}],"inLanguage":"en-US"},{"@type":"Organization","@id":"https:\/\/filharmonia.rzeszow.pl\/en\/#organization","name":"Filharmonia Podkarpacka - English","url":"https:\/\/filharmonia.rzeszow.pl\/en\/","logo":{"@type":"ImageObject","inLanguage":"en-US","@id":"https:\/\/filharmonia.rzeszow.pl\/en\/#\/schema\/logo\/image\/","url":"https:\/\/filharmonia.rzeszow.pl\/en\/wp-content\/uploads\/sites\/2\/2022\/02\/Obszar-roboczy-2@3x.png","contentUrl":"https:\/\/filharmonia.rzeszow.pl\/en\/wp-content\/uploads\/sites\/2\/2022\/02\/Obszar-roboczy-2@3x.png","width":2721,"height":1527,"caption":"Filharmonia Podkarpacka - English"},"image":{"@id":"https:\/\/filharmonia.rzeszow.pl\/en\/#\/schema\/logo\/image\/"}}]}},"publishpress_future_action":{"enabled":false,"date":"2026-05-03 09:33:58","action":"category","newStatus":"draft","terms":[],"taxonomy":"product_visibility","extraData":[]},"publishpress_future_workflow_manual_trigger":{"enabledWorkflows":[]},"_links":{"self":[{"href":"https:\/\/filharmonia.rzeszow.pl\/en\/wp-json\/wp\/v2\/product\/1472","targetHints":{"allow":["GET"]}}],"collection":[{"href":"https:\/\/filharmonia.rzeszow.pl\/en\/wp-json\/wp\/v2\/product"}],"about":[{"href":"https:\/\/filharmonia.rzeszow.pl\/en\/wp-json\/wp\/v2\/types\/product"}],"wp:featuredmedia":[{"embeddable":true,"href":"https:\/\/filharmonia.rzeszow.pl\/en\/wp-json\/wp\/v2\/media\/1473"}],"wp:attachment":[{"href":"https:\/\/filharmonia.rzeszow.pl\/en\/wp-json\/wp\/v2\/media?parent=1472"}],"wp:term":[{"taxonomy":"product_brand","embeddable":true,"href":"https:\/\/filharmonia.rzeszow.pl\/en\/wp-json\/wp\/v2\/product_brand?post=1472"},{"taxonomy":"product_cat","embeddable":true,"href":"https:\/\/filharmonia.rzeszow.pl\/en\/wp-json\/wp\/v2\/product_cat?post=1472"},{"taxonomy":"product_tag","embeddable":true,"href":"https:\/\/filharmonia.rzeszow.pl\/en\/wp-json\/wp\/v2\/product_tag?post=1472"}],"curies":[{"name":"wp","href":"https:\/\/api.w.org\/{rel}","templated":true}]}}