{"id":1486,"date":"2023-01-09T14:37:11","date_gmt":"2023-01-09T13:37:11","guid":{"rendered":"https:\/\/filharmonia.rzeszow.pl\/en\/?post_type=product&#038;p=1486"},"modified":"2023-01-09T14:37:11","modified_gmt":"2023-01-09T13:37:11","slug":"symphonic-concert-5","status":"publish","type":"product","link":"https:\/\/filharmonia.rzeszow.pl\/en\/produkt\/symphonic-concert-5\/","title":{"rendered":"Symphonic concert"},"content":{"rendered":"","protected":false},"excerpt":{"rendered":"<p><span style=\"text-decoration: underline\"><strong>16th December 2022, Friday, 19:00<\/strong><\/span><br \/>\nConcert hall<\/p>\n<p><strong>ORKIESTRA FILHARMONII PODKARPACKIEJ<br \/>\nJI\u0158\u00cd PETRDL\u00cdK <\/strong>\u2013 conductor<\/p>\n<p>Program:<br \/>\nM. Skoryk \u2013 Melodia<br \/>\nW. Kilar &#8211; Orawa<br \/>\nA. Dvo\u0159\u00e1k \u2013 Ta\u0144ce s\u0142owia\u0144skie op. 72:<br \/>\n3 (11) &#8211; F-dur, Allegro &#8220;Sko\u010dn\u00e1&#8221;<br \/>\n4 (12) &#8211; Des-dur, Allegretto grazioso &#8211; ukrai\u0144ska &#8220;Dumka&#8221;<br \/>\n6 (14) &#8211; B dur, Moderato, quasi Minuetto &#8220;Polonez&#8221;<br \/>\n7 (15) &#8211; C dur, Allegro vivace &#8211; serbskie &#8220;Kolo&#8221;<br \/>\nVII Symfonia d-moll op. 70<\/p>\n<p>&nbsp;<\/p>\n<p style=\"text-align: center\">CO &#8211; ORGANIZER:<\/p>\n<p style=\"text-align: center\"><img decoding=\"async\" class=\"size-medium wp-image-3256 aligncenter\" src=\"https:\/\/filharmonia.rzeszow.pl\/wp-content\/uploads\/2022\/08\/Logo-Ambasada-Czeska-300x66.jpg\" alt=\"\" width=\"300\" height=\"66\" \/><br \/>\n<img fetchpriority=\"high\" decoding=\"async\" class=\"size-medium wp-image-3257 aligncenter\" src=\"https:\/\/filharmonia.rzeszow.pl\/wp-content\/uploads\/2022\/08\/CZESKA-REZYDENCJA-300x169.jpg\" alt=\"\" width=\"300\" height=\"169\" \/><\/p>\n","protected":false},"featured_media":141,"template":"","meta":[],"product_brand":[],"product_cat":[18,17,819],"product_tag":[],"class_list":{"0":"post-1486","1":"product","2":"type-product","3":"status-publish","4":"has-post-thumbnail","6":"product_cat-2022-ar","7":"product_cat-archiwum","8":"product_cat-grudzien-2022","10":"entry","11":"has-media","13":"first","14":"instock","15":"shipping-taxable","16":"product-type-simple","17":"has-product-nav","18":"col","19":"span_1_of_3","20":"owp-content-center","21":"owp-thumbs-layout-horizontal","22":"owp-btn-normal","23":"owp-tabs-layout-horizontal","24":"has-no-thumbnails"},"yoast_head":"<!-- This site is optimized with the Yoast SEO plugin v27.1.1 - https:\/\/yoast.com\/product\/yoast-seo-wordpress\/ -->\n<title>Symphonic concert - Filharmonia Podkarpacka - English<\/title>\n<meta name=\"robots\" content=\"index, follow, max-snippet:-1, max-image-preview:large, max-video-preview:-1\" \/>\n<link rel=\"canonical\" href=\"https:\/\/filharmonia.rzeszow.pl\/en\/produkt\/symphonic-concert-5\/\" \/>\n<meta property=\"og:locale\" content=\"en_US\" \/>\n<meta property=\"og:type\" content=\"article\" \/>\n<meta property=\"og:title\" content=\"Symphonic concert - Filharmonia Podkarpacka - English\" \/>\n<meta property=\"og:description\" content=\"16th December 2022, Friday, 19:00 Concert hall  ORKIESTRA FILHARMONII PODKARPACKIEJ JI\u0158\u00cd PETRDL\u00cdK \u2013 conductor  Program: M. Skoryk \u2013 Melodia W. Kilar - Orawa A. Dvo\u0159\u00e1k \u2013 Ta\u0144ce s\u0142owia\u0144skie op. 72: 3 (11) - F-dur, Allegro &quot;Sko\u010dn\u00e1&quot; 4 (12) - Des-dur, Allegretto grazioso - ukrai\u0144ska &quot;Dumka&quot; 6 (14) - B dur, Moderato, quasi Minuetto &quot;Polonez&quot; 7 (15) - C dur, Allegro vivace - serbskie &quot;Kolo&quot; VII Symfonia d-moll op. 70  &nbsp; CO - ORGANIZER:\" \/>\n<meta property=\"og:url\" content=\"https:\/\/filharmonia.rzeszow.pl\/en\/produkt\/symphonic-concert-5\/\" \/>\n<meta property=\"og:site_name\" content=\"Filharmonia Podkarpacka - English\" \/>\n<meta property=\"og:image\" content=\"https:\/\/filharmonia.rzeszow.pl\/en\/wp-content\/uploads\/sites\/2\/2022\/02\/Jiri-Petrdlik.jpg\" \/>\n\t<meta property=\"og:image:width\" content=\"1000\" \/>\n\t<meta property=\"og:image:height\" content=\"1500\" \/>\n\t<meta property=\"og:image:type\" content=\"image\/jpeg\" \/>\n<meta name=\"twitter:card\" content=\"summary_large_image\" \/>\n<script type=\"application\/ld+json\" class=\"yoast-schema-graph\">{\"@context\":\"https:\/\/schema.org\",\"@graph\":[{\"@type\":\"WebPage\",\"@id\":\"https:\/\/filharmonia.rzeszow.pl\/en\/produkt\/symphonic-concert-5\/\",\"url\":\"https:\/\/filharmonia.rzeszow.pl\/en\/produkt\/symphonic-concert-5\/\",\"name\":\"Symphonic concert - Filharmonia Podkarpacka - English\",\"isPartOf\":{\"@id\":\"https:\/\/filharmonia.rzeszow.pl\/en\/#website\"},\"primaryImageOfPage\":{\"@id\":\"https:\/\/filharmonia.rzeszow.pl\/en\/produkt\/symphonic-concert-5\/#primaryimage\"},\"image\":{\"@id\":\"https:\/\/filharmonia.rzeszow.pl\/en\/produkt\/symphonic-concert-5\/#primaryimage\"},\"thumbnailUrl\":\"https:\/\/filharmonia.rzeszow.pl\/en\/wp-content\/uploads\/sites\/2\/2022\/02\/Jiri-Petrdlik.jpg\",\"datePublished\":\"2023-01-09T13:37:11+00:00\",\"breadcrumb\":{\"@id\":\"https:\/\/filharmonia.rzeszow.pl\/en\/produkt\/symphonic-concert-5\/#breadcrumb\"},\"inLanguage\":\"en-US\",\"potentialAction\":[{\"@type\":\"ReadAction\",\"target\":[\"https:\/\/filharmonia.rzeszow.pl\/en\/produkt\/symphonic-concert-5\/\"]}]},{\"@type\":\"ImageObject\",\"inLanguage\":\"en-US\",\"@id\":\"https:\/\/filharmonia.rzeszow.pl\/en\/produkt\/symphonic-concert-5\/#primaryimage\",\"url\":\"https:\/\/filharmonia.rzeszow.pl\/en\/wp-content\/uploads\/sites\/2\/2022\/02\/Jiri-Petrdlik.jpg\",\"contentUrl\":\"https:\/\/filharmonia.rzeszow.pl\/en\/wp-content\/uploads\/sites\/2\/2022\/02\/Jiri-Petrdlik.jpg\",\"width\":1000,\"height\":1500,\"caption\":\"Jiri Petrdlik conductor\"},{\"@type\":\"BreadcrumbList\",\"@id\":\"https:\/\/filharmonia.rzeszow.pl\/en\/produkt\/symphonic-concert-5\/#breadcrumb\",\"itemListElement\":[{\"@type\":\"ListItem\",\"position\":1,\"name\":\"Strona g\u0142\u00f3wna\",\"item\":\"https:\/\/filharmonia.rzeszow.pl\/en\/\"},{\"@type\":\"ListItem\",\"position\":2,\"name\":\"Sklep\",\"item\":\"https:\/\/filharmonia.rzeszow.pl\/en\/sklep\/\"},{\"@type\":\"ListItem\",\"position\":3,\"name\":\"Symphonic concert\"}]},{\"@type\":\"WebSite\",\"@id\":\"https:\/\/filharmonia.rzeszow.pl\/en\/#website\",\"url\":\"https:\/\/filharmonia.rzeszow.pl\/en\/\",\"name\":\"Filharmonia Podkarpacka - English\",\"description\":\"Kolejna witryna sieci &#8222;Filharmonia Podkarpacka &#8221;\",\"publisher\":{\"@id\":\"https:\/\/filharmonia.rzeszow.pl\/en\/#organization\"},\"potentialAction\":[{\"@type\":\"SearchAction\",\"target\":{\"@type\":\"EntryPoint\",\"urlTemplate\":\"https:\/\/filharmonia.rzeszow.pl\/en\/?s={search_term_string}\"},\"query-input\":{\"@type\":\"PropertyValueSpecification\",\"valueRequired\":true,\"valueName\":\"search_term_string\"}}],\"inLanguage\":\"en-US\"},{\"@type\":\"Organization\",\"@id\":\"https:\/\/filharmonia.rzeszow.pl\/en\/#organization\",\"name\":\"Filharmonia Podkarpacka - English\",\"url\":\"https:\/\/filharmonia.rzeszow.pl\/en\/\",\"logo\":{\"@type\":\"ImageObject\",\"inLanguage\":\"en-US\",\"@id\":\"https:\/\/filharmonia.rzeszow.pl\/en\/#\/schema\/logo\/image\/\",\"url\":\"https:\/\/filharmonia.rzeszow.pl\/en\/wp-content\/uploads\/sites\/2\/2022\/02\/Obszar-roboczy-2@3x.png\",\"contentUrl\":\"https:\/\/filharmonia.rzeszow.pl\/en\/wp-content\/uploads\/sites\/2\/2022\/02\/Obszar-roboczy-2@3x.png\",\"width\":2721,\"height\":1527,\"caption\":\"Filharmonia Podkarpacka - English\"},\"image\":{\"@id\":\"https:\/\/filharmonia.rzeszow.pl\/en\/#\/schema\/logo\/image\/\"}}]}<\/script>\n<!-- \/ Yoast SEO plugin. -->","yoast_head_json":{"title":"Symphonic concert - Filharmonia Podkarpacka - English","robots":{"index":"index","follow":"follow","max-snippet":"max-snippet:-1","max-image-preview":"max-image-preview:large","max-video-preview":"max-video-preview:-1"},"canonical":"https:\/\/filharmonia.rzeszow.pl\/en\/produkt\/symphonic-concert-5\/","og_locale":"en_US","og_type":"article","og_title":"Symphonic concert - Filharmonia Podkarpacka - English","og_description":"16th December 2022, Friday, 19:00 Concert hall  ORKIESTRA FILHARMONII PODKARPACKIEJ JI\u0158\u00cd PETRDL\u00cdK \u2013 conductor  Program: M. Skoryk \u2013 Melodia W. Kilar - Orawa A. Dvo\u0159\u00e1k \u2013 Ta\u0144ce s\u0142owia\u0144skie op. 72: 3 (11) - F-dur, Allegro \"Sko\u010dn\u00e1\" 4 (12) - Des-dur, Allegretto grazioso - ukrai\u0144ska \"Dumka\" 6 (14) - B dur, Moderato, quasi Minuetto \"Polonez\" 7 (15) - C dur, Allegro vivace - serbskie \"Kolo\" VII Symfonia d-moll op. 70  &nbsp; CO - ORGANIZER:","og_url":"https:\/\/filharmonia.rzeszow.pl\/en\/produkt\/symphonic-concert-5\/","og_site_name":"Filharmonia Podkarpacka - English","og_image":[{"width":1000,"height":1500,"url":"https:\/\/filharmonia.rzeszow.pl\/en\/wp-content\/uploads\/sites\/2\/2022\/02\/Jiri-Petrdlik.jpg","type":"image\/jpeg"}],"twitter_card":"summary_large_image","schema":{"@context":"https:\/\/schema.org","@graph":[{"@type":"WebPage","@id":"https:\/\/filharmonia.rzeszow.pl\/en\/produkt\/symphonic-concert-5\/","url":"https:\/\/filharmonia.rzeszow.pl\/en\/produkt\/symphonic-concert-5\/","name":"Symphonic concert - Filharmonia Podkarpacka - English","isPartOf":{"@id":"https:\/\/filharmonia.rzeszow.pl\/en\/#website"},"primaryImageOfPage":{"@id":"https:\/\/filharmonia.rzeszow.pl\/en\/produkt\/symphonic-concert-5\/#primaryimage"},"image":{"@id":"https:\/\/filharmonia.rzeszow.pl\/en\/produkt\/symphonic-concert-5\/#primaryimage"},"thumbnailUrl":"https:\/\/filharmonia.rzeszow.pl\/en\/wp-content\/uploads\/sites\/2\/2022\/02\/Jiri-Petrdlik.jpg","datePublished":"2023-01-09T13:37:11+00:00","breadcrumb":{"@id":"https:\/\/filharmonia.rzeszow.pl\/en\/produkt\/symphonic-concert-5\/#breadcrumb"},"inLanguage":"en-US","potentialAction":[{"@type":"ReadAction","target":["https:\/\/filharmonia.rzeszow.pl\/en\/produkt\/symphonic-concert-5\/"]}]},{"@type":"ImageObject","inLanguage":"en-US","@id":"https:\/\/filharmonia.rzeszow.pl\/en\/produkt\/symphonic-concert-5\/#primaryimage","url":"https:\/\/filharmonia.rzeszow.pl\/en\/wp-content\/uploads\/sites\/2\/2022\/02\/Jiri-Petrdlik.jpg","contentUrl":"https:\/\/filharmonia.rzeszow.pl\/en\/wp-content\/uploads\/sites\/2\/2022\/02\/Jiri-Petrdlik.jpg","width":1000,"height":1500,"caption":"Jiri Petrdlik conductor"},{"@type":"BreadcrumbList","@id":"https:\/\/filharmonia.rzeszow.pl\/en\/produkt\/symphonic-concert-5\/#breadcrumb","itemListElement":[{"@type":"ListItem","position":1,"name":"Strona g\u0142\u00f3wna","item":"https:\/\/filharmonia.rzeszow.pl\/en\/"},{"@type":"ListItem","position":2,"name":"Sklep","item":"https:\/\/filharmonia.rzeszow.pl\/en\/sklep\/"},{"@type":"ListItem","position":3,"name":"Symphonic concert"}]},{"@type":"WebSite","@id":"https:\/\/filharmonia.rzeszow.pl\/en\/#website","url":"https:\/\/filharmonia.rzeszow.pl\/en\/","name":"Filharmonia Podkarpacka - English","description":"Kolejna witryna sieci &#8222;Filharmonia Podkarpacka &#8221;","publisher":{"@id":"https:\/\/filharmonia.rzeszow.pl\/en\/#organization"},"potentialAction":[{"@type":"SearchAction","target":{"@type":"EntryPoint","urlTemplate":"https:\/\/filharmonia.rzeszow.pl\/en\/?s={search_term_string}"},"query-input":{"@type":"PropertyValueSpecification","valueRequired":true,"valueName":"search_term_string"}}],"inLanguage":"en-US"},{"@type":"Organization","@id":"https:\/\/filharmonia.rzeszow.pl\/en\/#organization","name":"Filharmonia Podkarpacka - English","url":"https:\/\/filharmonia.rzeszow.pl\/en\/","logo":{"@type":"ImageObject","inLanguage":"en-US","@id":"https:\/\/filharmonia.rzeszow.pl\/en\/#\/schema\/logo\/image\/","url":"https:\/\/filharmonia.rzeszow.pl\/en\/wp-content\/uploads\/sites\/2\/2022\/02\/Obszar-roboczy-2@3x.png","contentUrl":"https:\/\/filharmonia.rzeszow.pl\/en\/wp-content\/uploads\/sites\/2\/2022\/02\/Obszar-roboczy-2@3x.png","width":2721,"height":1527,"caption":"Filharmonia Podkarpacka - English"},"image":{"@id":"https:\/\/filharmonia.rzeszow.pl\/en\/#\/schema\/logo\/image\/"}}]}},"publishpress_future_action":{"enabled":false,"date":"2026-05-03 20:56:58","action":"category","newStatus":"draft","terms":[],"taxonomy":"product_visibility","extraData":[]},"publishpress_future_workflow_manual_trigger":{"enabledWorkflows":[]},"_links":{"self":[{"href":"https:\/\/filharmonia.rzeszow.pl\/en\/wp-json\/wp\/v2\/product\/1486","targetHints":{"allow":["GET"]}}],"collection":[{"href":"https:\/\/filharmonia.rzeszow.pl\/en\/wp-json\/wp\/v2\/product"}],"about":[{"href":"https:\/\/filharmonia.rzeszow.pl\/en\/wp-json\/wp\/v2\/types\/product"}],"wp:featuredmedia":[{"embeddable":true,"href":"https:\/\/filharmonia.rzeszow.pl\/en\/wp-json\/wp\/v2\/media\/141"}],"wp:attachment":[{"href":"https:\/\/filharmonia.rzeszow.pl\/en\/wp-json\/wp\/v2\/media?parent=1486"}],"wp:term":[{"taxonomy":"product_brand","embeddable":true,"href":"https:\/\/filharmonia.rzeszow.pl\/en\/wp-json\/wp\/v2\/product_brand?post=1486"},{"taxonomy":"product_cat","embeddable":true,"href":"https:\/\/filharmonia.rzeszow.pl\/en\/wp-json\/wp\/v2\/product_cat?post=1486"},{"taxonomy":"product_tag","embeddable":true,"href":"https:\/\/filharmonia.rzeszow.pl\/en\/wp-json\/wp\/v2\/product_tag?post=1486"}],"curies":[{"name":"wp","href":"https:\/\/api.w.org\/{rel}","templated":true}]}}