{"id":1519,"date":"2023-01-10T11:16:47","date_gmt":"2023-01-10T10:16:47","guid":{"rendered":"https:\/\/filharmonia.rzeszow.pl\/en\/?post_type=product&#038;p=1519"},"modified":"2023-07-21T10:11:33","modified_gmt":"2023-07-21T08:11:33","slug":"chamber-concert-dedicated-to-cursed-soldiers","status":"publish","type":"product","link":"https:\/\/filharmonia.rzeszow.pl\/en\/produkt\/chamber-concert-dedicated-to-cursed-soldiers\/","title":{"rendered":"Chamber concert dedicated to &#8220;Cursed soldiers&#8221;"},"content":{"rendered":"","protected":false},"excerpt":{"rendered":"<p><em><strong>KONCERT KAMERALNY PAMI\u0118CI \u017bO\u0141NIERZY WYKL\u0118TYCH<\/strong><\/em><span style=\"text-decoration: underline\"><strong><br \/>\n1st March 2023, Monday, 19:00\u00a0<\/strong><\/span><br \/>\nChamber hall<\/p>\n<p><strong>JOLANTA M\u00dcNCH<\/strong> \u2013 piano<br \/>\n<b>MAGDALENA STEFANIAK<\/b>&#8211; soprano<br \/>\n<strong>PAWE\u0141 TROJAK<\/strong> \u2013 tenor<\/p>\n<p>Stefan M\u00dcNCH &#8211; announcer<\/p>\n","protected":false},"featured_media":1520,"template":"","meta":[],"product_brand":[],"product_cat":[833,843,17],"product_tag":[],"class_list":{"0":"post-1519","1":"product","2":"type-product","3":"status-publish","4":"has-post-thumbnail","6":"product_cat-2023-archiwum","7":"product_cat-marzec-2023-archiwum","8":"product_cat-archiwum","10":"entry","11":"has-media","13":"first","14":"instock","15":"shipping-taxable","16":"product-type-simple","17":"has-product-nav","18":"col","19":"span_1_of_3","20":"owp-content-center","21":"owp-thumbs-layout-horizontal","22":"owp-btn-normal","23":"owp-tabs-layout-horizontal"},"yoast_head":"<!-- This site is optimized with the Yoast SEO plugin v27.1.1 - https:\/\/yoast.com\/product\/yoast-seo-wordpress\/ -->\n<title>Chamber concert dedicated to &quot;Cursed soldiers&quot; - Filharmonia Podkarpacka - English<\/title>\n<meta name=\"robots\" content=\"index, follow, max-snippet:-1, max-image-preview:large, max-video-preview:-1\" \/>\n<link rel=\"canonical\" href=\"https:\/\/filharmonia.rzeszow.pl\/en\/produkt\/chamber-concert-dedicated-to-cursed-soldiers\/\" \/>\n<meta property=\"og:locale\" content=\"en_US\" \/>\n<meta property=\"og:type\" content=\"article\" \/>\n<meta property=\"og:title\" content=\"Chamber concert dedicated to &quot;Cursed soldiers&quot; - Filharmonia Podkarpacka - English\" \/>\n<meta property=\"og:description\" content=\"KONCERT KAMERALNY PAMI\u0118CI \u017bO\u0141NIERZY WYKL\u0118TYCH 1st March 2023, Monday, 19:00\u00a0 Chamber hall  JOLANTA M\u00dcNCH \u2013 piano MAGDALENA STEFANIAK- soprano PAWE\u0141 TROJAK \u2013 tenor  Stefan M\u00dcNCH - announcer\" \/>\n<meta property=\"og:url\" content=\"https:\/\/filharmonia.rzeszow.pl\/en\/produkt\/chamber-concert-dedicated-to-cursed-soldiers\/\" \/>\n<meta property=\"og:site_name\" content=\"Filharmonia Podkarpacka - English\" \/>\n<meta property=\"article:modified_time\" content=\"2023-07-21T08:11:33+00:00\" \/>\n<meta property=\"og:image\" content=\"https:\/\/filharmonia.rzeszow.pl\/en\/wp-content\/uploads\/sites\/2\/2023\/01\/Magdalena-Stefaniak-029_Easy-Resize.com_.jpg\" \/>\n\t<meta property=\"og:image:width\" content=\"853\" \/>\n\t<meta property=\"og:image:height\" content=\"1280\" \/>\n\t<meta property=\"og:image:type\" content=\"image\/jpeg\" \/>\n<meta name=\"twitter:card\" content=\"summary_large_image\" \/>\n<script type=\"application\/ld+json\" class=\"yoast-schema-graph\">{\"@context\":\"https:\/\/schema.org\",\"@graph\":[{\"@type\":\"WebPage\",\"@id\":\"https:\/\/filharmonia.rzeszow.pl\/en\/produkt\/chamber-concert-dedicated-to-cursed-soldiers\/\",\"url\":\"https:\/\/filharmonia.rzeszow.pl\/en\/produkt\/chamber-concert-dedicated-to-cursed-soldiers\/\",\"name\":\"Chamber concert dedicated to \\\"Cursed soldiers\\\" - Filharmonia Podkarpacka - English\",\"isPartOf\":{\"@id\":\"https:\/\/filharmonia.rzeszow.pl\/en\/#website\"},\"primaryImageOfPage\":{\"@id\":\"https:\/\/filharmonia.rzeszow.pl\/en\/produkt\/chamber-concert-dedicated-to-cursed-soldiers\/#primaryimage\"},\"image\":{\"@id\":\"https:\/\/filharmonia.rzeszow.pl\/en\/produkt\/chamber-concert-dedicated-to-cursed-soldiers\/#primaryimage\"},\"thumbnailUrl\":\"https:\/\/filharmonia.rzeszow.pl\/en\/wp-content\/uploads\/sites\/2\/2023\/01\/Magdalena-Stefaniak-029_Easy-Resize.com_.jpg\",\"datePublished\":\"2023-01-10T10:16:47+00:00\",\"dateModified\":\"2023-07-21T08:11:33+00:00\",\"breadcrumb\":{\"@id\":\"https:\/\/filharmonia.rzeszow.pl\/en\/produkt\/chamber-concert-dedicated-to-cursed-soldiers\/#breadcrumb\"},\"inLanguage\":\"en-US\",\"potentialAction\":[{\"@type\":\"ReadAction\",\"target\":[\"https:\/\/filharmonia.rzeszow.pl\/en\/produkt\/chamber-concert-dedicated-to-cursed-soldiers\/\"]}]},{\"@type\":\"ImageObject\",\"inLanguage\":\"en-US\",\"@id\":\"https:\/\/filharmonia.rzeszow.pl\/en\/produkt\/chamber-concert-dedicated-to-cursed-soldiers\/#primaryimage\",\"url\":\"https:\/\/filharmonia.rzeszow.pl\/en\/wp-content\/uploads\/sites\/2\/2023\/01\/Magdalena-Stefaniak-029_Easy-Resize.com_.jpg\",\"contentUrl\":\"https:\/\/filharmonia.rzeszow.pl\/en\/wp-content\/uploads\/sites\/2\/2023\/01\/Magdalena-Stefaniak-029_Easy-Resize.com_.jpg\",\"width\":853,\"height\":1280,\"caption\":\"Magdalena Stefaniak\"},{\"@type\":\"BreadcrumbList\",\"@id\":\"https:\/\/filharmonia.rzeszow.pl\/en\/produkt\/chamber-concert-dedicated-to-cursed-soldiers\/#breadcrumb\",\"itemListElement\":[{\"@type\":\"ListItem\",\"position\":1,\"name\":\"Strona g\u0142\u00f3wna\",\"item\":\"https:\/\/filharmonia.rzeszow.pl\/en\/\"},{\"@type\":\"ListItem\",\"position\":2,\"name\":\"Sklep\",\"item\":\"https:\/\/filharmonia.rzeszow.pl\/en\/sklep\/\"},{\"@type\":\"ListItem\",\"position\":3,\"name\":\"Chamber concert dedicated to &#8222;Cursed soldiers&#8221;\"}]},{\"@type\":\"WebSite\",\"@id\":\"https:\/\/filharmonia.rzeszow.pl\/en\/#website\",\"url\":\"https:\/\/filharmonia.rzeszow.pl\/en\/\",\"name\":\"Filharmonia Podkarpacka - English\",\"description\":\"Kolejna witryna sieci &#8222;Filharmonia Podkarpacka &#8221;\",\"publisher\":{\"@id\":\"https:\/\/filharmonia.rzeszow.pl\/en\/#organization\"},\"potentialAction\":[{\"@type\":\"SearchAction\",\"target\":{\"@type\":\"EntryPoint\",\"urlTemplate\":\"https:\/\/filharmonia.rzeszow.pl\/en\/?s={search_term_string}\"},\"query-input\":{\"@type\":\"PropertyValueSpecification\",\"valueRequired\":true,\"valueName\":\"search_term_string\"}}],\"inLanguage\":\"en-US\"},{\"@type\":\"Organization\",\"@id\":\"https:\/\/filharmonia.rzeszow.pl\/en\/#organization\",\"name\":\"Filharmonia Podkarpacka - English\",\"url\":\"https:\/\/filharmonia.rzeszow.pl\/en\/\",\"logo\":{\"@type\":\"ImageObject\",\"inLanguage\":\"en-US\",\"@id\":\"https:\/\/filharmonia.rzeszow.pl\/en\/#\/schema\/logo\/image\/\",\"url\":\"https:\/\/filharmonia.rzeszow.pl\/en\/wp-content\/uploads\/sites\/2\/2022\/02\/Obszar-roboczy-2@3x.png\",\"contentUrl\":\"https:\/\/filharmonia.rzeszow.pl\/en\/wp-content\/uploads\/sites\/2\/2022\/02\/Obszar-roboczy-2@3x.png\",\"width\":2721,\"height\":1527,\"caption\":\"Filharmonia Podkarpacka - English\"},\"image\":{\"@id\":\"https:\/\/filharmonia.rzeszow.pl\/en\/#\/schema\/logo\/image\/\"}}]}<\/script>\n<!-- \/ Yoast SEO plugin. -->","yoast_head_json":{"title":"Chamber concert dedicated to \"Cursed soldiers\" - Filharmonia Podkarpacka - English","robots":{"index":"index","follow":"follow","max-snippet":"max-snippet:-1","max-image-preview":"max-image-preview:large","max-video-preview":"max-video-preview:-1"},"canonical":"https:\/\/filharmonia.rzeszow.pl\/en\/produkt\/chamber-concert-dedicated-to-cursed-soldiers\/","og_locale":"en_US","og_type":"article","og_title":"Chamber concert dedicated to \"Cursed soldiers\" - Filharmonia Podkarpacka - English","og_description":"KONCERT KAMERALNY PAMI\u0118CI \u017bO\u0141NIERZY WYKL\u0118TYCH 1st March 2023, Monday, 19:00\u00a0 Chamber hall  JOLANTA M\u00dcNCH \u2013 piano MAGDALENA STEFANIAK- soprano PAWE\u0141 TROJAK \u2013 tenor  Stefan M\u00dcNCH - announcer","og_url":"https:\/\/filharmonia.rzeszow.pl\/en\/produkt\/chamber-concert-dedicated-to-cursed-soldiers\/","og_site_name":"Filharmonia Podkarpacka - English","article_modified_time":"2023-07-21T08:11:33+00:00","og_image":[{"width":853,"height":1280,"url":"https:\/\/filharmonia.rzeszow.pl\/en\/wp-content\/uploads\/sites\/2\/2023\/01\/Magdalena-Stefaniak-029_Easy-Resize.com_.jpg","type":"image\/jpeg"}],"twitter_card":"summary_large_image","schema":{"@context":"https:\/\/schema.org","@graph":[{"@type":"WebPage","@id":"https:\/\/filharmonia.rzeszow.pl\/en\/produkt\/chamber-concert-dedicated-to-cursed-soldiers\/","url":"https:\/\/filharmonia.rzeszow.pl\/en\/produkt\/chamber-concert-dedicated-to-cursed-soldiers\/","name":"Chamber concert dedicated to \"Cursed soldiers\" - Filharmonia Podkarpacka - English","isPartOf":{"@id":"https:\/\/filharmonia.rzeszow.pl\/en\/#website"},"primaryImageOfPage":{"@id":"https:\/\/filharmonia.rzeszow.pl\/en\/produkt\/chamber-concert-dedicated-to-cursed-soldiers\/#primaryimage"},"image":{"@id":"https:\/\/filharmonia.rzeszow.pl\/en\/produkt\/chamber-concert-dedicated-to-cursed-soldiers\/#primaryimage"},"thumbnailUrl":"https:\/\/filharmonia.rzeszow.pl\/en\/wp-content\/uploads\/sites\/2\/2023\/01\/Magdalena-Stefaniak-029_Easy-Resize.com_.jpg","datePublished":"2023-01-10T10:16:47+00:00","dateModified":"2023-07-21T08:11:33+00:00","breadcrumb":{"@id":"https:\/\/filharmonia.rzeszow.pl\/en\/produkt\/chamber-concert-dedicated-to-cursed-soldiers\/#breadcrumb"},"inLanguage":"en-US","potentialAction":[{"@type":"ReadAction","target":["https:\/\/filharmonia.rzeszow.pl\/en\/produkt\/chamber-concert-dedicated-to-cursed-soldiers\/"]}]},{"@type":"ImageObject","inLanguage":"en-US","@id":"https:\/\/filharmonia.rzeszow.pl\/en\/produkt\/chamber-concert-dedicated-to-cursed-soldiers\/#primaryimage","url":"https:\/\/filharmonia.rzeszow.pl\/en\/wp-content\/uploads\/sites\/2\/2023\/01\/Magdalena-Stefaniak-029_Easy-Resize.com_.jpg","contentUrl":"https:\/\/filharmonia.rzeszow.pl\/en\/wp-content\/uploads\/sites\/2\/2023\/01\/Magdalena-Stefaniak-029_Easy-Resize.com_.jpg","width":853,"height":1280,"caption":"Magdalena Stefaniak"},{"@type":"BreadcrumbList","@id":"https:\/\/filharmonia.rzeszow.pl\/en\/produkt\/chamber-concert-dedicated-to-cursed-soldiers\/#breadcrumb","itemListElement":[{"@type":"ListItem","position":1,"name":"Strona g\u0142\u00f3wna","item":"https:\/\/filharmonia.rzeszow.pl\/en\/"},{"@type":"ListItem","position":2,"name":"Sklep","item":"https:\/\/filharmonia.rzeszow.pl\/en\/sklep\/"},{"@type":"ListItem","position":3,"name":"Chamber concert dedicated to &#8222;Cursed soldiers&#8221;"}]},{"@type":"WebSite","@id":"https:\/\/filharmonia.rzeszow.pl\/en\/#website","url":"https:\/\/filharmonia.rzeszow.pl\/en\/","name":"Filharmonia Podkarpacka - English","description":"Kolejna witryna sieci &#8222;Filharmonia Podkarpacka &#8221;","publisher":{"@id":"https:\/\/filharmonia.rzeszow.pl\/en\/#organization"},"potentialAction":[{"@type":"SearchAction","target":{"@type":"EntryPoint","urlTemplate":"https:\/\/filharmonia.rzeszow.pl\/en\/?s={search_term_string}"},"query-input":{"@type":"PropertyValueSpecification","valueRequired":true,"valueName":"search_term_string"}}],"inLanguage":"en-US"},{"@type":"Organization","@id":"https:\/\/filharmonia.rzeszow.pl\/en\/#organization","name":"Filharmonia Podkarpacka - English","url":"https:\/\/filharmonia.rzeszow.pl\/en\/","logo":{"@type":"ImageObject","inLanguage":"en-US","@id":"https:\/\/filharmonia.rzeszow.pl\/en\/#\/schema\/logo\/image\/","url":"https:\/\/filharmonia.rzeszow.pl\/en\/wp-content\/uploads\/sites\/2\/2022\/02\/Obszar-roboczy-2@3x.png","contentUrl":"https:\/\/filharmonia.rzeszow.pl\/en\/wp-content\/uploads\/sites\/2\/2022\/02\/Obszar-roboczy-2@3x.png","width":2721,"height":1527,"caption":"Filharmonia Podkarpacka - English"},"image":{"@id":"https:\/\/filharmonia.rzeszow.pl\/en\/#\/schema\/logo\/image\/"}}]}},"publishpress_future_action":{"enabled":false,"date":"2026-05-06 14:20:02","action":"category","newStatus":"draft","terms":[],"taxonomy":"product_visibility","extraData":[]},"publishpress_future_workflow_manual_trigger":{"enabledWorkflows":[]},"_links":{"self":[{"href":"https:\/\/filharmonia.rzeszow.pl\/en\/wp-json\/wp\/v2\/product\/1519","targetHints":{"allow":["GET"]}}],"collection":[{"href":"https:\/\/filharmonia.rzeszow.pl\/en\/wp-json\/wp\/v2\/product"}],"about":[{"href":"https:\/\/filharmonia.rzeszow.pl\/en\/wp-json\/wp\/v2\/types\/product"}],"wp:featuredmedia":[{"embeddable":true,"href":"https:\/\/filharmonia.rzeszow.pl\/en\/wp-json\/wp\/v2\/media\/1520"}],"wp:attachment":[{"href":"https:\/\/filharmonia.rzeszow.pl\/en\/wp-json\/wp\/v2\/media?parent=1519"}],"wp:term":[{"taxonomy":"product_brand","embeddable":true,"href":"https:\/\/filharmonia.rzeszow.pl\/en\/wp-json\/wp\/v2\/product_brand?post=1519"},{"taxonomy":"product_cat","embeddable":true,"href":"https:\/\/filharmonia.rzeszow.pl\/en\/wp-json\/wp\/v2\/product_cat?post=1519"},{"taxonomy":"product_tag","embeddable":true,"href":"https:\/\/filharmonia.rzeszow.pl\/en\/wp-json\/wp\/v2\/product_tag?post=1519"}],"curies":[{"name":"wp","href":"https:\/\/api.w.org\/{rel}","templated":true}]}}