{"id":1620,"date":"2024-01-16T09:30:22","date_gmt":"2024-01-16T08:30:22","guid":{"rendered":"https:\/\/filharmonia.rzeszow.pl\/en\/?post_type=product&#038;p=1620"},"modified":"2024-01-16T14:42:57","modified_gmt":"2024-01-16T13:42:57","slug":"boom-tribute-to-maria-koterbska","status":"publish","type":"product","link":"https:\/\/filharmonia.rzeszow.pl\/en\/produkt\/boom-tribute-to-maria-koterbska\/","title":{"rendered":"TRIBUTE TO MARIA KOTERBSKA"},"content":{"rendered":"","protected":false},"excerpt":{"rendered":"<p class=\"single-post-title product_title entry-title\" data-swp-font-size=\"24px\"><strong style=\"font-size: 16px\"><u>BOOM 10th February 2024, Saturday, 18:00<br \/>\n<\/u><\/strong>CONCERT HALL<\/p>\n<div class=\"woocommerce-product-details__short-description\">\n<p data-swp-font-size=\"16px\"><strong>SINGERS:<br \/>\nAGNIESZKA WILCZY\u0143SKA<br \/>\nDOROTA MI\u015aKIEWICZ<br \/>\nBEATA PRZYBYTEK<br \/>\nANNA SERAFI\u0143SKA<br \/>\nMONIKA BORZYM<\/strong><\/p>\n<\/div>\n","protected":false},"featured_media":1621,"template":"","meta":[],"product_brand":[],"product_cat":[859,861,17],"product_tag":[],"class_list":{"0":"post-1620","1":"product","2":"type-product","3":"status-publish","4":"has-post-thumbnail","6":"product_cat-2024-archiwum","7":"product_cat-february-2024-archiwum","8":"product_cat-archiwum","10":"entry","11":"has-media","13":"first","14":"instock","15":"shipping-taxable","16":"product-type-simple","17":"has-product-nav","18":"col","19":"span_1_of_3","20":"owp-content-center","21":"owp-thumbs-layout-horizontal","22":"owp-btn-normal","23":"owp-tabs-layout-horizontal","24":"has-no-thumbnails"},"yoast_head":"<!-- This site is optimized with the Yoast SEO plugin v27.1.1 - https:\/\/yoast.com\/product\/yoast-seo-wordpress\/ -->\n<title>TRIBUTE TO MARIA KOTERBSKA - Filharmonia Podkarpacka - English<\/title>\n<meta name=\"robots\" content=\"index, follow, max-snippet:-1, max-image-preview:large, max-video-preview:-1\" \/>\n<link rel=\"canonical\" href=\"https:\/\/filharmonia.rzeszow.pl\/en\/produkt\/boom-tribute-to-maria-koterbska\/\" \/>\n<meta property=\"og:locale\" content=\"en_US\" \/>\n<meta property=\"og:type\" content=\"article\" \/>\n<meta property=\"og:title\" content=\"TRIBUTE TO MARIA KOTERBSKA - Filharmonia Podkarpacka - English\" \/>\n<meta property=\"og:description\" content=\"BOOM 10th February 2024, Saturday, 18:00 CONCERT HALL   SINGERS: AGNIESZKA WILCZY\u0143SKA DOROTA MI\u015aKIEWICZ BEATA PRZYBYTEK ANNA SERAFI\u0143SKA MONIKA BORZYM\" \/>\n<meta property=\"og:url\" content=\"https:\/\/filharmonia.rzeszow.pl\/en\/produkt\/boom-tribute-to-maria-koterbska\/\" \/>\n<meta property=\"og:site_name\" content=\"Filharmonia Podkarpacka - English\" \/>\n<meta property=\"article:modified_time\" content=\"2024-01-16T13:42:57+00:00\" \/>\n<meta property=\"og:image\" content=\"https:\/\/filharmonia.rzeszow.pl\/en\/wp-content\/uploads\/sites\/2\/2024\/01\/TRIBUTE-TO.png\" \/>\n\t<meta property=\"og:image:width\" content=\"1080\" \/>\n\t<meta property=\"og:image:height\" content=\"1080\" \/>\n\t<meta property=\"og:image:type\" content=\"image\/png\" \/>\n<meta name=\"twitter:card\" content=\"summary_large_image\" \/>\n<script type=\"application\/ld+json\" class=\"yoast-schema-graph\">{\"@context\":\"https:\/\/schema.org\",\"@graph\":[{\"@type\":\"WebPage\",\"@id\":\"https:\/\/filharmonia.rzeszow.pl\/en\/produkt\/boom-tribute-to-maria-koterbska\/\",\"url\":\"https:\/\/filharmonia.rzeszow.pl\/en\/produkt\/boom-tribute-to-maria-koterbska\/\",\"name\":\"TRIBUTE TO MARIA KOTERBSKA - Filharmonia Podkarpacka - English\",\"isPartOf\":{\"@id\":\"https:\/\/filharmonia.rzeszow.pl\/en\/#website\"},\"primaryImageOfPage\":{\"@id\":\"https:\/\/filharmonia.rzeszow.pl\/en\/produkt\/boom-tribute-to-maria-koterbska\/#primaryimage\"},\"image\":{\"@id\":\"https:\/\/filharmonia.rzeszow.pl\/en\/produkt\/boom-tribute-to-maria-koterbska\/#primaryimage\"},\"thumbnailUrl\":\"https:\/\/filharmonia.rzeszow.pl\/en\/wp-content\/uploads\/sites\/2\/2024\/01\/TRIBUTE-TO.png\",\"datePublished\":\"2024-01-16T08:30:22+00:00\",\"dateModified\":\"2024-01-16T13:42:57+00:00\",\"breadcrumb\":{\"@id\":\"https:\/\/filharmonia.rzeszow.pl\/en\/produkt\/boom-tribute-to-maria-koterbska\/#breadcrumb\"},\"inLanguage\":\"en-US\",\"potentialAction\":[{\"@type\":\"ReadAction\",\"target\":[\"https:\/\/filharmonia.rzeszow.pl\/en\/produkt\/boom-tribute-to-maria-koterbska\/\"]}]},{\"@type\":\"ImageObject\",\"inLanguage\":\"en-US\",\"@id\":\"https:\/\/filharmonia.rzeszow.pl\/en\/produkt\/boom-tribute-to-maria-koterbska\/#primaryimage\",\"url\":\"https:\/\/filharmonia.rzeszow.pl\/en\/wp-content\/uploads\/sites\/2\/2024\/01\/TRIBUTE-TO.png\",\"contentUrl\":\"https:\/\/filharmonia.rzeszow.pl\/en\/wp-content\/uploads\/sites\/2\/2024\/01\/TRIBUTE-TO.png\",\"width\":1080,\"height\":1080,\"caption\":\"poster of concert: Tribute to Maria Koterbska, with photos of singers\"},{\"@type\":\"BreadcrumbList\",\"@id\":\"https:\/\/filharmonia.rzeszow.pl\/en\/produkt\/boom-tribute-to-maria-koterbska\/#breadcrumb\",\"itemListElement\":[{\"@type\":\"ListItem\",\"position\":1,\"name\":\"Strona g\u0142\u00f3wna\",\"item\":\"https:\/\/filharmonia.rzeszow.pl\/en\/\"},{\"@type\":\"ListItem\",\"position\":2,\"name\":\"Sklep\",\"item\":\"https:\/\/filharmonia.rzeszow.pl\/en\/sklep\/\"},{\"@type\":\"ListItem\",\"position\":3,\"name\":\"TRIBUTE TO MARIA KOTERBSKA\"}]},{\"@type\":\"WebSite\",\"@id\":\"https:\/\/filharmonia.rzeszow.pl\/en\/#website\",\"url\":\"https:\/\/filharmonia.rzeszow.pl\/en\/\",\"name\":\"Filharmonia Podkarpacka - English\",\"description\":\"Kolejna witryna sieci &#8222;Filharmonia Podkarpacka &#8221;\",\"publisher\":{\"@id\":\"https:\/\/filharmonia.rzeszow.pl\/en\/#organization\"},\"potentialAction\":[{\"@type\":\"SearchAction\",\"target\":{\"@type\":\"EntryPoint\",\"urlTemplate\":\"https:\/\/filharmonia.rzeszow.pl\/en\/?s={search_term_string}\"},\"query-input\":{\"@type\":\"PropertyValueSpecification\",\"valueRequired\":true,\"valueName\":\"search_term_string\"}}],\"inLanguage\":\"en-US\"},{\"@type\":\"Organization\",\"@id\":\"https:\/\/filharmonia.rzeszow.pl\/en\/#organization\",\"name\":\"Filharmonia Podkarpacka - English\",\"url\":\"https:\/\/filharmonia.rzeszow.pl\/en\/\",\"logo\":{\"@type\":\"ImageObject\",\"inLanguage\":\"en-US\",\"@id\":\"https:\/\/filharmonia.rzeszow.pl\/en\/#\/schema\/logo\/image\/\",\"url\":\"https:\/\/filharmonia.rzeszow.pl\/en\/wp-content\/uploads\/sites\/2\/2022\/02\/Obszar-roboczy-2@3x.png\",\"contentUrl\":\"https:\/\/filharmonia.rzeszow.pl\/en\/wp-content\/uploads\/sites\/2\/2022\/02\/Obszar-roboczy-2@3x.png\",\"width\":2721,\"height\":1527,\"caption\":\"Filharmonia Podkarpacka - English\"},\"image\":{\"@id\":\"https:\/\/filharmonia.rzeszow.pl\/en\/#\/schema\/logo\/image\/\"}}]}<\/script>\n<!-- \/ Yoast SEO plugin. -->","yoast_head_json":{"title":"TRIBUTE TO MARIA KOTERBSKA - Filharmonia Podkarpacka - English","robots":{"index":"index","follow":"follow","max-snippet":"max-snippet:-1","max-image-preview":"max-image-preview:large","max-video-preview":"max-video-preview:-1"},"canonical":"https:\/\/filharmonia.rzeszow.pl\/en\/produkt\/boom-tribute-to-maria-koterbska\/","og_locale":"en_US","og_type":"article","og_title":"TRIBUTE TO MARIA KOTERBSKA - Filharmonia Podkarpacka - English","og_description":"BOOM 10th February 2024, Saturday, 18:00 CONCERT HALL   SINGERS: AGNIESZKA WILCZY\u0143SKA DOROTA MI\u015aKIEWICZ BEATA PRZYBYTEK ANNA SERAFI\u0143SKA MONIKA BORZYM","og_url":"https:\/\/filharmonia.rzeszow.pl\/en\/produkt\/boom-tribute-to-maria-koterbska\/","og_site_name":"Filharmonia Podkarpacka - English","article_modified_time":"2024-01-16T13:42:57+00:00","og_image":[{"width":1080,"height":1080,"url":"https:\/\/filharmonia.rzeszow.pl\/en\/wp-content\/uploads\/sites\/2\/2024\/01\/TRIBUTE-TO.png","type":"image\/png"}],"twitter_card":"summary_large_image","schema":{"@context":"https:\/\/schema.org","@graph":[{"@type":"WebPage","@id":"https:\/\/filharmonia.rzeszow.pl\/en\/produkt\/boom-tribute-to-maria-koterbska\/","url":"https:\/\/filharmonia.rzeszow.pl\/en\/produkt\/boom-tribute-to-maria-koterbska\/","name":"TRIBUTE TO MARIA KOTERBSKA - Filharmonia Podkarpacka - English","isPartOf":{"@id":"https:\/\/filharmonia.rzeszow.pl\/en\/#website"},"primaryImageOfPage":{"@id":"https:\/\/filharmonia.rzeszow.pl\/en\/produkt\/boom-tribute-to-maria-koterbska\/#primaryimage"},"image":{"@id":"https:\/\/filharmonia.rzeszow.pl\/en\/produkt\/boom-tribute-to-maria-koterbska\/#primaryimage"},"thumbnailUrl":"https:\/\/filharmonia.rzeszow.pl\/en\/wp-content\/uploads\/sites\/2\/2024\/01\/TRIBUTE-TO.png","datePublished":"2024-01-16T08:30:22+00:00","dateModified":"2024-01-16T13:42:57+00:00","breadcrumb":{"@id":"https:\/\/filharmonia.rzeszow.pl\/en\/produkt\/boom-tribute-to-maria-koterbska\/#breadcrumb"},"inLanguage":"en-US","potentialAction":[{"@type":"ReadAction","target":["https:\/\/filharmonia.rzeszow.pl\/en\/produkt\/boom-tribute-to-maria-koterbska\/"]}]},{"@type":"ImageObject","inLanguage":"en-US","@id":"https:\/\/filharmonia.rzeszow.pl\/en\/produkt\/boom-tribute-to-maria-koterbska\/#primaryimage","url":"https:\/\/filharmonia.rzeszow.pl\/en\/wp-content\/uploads\/sites\/2\/2024\/01\/TRIBUTE-TO.png","contentUrl":"https:\/\/filharmonia.rzeszow.pl\/en\/wp-content\/uploads\/sites\/2\/2024\/01\/TRIBUTE-TO.png","width":1080,"height":1080,"caption":"poster of concert: Tribute to Maria Koterbska, with photos of singers"},{"@type":"BreadcrumbList","@id":"https:\/\/filharmonia.rzeszow.pl\/en\/produkt\/boom-tribute-to-maria-koterbska\/#breadcrumb","itemListElement":[{"@type":"ListItem","position":1,"name":"Strona g\u0142\u00f3wna","item":"https:\/\/filharmonia.rzeszow.pl\/en\/"},{"@type":"ListItem","position":2,"name":"Sklep","item":"https:\/\/filharmonia.rzeszow.pl\/en\/sklep\/"},{"@type":"ListItem","position":3,"name":"TRIBUTE TO MARIA KOTERBSKA"}]},{"@type":"WebSite","@id":"https:\/\/filharmonia.rzeszow.pl\/en\/#website","url":"https:\/\/filharmonia.rzeszow.pl\/en\/","name":"Filharmonia Podkarpacka - English","description":"Kolejna witryna sieci &#8222;Filharmonia Podkarpacka &#8221;","publisher":{"@id":"https:\/\/filharmonia.rzeszow.pl\/en\/#organization"},"potentialAction":[{"@type":"SearchAction","target":{"@type":"EntryPoint","urlTemplate":"https:\/\/filharmonia.rzeszow.pl\/en\/?s={search_term_string}"},"query-input":{"@type":"PropertyValueSpecification","valueRequired":true,"valueName":"search_term_string"}}],"inLanguage":"en-US"},{"@type":"Organization","@id":"https:\/\/filharmonia.rzeszow.pl\/en\/#organization","name":"Filharmonia Podkarpacka - English","url":"https:\/\/filharmonia.rzeszow.pl\/en\/","logo":{"@type":"ImageObject","inLanguage":"en-US","@id":"https:\/\/filharmonia.rzeszow.pl\/en\/#\/schema\/logo\/image\/","url":"https:\/\/filharmonia.rzeszow.pl\/en\/wp-content\/uploads\/sites\/2\/2022\/02\/Obszar-roboczy-2@3x.png","contentUrl":"https:\/\/filharmonia.rzeszow.pl\/en\/wp-content\/uploads\/sites\/2\/2022\/02\/Obszar-roboczy-2@3x.png","width":2721,"height":1527,"caption":"Filharmonia Podkarpacka - English"},"image":{"@id":"https:\/\/filharmonia.rzeszow.pl\/en\/#\/schema\/logo\/image\/"}}]}},"publishpress_future_action":{"enabled":false,"date":"2026-05-07 15:00:31","action":"category","newStatus":"draft","terms":[],"taxonomy":"product_visibility","extraData":[]},"publishpress_future_workflow_manual_trigger":{"enabledWorkflows":[]},"_links":{"self":[{"href":"https:\/\/filharmonia.rzeszow.pl\/en\/wp-json\/wp\/v2\/product\/1620","targetHints":{"allow":["GET"]}}],"collection":[{"href":"https:\/\/filharmonia.rzeszow.pl\/en\/wp-json\/wp\/v2\/product"}],"about":[{"href":"https:\/\/filharmonia.rzeszow.pl\/en\/wp-json\/wp\/v2\/types\/product"}],"wp:featuredmedia":[{"embeddable":true,"href":"https:\/\/filharmonia.rzeszow.pl\/en\/wp-json\/wp\/v2\/media\/1621"}],"wp:attachment":[{"href":"https:\/\/filharmonia.rzeszow.pl\/en\/wp-json\/wp\/v2\/media?parent=1620"}],"wp:term":[{"taxonomy":"product_brand","embeddable":true,"href":"https:\/\/filharmonia.rzeszow.pl\/en\/wp-json\/wp\/v2\/product_brand?post=1620"},{"taxonomy":"product_cat","embeddable":true,"href":"https:\/\/filharmonia.rzeszow.pl\/en\/wp-json\/wp\/v2\/product_cat?post=1620"},{"taxonomy":"product_tag","embeddable":true,"href":"https:\/\/filharmonia.rzeszow.pl\/en\/wp-json\/wp\/v2\/product_tag?post=1620"}],"curies":[{"name":"wp","href":"https:\/\/api.w.org\/{rel}","templated":true}]}}