{"id":165,"date":"2022-02-14T13:52:34","date_gmt":"2022-02-14T12:52:34","guid":{"rendered":"https:\/\/filharmonia.rzeszow.pl\/en\/?post_type=product&#038;p=165"},"modified":"2022-03-14T12:18:56","modified_gmt":"2022-03-14T11:18:56","slug":"stanislawa-celinska-symfonicznie","status":"publish","type":"product","link":"https:\/\/filharmonia.rzeszow.pl\/en\/produkt\/stanislawa-celinska-symfonicznie\/","title":{"rendered":"SYMPHONIC CONCERT OF STANIS\u0141AWA CELI\u0143SKA"},"content":{"rendered":"","protected":false},"excerpt":{"rendered":"<p><span style=\"text-decoration: underline\"><strong>8 March 2022, Tuesday, 19:00<br \/>\n<\/strong><\/span><strong>Concert implemented under the BOOM project\u00a0<\/strong><\/p>\n<p><strong>ORKIESTRA SYMFONICZNA FILHARMONII PODKARPACKIEJ<br \/>\nANDRZEJ BORZYM &#8211; conductor<br \/>\nSTANIS\u0141AWA CELI\u0143SKA &#8211; vocal<\/strong><\/p>\n<p>Program: songs from albums &#8220;Atramentowa&#8221;, &#8220;Jesienna&#8221;<\/p>\n<p>&nbsp;<\/p>\n<p><a href=\"https:\/\/filharmonia.rzeszow.pl\/wp-content\/uploads\/2022\/02\/Oswiadczenie-publicznosci.docx\"><strong>Przed wej\u015bciem na koncert prosimy osoby niezaszczepione o z\u0142o\u017cenie\u00a0O\u015aWIADCZENIA O STANIE ZDROWIA<\/strong><\/a><\/p>\n","protected":false},"featured_media":179,"template":"","meta":[],"product_brand":[],"product_cat":[18,17,107],"product_tag":[],"class_list":{"0":"post-165","1":"product","2":"type-product","3":"status-publish","4":"has-post-thumbnail","6":"product_cat-2022-ar","7":"product_cat-archiwum","8":"product_cat-marzec-arch","10":"entry","11":"has-media","13":"first","14":"instock","15":"shipping-taxable","16":"product-type-simple","17":"has-product-nav","18":"col","19":"span_1_of_3","20":"owp-content-center","21":"owp-thumbs-layout-horizontal","22":"owp-btn-normal","23":"owp-tabs-layout-horizontal","24":"has-no-thumbnails"},"yoast_head":"<!-- This site is optimized with the Yoast SEO plugin v27.1.1 - https:\/\/yoast.com\/product\/yoast-seo-wordpress\/ -->\n<title>SYMPHONIC CONCERT OF STANIS\u0141AWA CELI\u0143SKA - Filharmonia Podkarpacka - English<\/title>\n<meta name=\"robots\" content=\"index, follow, max-snippet:-1, max-image-preview:large, max-video-preview:-1\" \/>\n<link rel=\"canonical\" href=\"https:\/\/filharmonia.rzeszow.pl\/en\/produkt\/stanislawa-celinska-symfonicznie\/\" \/>\n<meta property=\"og:locale\" content=\"en_US\" \/>\n<meta property=\"og:type\" content=\"article\" \/>\n<meta property=\"og:title\" content=\"SYMPHONIC CONCERT OF STANIS\u0141AWA CELI\u0143SKA - Filharmonia Podkarpacka - English\" \/>\n<meta property=\"og:description\" content=\"8 March 2022, Tuesday, 19:00 Concert implemented under the BOOM project\u00a0  ORKIESTRA SYMFONICZNA FILHARMONII PODKARPACKIEJ ANDRZEJ BORZYM - conductor STANIS\u0141AWA CELI\u0143SKA - vocal  Program: songs from albums &quot;Atramentowa&quot;, &quot;Jesienna&quot;  &nbsp;  Przed wej\u015bciem na koncert prosimy osoby niezaszczepione o z\u0142o\u017cenie\u00a0O\u015aWIADCZENIA O STANIE ZDROWIA\" \/>\n<meta property=\"og:url\" content=\"https:\/\/filharmonia.rzeszow.pl\/en\/produkt\/stanislawa-celinska-symfonicznie\/\" \/>\n<meta property=\"og:site_name\" content=\"Filharmonia Podkarpacka - English\" \/>\n<meta property=\"article:modified_time\" content=\"2022-03-14T11:18:56+00:00\" \/>\n<meta property=\"og:image\" content=\"https:\/\/filharmonia.rzeszow.pl\/en\/wp-content\/uploads\/sites\/2\/2022\/02\/Stanislawa-Celinska-KFPP-Opole-2009-fot.-Szymon-Michta-scaled-e1643808368150.jpg\" \/>\n\t<meta property=\"og:image:width\" content=\"1702\" \/>\n\t<meta property=\"og:image:height\" content=\"1510\" \/>\n\t<meta property=\"og:image:type\" content=\"image\/jpeg\" \/>\n<meta name=\"twitter:card\" content=\"summary_large_image\" \/>\n<script type=\"application\/ld+json\" class=\"yoast-schema-graph\">{\"@context\":\"https:\/\/schema.org\",\"@graph\":[{\"@type\":\"WebPage\",\"@id\":\"https:\/\/filharmonia.rzeszow.pl\/en\/produkt\/stanislawa-celinska-symfonicznie\/\",\"url\":\"https:\/\/filharmonia.rzeszow.pl\/en\/produkt\/stanislawa-celinska-symfonicznie\/\",\"name\":\"SYMPHONIC CONCERT OF STANIS\u0141AWA CELI\u0143SKA - Filharmonia Podkarpacka - English\",\"isPartOf\":{\"@id\":\"https:\/\/filharmonia.rzeszow.pl\/en\/#website\"},\"primaryImageOfPage\":{\"@id\":\"https:\/\/filharmonia.rzeszow.pl\/en\/produkt\/stanislawa-celinska-symfonicznie\/#primaryimage\"},\"image\":{\"@id\":\"https:\/\/filharmonia.rzeszow.pl\/en\/produkt\/stanislawa-celinska-symfonicznie\/#primaryimage\"},\"thumbnailUrl\":\"https:\/\/filharmonia.rzeszow.pl\/en\/wp-content\/uploads\/sites\/2\/2022\/02\/Stanislawa-Celinska-KFPP-Opole-2009-fot.-Szymon-Michta-scaled-e1643808368150.jpg\",\"datePublished\":\"2022-02-14T12:52:34+00:00\",\"dateModified\":\"2022-03-14T11:18:56+00:00\",\"breadcrumb\":{\"@id\":\"https:\/\/filharmonia.rzeszow.pl\/en\/produkt\/stanislawa-celinska-symfonicznie\/#breadcrumb\"},\"inLanguage\":\"en-US\",\"potentialAction\":[{\"@type\":\"ReadAction\",\"target\":[\"https:\/\/filharmonia.rzeszow.pl\/en\/produkt\/stanislawa-celinska-symfonicznie\/\"]}]},{\"@type\":\"ImageObject\",\"inLanguage\":\"en-US\",\"@id\":\"https:\/\/filharmonia.rzeszow.pl\/en\/produkt\/stanislawa-celinska-symfonicznie\/#primaryimage\",\"url\":\"https:\/\/filharmonia.rzeszow.pl\/en\/wp-content\/uploads\/sites\/2\/2022\/02\/Stanislawa-Celinska-KFPP-Opole-2009-fot.-Szymon-Michta-scaled-e1643808368150.jpg\",\"contentUrl\":\"https:\/\/filharmonia.rzeszow.pl\/en\/wp-content\/uploads\/sites\/2\/2022\/02\/Stanislawa-Celinska-KFPP-Opole-2009-fot.-Szymon-Michta-scaled-e1643808368150.jpg\",\"width\":1702,\"height\":1510},{\"@type\":\"BreadcrumbList\",\"@id\":\"https:\/\/filharmonia.rzeszow.pl\/en\/produkt\/stanislawa-celinska-symfonicznie\/#breadcrumb\",\"itemListElement\":[{\"@type\":\"ListItem\",\"position\":1,\"name\":\"Strona g\u0142\u00f3wna\",\"item\":\"https:\/\/filharmonia.rzeszow.pl\/en\/\"},{\"@type\":\"ListItem\",\"position\":2,\"name\":\"Sklep\",\"item\":\"https:\/\/filharmonia.rzeszow.pl\/en\/sklep\/\"},{\"@type\":\"ListItem\",\"position\":3,\"name\":\"SYMPHONIC CONCERT OF STANIS\u0141AWA CELI\u0143SKA\"}]},{\"@type\":\"WebSite\",\"@id\":\"https:\/\/filharmonia.rzeszow.pl\/en\/#website\",\"url\":\"https:\/\/filharmonia.rzeszow.pl\/en\/\",\"name\":\"Filharmonia Podkarpacka - English\",\"description\":\"Kolejna witryna sieci &#8222;Filharmonia Podkarpacka &#8221;\",\"publisher\":{\"@id\":\"https:\/\/filharmonia.rzeszow.pl\/en\/#organization\"},\"potentialAction\":[{\"@type\":\"SearchAction\",\"target\":{\"@type\":\"EntryPoint\",\"urlTemplate\":\"https:\/\/filharmonia.rzeszow.pl\/en\/?s={search_term_string}\"},\"query-input\":{\"@type\":\"PropertyValueSpecification\",\"valueRequired\":true,\"valueName\":\"search_term_string\"}}],\"inLanguage\":\"en-US\"},{\"@type\":\"Organization\",\"@id\":\"https:\/\/filharmonia.rzeszow.pl\/en\/#organization\",\"name\":\"Filharmonia Podkarpacka - English\",\"url\":\"https:\/\/filharmonia.rzeszow.pl\/en\/\",\"logo\":{\"@type\":\"ImageObject\",\"inLanguage\":\"en-US\",\"@id\":\"https:\/\/filharmonia.rzeszow.pl\/en\/#\/schema\/logo\/image\/\",\"url\":\"https:\/\/filharmonia.rzeszow.pl\/en\/wp-content\/uploads\/sites\/2\/2022\/02\/Obszar-roboczy-2@3x.png\",\"contentUrl\":\"https:\/\/filharmonia.rzeszow.pl\/en\/wp-content\/uploads\/sites\/2\/2022\/02\/Obszar-roboczy-2@3x.png\",\"width\":2721,\"height\":1527,\"caption\":\"Filharmonia Podkarpacka - English\"},\"image\":{\"@id\":\"https:\/\/filharmonia.rzeszow.pl\/en\/#\/schema\/logo\/image\/\"}}]}<\/script>\n<!-- \/ Yoast SEO plugin. -->","yoast_head_json":{"title":"SYMPHONIC CONCERT OF STANIS\u0141AWA CELI\u0143SKA - Filharmonia Podkarpacka - English","robots":{"index":"index","follow":"follow","max-snippet":"max-snippet:-1","max-image-preview":"max-image-preview:large","max-video-preview":"max-video-preview:-1"},"canonical":"https:\/\/filharmonia.rzeszow.pl\/en\/produkt\/stanislawa-celinska-symfonicznie\/","og_locale":"en_US","og_type":"article","og_title":"SYMPHONIC CONCERT OF STANIS\u0141AWA CELI\u0143SKA - Filharmonia Podkarpacka - English","og_description":"8 March 2022, Tuesday, 19:00 Concert implemented under the BOOM project\u00a0  ORKIESTRA SYMFONICZNA FILHARMONII PODKARPACKIEJ ANDRZEJ BORZYM - conductor STANIS\u0141AWA CELI\u0143SKA - vocal  Program: songs from albums \"Atramentowa\", \"Jesienna\"  &nbsp;  Przed wej\u015bciem na koncert prosimy osoby niezaszczepione o z\u0142o\u017cenie\u00a0O\u015aWIADCZENIA O STANIE ZDROWIA","og_url":"https:\/\/filharmonia.rzeszow.pl\/en\/produkt\/stanislawa-celinska-symfonicznie\/","og_site_name":"Filharmonia Podkarpacka - English","article_modified_time":"2022-03-14T11:18:56+00:00","og_image":[{"width":1702,"height":1510,"url":"https:\/\/filharmonia.rzeszow.pl\/en\/wp-content\/uploads\/sites\/2\/2022\/02\/Stanislawa-Celinska-KFPP-Opole-2009-fot.-Szymon-Michta-scaled-e1643808368150.jpg","type":"image\/jpeg"}],"twitter_card":"summary_large_image","schema":{"@context":"https:\/\/schema.org","@graph":[{"@type":"WebPage","@id":"https:\/\/filharmonia.rzeszow.pl\/en\/produkt\/stanislawa-celinska-symfonicznie\/","url":"https:\/\/filharmonia.rzeszow.pl\/en\/produkt\/stanislawa-celinska-symfonicznie\/","name":"SYMPHONIC CONCERT OF STANIS\u0141AWA CELI\u0143SKA - Filharmonia Podkarpacka - English","isPartOf":{"@id":"https:\/\/filharmonia.rzeszow.pl\/en\/#website"},"primaryImageOfPage":{"@id":"https:\/\/filharmonia.rzeszow.pl\/en\/produkt\/stanislawa-celinska-symfonicznie\/#primaryimage"},"image":{"@id":"https:\/\/filharmonia.rzeszow.pl\/en\/produkt\/stanislawa-celinska-symfonicznie\/#primaryimage"},"thumbnailUrl":"https:\/\/filharmonia.rzeszow.pl\/en\/wp-content\/uploads\/sites\/2\/2022\/02\/Stanislawa-Celinska-KFPP-Opole-2009-fot.-Szymon-Michta-scaled-e1643808368150.jpg","datePublished":"2022-02-14T12:52:34+00:00","dateModified":"2022-03-14T11:18:56+00:00","breadcrumb":{"@id":"https:\/\/filharmonia.rzeszow.pl\/en\/produkt\/stanislawa-celinska-symfonicznie\/#breadcrumb"},"inLanguage":"en-US","potentialAction":[{"@type":"ReadAction","target":["https:\/\/filharmonia.rzeszow.pl\/en\/produkt\/stanislawa-celinska-symfonicznie\/"]}]},{"@type":"ImageObject","inLanguage":"en-US","@id":"https:\/\/filharmonia.rzeszow.pl\/en\/produkt\/stanislawa-celinska-symfonicznie\/#primaryimage","url":"https:\/\/filharmonia.rzeszow.pl\/en\/wp-content\/uploads\/sites\/2\/2022\/02\/Stanislawa-Celinska-KFPP-Opole-2009-fot.-Szymon-Michta-scaled-e1643808368150.jpg","contentUrl":"https:\/\/filharmonia.rzeszow.pl\/en\/wp-content\/uploads\/sites\/2\/2022\/02\/Stanislawa-Celinska-KFPP-Opole-2009-fot.-Szymon-Michta-scaled-e1643808368150.jpg","width":1702,"height":1510},{"@type":"BreadcrumbList","@id":"https:\/\/filharmonia.rzeszow.pl\/en\/produkt\/stanislawa-celinska-symfonicznie\/#breadcrumb","itemListElement":[{"@type":"ListItem","position":1,"name":"Strona g\u0142\u00f3wna","item":"https:\/\/filharmonia.rzeszow.pl\/en\/"},{"@type":"ListItem","position":2,"name":"Sklep","item":"https:\/\/filharmonia.rzeszow.pl\/en\/sklep\/"},{"@type":"ListItem","position":3,"name":"SYMPHONIC CONCERT OF STANIS\u0141AWA CELI\u0143SKA"}]},{"@type":"WebSite","@id":"https:\/\/filharmonia.rzeszow.pl\/en\/#website","url":"https:\/\/filharmonia.rzeszow.pl\/en\/","name":"Filharmonia Podkarpacka - English","description":"Kolejna witryna sieci &#8222;Filharmonia Podkarpacka &#8221;","publisher":{"@id":"https:\/\/filharmonia.rzeszow.pl\/en\/#organization"},"potentialAction":[{"@type":"SearchAction","target":{"@type":"EntryPoint","urlTemplate":"https:\/\/filharmonia.rzeszow.pl\/en\/?s={search_term_string}"},"query-input":{"@type":"PropertyValueSpecification","valueRequired":true,"valueName":"search_term_string"}}],"inLanguage":"en-US"},{"@type":"Organization","@id":"https:\/\/filharmonia.rzeszow.pl\/en\/#organization","name":"Filharmonia Podkarpacka - English","url":"https:\/\/filharmonia.rzeszow.pl\/en\/","logo":{"@type":"ImageObject","inLanguage":"en-US","@id":"https:\/\/filharmonia.rzeszow.pl\/en\/#\/schema\/logo\/image\/","url":"https:\/\/filharmonia.rzeszow.pl\/en\/wp-content\/uploads\/sites\/2\/2022\/02\/Obszar-roboczy-2@3x.png","contentUrl":"https:\/\/filharmonia.rzeszow.pl\/en\/wp-content\/uploads\/sites\/2\/2022\/02\/Obszar-roboczy-2@3x.png","width":2721,"height":1527,"caption":"Filharmonia Podkarpacka - English"},"image":{"@id":"https:\/\/filharmonia.rzeszow.pl\/en\/#\/schema\/logo\/image\/"}}]}},"publishpress_future_action":{"enabled":false,"date":"2026-05-02 15:42:58","action":"category","newStatus":"draft","terms":[],"taxonomy":"product_visibility","extraData":[]},"publishpress_future_workflow_manual_trigger":{"enabledWorkflows":[]},"_links":{"self":[{"href":"https:\/\/filharmonia.rzeszow.pl\/en\/wp-json\/wp\/v2\/product\/165","targetHints":{"allow":["GET"]}}],"collection":[{"href":"https:\/\/filharmonia.rzeszow.pl\/en\/wp-json\/wp\/v2\/product"}],"about":[{"href":"https:\/\/filharmonia.rzeszow.pl\/en\/wp-json\/wp\/v2\/types\/product"}],"wp:featuredmedia":[{"embeddable":true,"href":"https:\/\/filharmonia.rzeszow.pl\/en\/wp-json\/wp\/v2\/media\/179"}],"wp:attachment":[{"href":"https:\/\/filharmonia.rzeszow.pl\/en\/wp-json\/wp\/v2\/media?parent=165"}],"wp:term":[{"taxonomy":"product_brand","embeddable":true,"href":"https:\/\/filharmonia.rzeszow.pl\/en\/wp-json\/wp\/v2\/product_brand?post=165"},{"taxonomy":"product_cat","embeddable":true,"href":"https:\/\/filharmonia.rzeszow.pl\/en\/wp-json\/wp\/v2\/product_cat?post=165"},{"taxonomy":"product_tag","embeddable":true,"href":"https:\/\/filharmonia.rzeszow.pl\/en\/wp-json\/wp\/v2\/product_tag?post=165"}],"curies":[{"name":"wp","href":"https:\/\/api.w.org\/{rel}","templated":true}]}}