{"id":167,"date":"2022-02-14T13:52:34","date_gmt":"2022-02-14T12:52:34","guid":{"rendered":"https:\/\/filharmonia.rzeszow.pl\/en\/?post_type=product&#038;p=167"},"modified":"2022-03-14T11:59:36","modified_gmt":"2022-03-14T10:59:36","slug":"koncert-kameralny","status":"publish","type":"product","link":"https:\/\/filharmonia.rzeszow.pl\/en\/produkt\/koncert-kameralny\/","title":{"rendered":"Chamber concert"},"content":{"rendered":"","protected":false},"excerpt":{"rendered":"<p><span style=\"text-decoration: underline\"><strong>11 March 2022, Friday,\u00a0<\/strong><\/span><\/p>\n<p><strong>MALAWSKI TRIO<br \/>\nMaciej Lulek &#8211; violin<br \/>\nBarbara \u0141ypik &#8211; Sobaniec &#8211; cello<br \/>\nS\u0142awomir Cierpik &#8211; piano<\/strong><\/p>\n<p><strong>ANNA WI\u015aLI\u0143SKA &#8211; announcer<\/strong><\/p>\n<p>&nbsp;<\/p>\n<p>Program:<br \/>\nF. Mendelssohn &#8211; Trio na fortepian, skrzypce i wiolonczel\u0119 d-moll op. 49<br \/>\nA. Malawski &#8211; Trio fortepianowe<\/p>\n<p>&nbsp;<\/p>\n","protected":false},"featured_media":180,"template":"","meta":[],"product_brand":[],"product_cat":[18,17,107],"product_tag":[],"class_list":{"0":"post-167","1":"product","2":"type-product","3":"status-publish","4":"has-post-thumbnail","6":"product_cat-2022-ar","7":"product_cat-archiwum","8":"product_cat-marzec-arch","10":"entry","11":"has-media","13":"first","14":"instock","15":"shipping-taxable","16":"product-type-simple","17":"has-product-nav","18":"col","19":"span_1_of_3","20":"owp-content-center","21":"owp-thumbs-layout-horizontal","22":"owp-btn-normal","23":"owp-tabs-layout-horizontal","24":"has-no-thumbnails"},"yoast_head":"<!-- This site is optimized with the Yoast SEO plugin v27.1.1 - https:\/\/yoast.com\/product\/yoast-seo-wordpress\/ -->\n<title>Chamber concert - Filharmonia Podkarpacka - English<\/title>\n<meta name=\"robots\" content=\"index, follow, max-snippet:-1, max-image-preview:large, max-video-preview:-1\" \/>\n<link rel=\"canonical\" href=\"https:\/\/filharmonia.rzeszow.pl\/en\/produkt\/koncert-kameralny\/\" \/>\n<meta property=\"og:locale\" content=\"en_US\" \/>\n<meta property=\"og:type\" content=\"article\" \/>\n<meta property=\"og:title\" content=\"Chamber concert - Filharmonia Podkarpacka - English\" \/>\n<meta property=\"og:description\" content=\"11 March 2022, Friday,\u00a0  MALAWSKI TRIO Maciej Lulek - violin Barbara \u0141ypik - Sobaniec - cello S\u0142awomir Cierpik - piano  ANNA WI\u015aLI\u0143SKA - announcer  &nbsp;  Program: F. Mendelssohn - Trio na fortepian, skrzypce i wiolonczel\u0119 d-moll op. 49 A. Malawski - Trio fortepianowe  &nbsp;\" \/>\n<meta property=\"og:url\" content=\"https:\/\/filharmonia.rzeszow.pl\/en\/produkt\/koncert-kameralny\/\" \/>\n<meta property=\"og:site_name\" content=\"Filharmonia Podkarpacka - English\" \/>\n<meta property=\"article:modified_time\" content=\"2022-03-14T10:59:36+00:00\" \/>\n<meta property=\"og:image\" content=\"https:\/\/filharmonia.rzeszow.pl\/en\/wp-content\/uploads\/sites\/2\/2022\/02\/1-1-of-1-53-scaled-1.jpg\" \/>\n\t<meta property=\"og:image:width\" content=\"1708\" \/>\n\t<meta property=\"og:image:height\" content=\"2560\" \/>\n\t<meta property=\"og:image:type\" content=\"image\/jpeg\" \/>\n<meta name=\"twitter:card\" content=\"summary_large_image\" \/>\n<script type=\"application\/ld+json\" class=\"yoast-schema-graph\">{\"@context\":\"https:\/\/schema.org\",\"@graph\":[{\"@type\":\"WebPage\",\"@id\":\"https:\/\/filharmonia.rzeszow.pl\/en\/produkt\/koncert-kameralny\/\",\"url\":\"https:\/\/filharmonia.rzeszow.pl\/en\/produkt\/koncert-kameralny\/\",\"name\":\"Chamber concert - Filharmonia Podkarpacka - English\",\"isPartOf\":{\"@id\":\"https:\/\/filharmonia.rzeszow.pl\/en\/#website\"},\"primaryImageOfPage\":{\"@id\":\"https:\/\/filharmonia.rzeszow.pl\/en\/produkt\/koncert-kameralny\/#primaryimage\"},\"image\":{\"@id\":\"https:\/\/filharmonia.rzeszow.pl\/en\/produkt\/koncert-kameralny\/#primaryimage\"},\"thumbnailUrl\":\"https:\/\/filharmonia.rzeszow.pl\/en\/wp-content\/uploads\/sites\/2\/2022\/02\/1-1-of-1-53-scaled-1.jpg\",\"datePublished\":\"2022-02-14T12:52:34+00:00\",\"dateModified\":\"2022-03-14T10:59:36+00:00\",\"breadcrumb\":{\"@id\":\"https:\/\/filharmonia.rzeszow.pl\/en\/produkt\/koncert-kameralny\/#breadcrumb\"},\"inLanguage\":\"en-US\",\"potentialAction\":[{\"@type\":\"ReadAction\",\"target\":[\"https:\/\/filharmonia.rzeszow.pl\/en\/produkt\/koncert-kameralny\/\"]}]},{\"@type\":\"ImageObject\",\"inLanguage\":\"en-US\",\"@id\":\"https:\/\/filharmonia.rzeszow.pl\/en\/produkt\/koncert-kameralny\/#primaryimage\",\"url\":\"https:\/\/filharmonia.rzeszow.pl\/en\/wp-content\/uploads\/sites\/2\/2022\/02\/1-1-of-1-53-scaled-1.jpg\",\"contentUrl\":\"https:\/\/filharmonia.rzeszow.pl\/en\/wp-content\/uploads\/sites\/2\/2022\/02\/1-1-of-1-53-scaled-1.jpg\",\"width\":1708,\"height\":2560},{\"@type\":\"BreadcrumbList\",\"@id\":\"https:\/\/filharmonia.rzeszow.pl\/en\/produkt\/koncert-kameralny\/#breadcrumb\",\"itemListElement\":[{\"@type\":\"ListItem\",\"position\":1,\"name\":\"Strona g\u0142\u00f3wna\",\"item\":\"https:\/\/filharmonia.rzeszow.pl\/en\/\"},{\"@type\":\"ListItem\",\"position\":2,\"name\":\"Sklep\",\"item\":\"https:\/\/filharmonia.rzeszow.pl\/en\/sklep\/\"},{\"@type\":\"ListItem\",\"position\":3,\"name\":\"Chamber concert\"}]},{\"@type\":\"WebSite\",\"@id\":\"https:\/\/filharmonia.rzeszow.pl\/en\/#website\",\"url\":\"https:\/\/filharmonia.rzeszow.pl\/en\/\",\"name\":\"Filharmonia Podkarpacka - English\",\"description\":\"Kolejna witryna sieci &#8222;Filharmonia Podkarpacka &#8221;\",\"publisher\":{\"@id\":\"https:\/\/filharmonia.rzeszow.pl\/en\/#organization\"},\"potentialAction\":[{\"@type\":\"SearchAction\",\"target\":{\"@type\":\"EntryPoint\",\"urlTemplate\":\"https:\/\/filharmonia.rzeszow.pl\/en\/?s={search_term_string}\"},\"query-input\":{\"@type\":\"PropertyValueSpecification\",\"valueRequired\":true,\"valueName\":\"search_term_string\"}}],\"inLanguage\":\"en-US\"},{\"@type\":\"Organization\",\"@id\":\"https:\/\/filharmonia.rzeszow.pl\/en\/#organization\",\"name\":\"Filharmonia Podkarpacka - English\",\"url\":\"https:\/\/filharmonia.rzeszow.pl\/en\/\",\"logo\":{\"@type\":\"ImageObject\",\"inLanguage\":\"en-US\",\"@id\":\"https:\/\/filharmonia.rzeszow.pl\/en\/#\/schema\/logo\/image\/\",\"url\":\"https:\/\/filharmonia.rzeszow.pl\/en\/wp-content\/uploads\/sites\/2\/2022\/02\/Obszar-roboczy-2@3x.png\",\"contentUrl\":\"https:\/\/filharmonia.rzeszow.pl\/en\/wp-content\/uploads\/sites\/2\/2022\/02\/Obszar-roboczy-2@3x.png\",\"width\":2721,\"height\":1527,\"caption\":\"Filharmonia Podkarpacka - English\"},\"image\":{\"@id\":\"https:\/\/filharmonia.rzeszow.pl\/en\/#\/schema\/logo\/image\/\"}}]}<\/script>\n<!-- \/ Yoast SEO plugin. -->","yoast_head_json":{"title":"Chamber concert - Filharmonia Podkarpacka - English","robots":{"index":"index","follow":"follow","max-snippet":"max-snippet:-1","max-image-preview":"max-image-preview:large","max-video-preview":"max-video-preview:-1"},"canonical":"https:\/\/filharmonia.rzeszow.pl\/en\/produkt\/koncert-kameralny\/","og_locale":"en_US","og_type":"article","og_title":"Chamber concert - Filharmonia Podkarpacka - English","og_description":"11 March 2022, Friday,\u00a0  MALAWSKI TRIO Maciej Lulek - violin Barbara \u0141ypik - Sobaniec - cello S\u0142awomir Cierpik - piano  ANNA WI\u015aLI\u0143SKA - announcer  &nbsp;  Program: F. Mendelssohn - Trio na fortepian, skrzypce i wiolonczel\u0119 d-moll op. 49 A. Malawski - Trio fortepianowe  &nbsp;","og_url":"https:\/\/filharmonia.rzeszow.pl\/en\/produkt\/koncert-kameralny\/","og_site_name":"Filharmonia Podkarpacka - English","article_modified_time":"2022-03-14T10:59:36+00:00","og_image":[{"width":1708,"height":2560,"url":"https:\/\/filharmonia.rzeszow.pl\/en\/wp-content\/uploads\/sites\/2\/2022\/02\/1-1-of-1-53-scaled-1.jpg","type":"image\/jpeg"}],"twitter_card":"summary_large_image","schema":{"@context":"https:\/\/schema.org","@graph":[{"@type":"WebPage","@id":"https:\/\/filharmonia.rzeszow.pl\/en\/produkt\/koncert-kameralny\/","url":"https:\/\/filharmonia.rzeszow.pl\/en\/produkt\/koncert-kameralny\/","name":"Chamber concert - Filharmonia Podkarpacka - English","isPartOf":{"@id":"https:\/\/filharmonia.rzeszow.pl\/en\/#website"},"primaryImageOfPage":{"@id":"https:\/\/filharmonia.rzeszow.pl\/en\/produkt\/koncert-kameralny\/#primaryimage"},"image":{"@id":"https:\/\/filharmonia.rzeszow.pl\/en\/produkt\/koncert-kameralny\/#primaryimage"},"thumbnailUrl":"https:\/\/filharmonia.rzeszow.pl\/en\/wp-content\/uploads\/sites\/2\/2022\/02\/1-1-of-1-53-scaled-1.jpg","datePublished":"2022-02-14T12:52:34+00:00","dateModified":"2022-03-14T10:59:36+00:00","breadcrumb":{"@id":"https:\/\/filharmonia.rzeszow.pl\/en\/produkt\/koncert-kameralny\/#breadcrumb"},"inLanguage":"en-US","potentialAction":[{"@type":"ReadAction","target":["https:\/\/filharmonia.rzeszow.pl\/en\/produkt\/koncert-kameralny\/"]}]},{"@type":"ImageObject","inLanguage":"en-US","@id":"https:\/\/filharmonia.rzeszow.pl\/en\/produkt\/koncert-kameralny\/#primaryimage","url":"https:\/\/filharmonia.rzeszow.pl\/en\/wp-content\/uploads\/sites\/2\/2022\/02\/1-1-of-1-53-scaled-1.jpg","contentUrl":"https:\/\/filharmonia.rzeszow.pl\/en\/wp-content\/uploads\/sites\/2\/2022\/02\/1-1-of-1-53-scaled-1.jpg","width":1708,"height":2560},{"@type":"BreadcrumbList","@id":"https:\/\/filharmonia.rzeszow.pl\/en\/produkt\/koncert-kameralny\/#breadcrumb","itemListElement":[{"@type":"ListItem","position":1,"name":"Strona g\u0142\u00f3wna","item":"https:\/\/filharmonia.rzeszow.pl\/en\/"},{"@type":"ListItem","position":2,"name":"Sklep","item":"https:\/\/filharmonia.rzeszow.pl\/en\/sklep\/"},{"@type":"ListItem","position":3,"name":"Chamber concert"}]},{"@type":"WebSite","@id":"https:\/\/filharmonia.rzeszow.pl\/en\/#website","url":"https:\/\/filharmonia.rzeszow.pl\/en\/","name":"Filharmonia Podkarpacka - English","description":"Kolejna witryna sieci &#8222;Filharmonia Podkarpacka &#8221;","publisher":{"@id":"https:\/\/filharmonia.rzeszow.pl\/en\/#organization"},"potentialAction":[{"@type":"SearchAction","target":{"@type":"EntryPoint","urlTemplate":"https:\/\/filharmonia.rzeszow.pl\/en\/?s={search_term_string}"},"query-input":{"@type":"PropertyValueSpecification","valueRequired":true,"valueName":"search_term_string"}}],"inLanguage":"en-US"},{"@type":"Organization","@id":"https:\/\/filharmonia.rzeszow.pl\/en\/#organization","name":"Filharmonia Podkarpacka - English","url":"https:\/\/filharmonia.rzeszow.pl\/en\/","logo":{"@type":"ImageObject","inLanguage":"en-US","@id":"https:\/\/filharmonia.rzeszow.pl\/en\/#\/schema\/logo\/image\/","url":"https:\/\/filharmonia.rzeszow.pl\/en\/wp-content\/uploads\/sites\/2\/2022\/02\/Obszar-roboczy-2@3x.png","contentUrl":"https:\/\/filharmonia.rzeszow.pl\/en\/wp-content\/uploads\/sites\/2\/2022\/02\/Obszar-roboczy-2@3x.png","width":2721,"height":1527,"caption":"Filharmonia Podkarpacka - English"},"image":{"@id":"https:\/\/filharmonia.rzeszow.pl\/en\/#\/schema\/logo\/image\/"}}]}},"publishpress_future_action":{"enabled":false,"date":"2026-05-02 15:41:28","action":"category","newStatus":"draft","terms":[],"taxonomy":"product_visibility","extraData":[]},"publishpress_future_workflow_manual_trigger":{"enabledWorkflows":[]},"_links":{"self":[{"href":"https:\/\/filharmonia.rzeszow.pl\/en\/wp-json\/wp\/v2\/product\/167","targetHints":{"allow":["GET"]}}],"collection":[{"href":"https:\/\/filharmonia.rzeszow.pl\/en\/wp-json\/wp\/v2\/product"}],"about":[{"href":"https:\/\/filharmonia.rzeszow.pl\/en\/wp-json\/wp\/v2\/types\/product"}],"wp:featuredmedia":[{"embeddable":true,"href":"https:\/\/filharmonia.rzeszow.pl\/en\/wp-json\/wp\/v2\/media\/180"}],"wp:attachment":[{"href":"https:\/\/filharmonia.rzeszow.pl\/en\/wp-json\/wp\/v2\/media?parent=167"}],"wp:term":[{"taxonomy":"product_brand","embeddable":true,"href":"https:\/\/filharmonia.rzeszow.pl\/en\/wp-json\/wp\/v2\/product_brand?post=167"},{"taxonomy":"product_cat","embeddable":true,"href":"https:\/\/filharmonia.rzeszow.pl\/en\/wp-json\/wp\/v2\/product_cat?post=167"},{"taxonomy":"product_tag","embeddable":true,"href":"https:\/\/filharmonia.rzeszow.pl\/en\/wp-json\/wp\/v2\/product_tag?post=167"}],"curies":[{"name":"wp","href":"https:\/\/api.w.org\/{rel}","templated":true}]}}