{"id":84,"date":"2022-02-14T13:48:29","date_gmt":"2022-02-14T12:48:29","guid":{"rendered":"https:\/\/filharmonia.rzeszow.pl\/en\/?post_type=product&#038;p=84"},"modified":"2022-02-14T13:48:37","modified_gmt":"2022-02-14T12:48:37","slug":"koncert-symfoniczny","status":"publish","type":"product","link":"https:\/\/filharmonia.rzeszow.pl\/en\/produkt\/koncert-symfoniczny\/","title":{"rendered":"Koncert symfoniczny"},"content":{"rendered":"","protected":false},"excerpt":{"rendered":"<p><strong>Szanowni Pa\u0144stwo,<\/strong><\/p>\n<p><strong>uprzejmie informujemy, \u017ce w dniu 28. stycznia b.r. Pan Marcin \u015awiatkiewicz nie wyst\u0105pi podczas koncertu w Filharmonii Podkarpackiej. <\/strong><br \/>\n<strong>W zwi\u0105zku z powy\u017cszym program pi\u0105tkowego koncertu uleg\u0142 skr\u00f3ceniu. Solista wyst\u0105pi w Filharmonii Podkarpackiej jeszcze w tym roku. Osoby, kt\u00f3re zakupi\u0142y bilet na koncert z udzia\u0142em Marcina \u015awi\u0105tkiewicza otrzymaj\u0105 od obs\u0142ugi bileterskiej vouchery na 50% zni\u017ck\u0119 upowa\u017cniaj\u0105c\u0105 do zakupu biletu na koncert tego Artysty w nowym terminie.<\/strong><br \/>\n<strong>Za utrudnienia i zmian\u0119 niezale\u017cn\u0105 od Filharmonii serdecznie przepraszamy!<\/strong><\/p>\n<p><u><strong>28 stycznia 2022r,. pi\u0105tek, godz. 19:00<\/strong><\/u><br \/>\n<strong>ORKIESTRA SYMFONICZNA FILHARMONII PODKARPACKIEJ<\/strong><br \/>\n<strong>KAROL SZWECH\u00a0<\/strong>&#8211; dyrygent<br \/>\n<strong>MARCIN \u015aWI\u0104TKIEWICZ\u00a0<\/strong>&#8211; klawesyn<\/p>\n<p>W programie:<br \/>\nH. M. G\u00f3recki \u2013 Trzy utwory w dawnym stylu<br \/>\nF. Mendelssohn \u2013 III Symfonia<\/p>\n","protected":false},"featured_media":115,"template":"","meta":[],"product_brand":[],"product_cat":[21,18,15,17],"product_tag":[],"class_list":{"0":"post-84","1":"product","2":"type-product","3":"status-publish","4":"has-post-thumbnail","6":"product_cat-styczen-arch","7":"product_cat-2022-ar","8":"product_cat-bez-kategorii","9":"product_cat-archiwum","11":"entry","12":"has-media","14":"first","15":"instock","16":"shipping-taxable","17":"product-type-simple","18":"has-product-nav","19":"col","20":"span_1_of_3","21":"owp-content-center","22":"owp-thumbs-layout-horizontal","23":"owp-btn-normal","24":"owp-tabs-layout-horizontal"},"yoast_head":"<!-- This site is optimized with the Yoast SEO plugin v27.1.1 - https:\/\/yoast.com\/product\/yoast-seo-wordpress\/ -->\n<title>Koncert symfoniczny - Filharmonia Podkarpacka - English<\/title>\n<meta name=\"robots\" content=\"index, follow, max-snippet:-1, max-image-preview:large, max-video-preview:-1\" \/>\n<link rel=\"canonical\" href=\"https:\/\/filharmonia.rzeszow.pl\/en\/produkt\/koncert-symfoniczny\/\" \/>\n<meta property=\"og:locale\" content=\"en_US\" \/>\n<meta property=\"og:type\" content=\"article\" \/>\n<meta property=\"og:title\" content=\"Koncert symfoniczny - Filharmonia Podkarpacka - English\" \/>\n<meta property=\"og:description\" content=\"Szanowni Pa\u0144stwo,  uprzejmie informujemy, \u017ce w dniu 28. stycznia b.r. Pan Marcin \u015awiatkiewicz nie wyst\u0105pi podczas koncertu w Filharmonii Podkarpackiej.  W zwi\u0105zku z powy\u017cszym program pi\u0105tkowego koncertu uleg\u0142 skr\u00f3ceniu. Solista wyst\u0105pi w Filharmonii Podkarpackiej jeszcze w tym roku. Osoby, kt\u00f3re zakupi\u0142y bilet na koncert z udzia\u0142em Marcina \u015awi\u0105tkiewicza otrzymaj\u0105 od obs\u0142ugi bileterskiej vouchery na 50% zni\u017ck\u0119 upowa\u017cniaj\u0105c\u0105 do zakupu biletu na koncert tego Artysty w nowym terminie. Za utrudnienia i zmian\u0119 niezale\u017cn\u0105 od Filharmonii serdecznie przepraszamy!  28 stycznia 2022r,. pi\u0105tek, godz. 19:00 ORKIESTRA SYMFONICZNA FILHARMONII PODKARPACKIEJ KAROL SZWECH\u00a0- dyrygent MARCIN \u015aWI\u0104TKIEWICZ\u00a0- klawesyn  W programie: H. M. G\u00f3recki \u2013 Trzy utwory w dawnym stylu F. Mendelssohn \u2013 III Symfonia\" \/>\n<meta property=\"og:url\" content=\"https:\/\/filharmonia.rzeszow.pl\/en\/produkt\/koncert-symfoniczny\/\" \/>\n<meta property=\"og:site_name\" content=\"Filharmonia Podkarpacka - English\" \/>\n<meta property=\"article:modified_time\" content=\"2022-02-14T12:48:37+00:00\" \/>\n<meta name=\"twitter:card\" content=\"summary_large_image\" \/>\n<script type=\"application\/ld+json\" class=\"yoast-schema-graph\">{\"@context\":\"https:\/\/schema.org\",\"@graph\":[{\"@type\":\"WebPage\",\"@id\":\"https:\/\/filharmonia.rzeszow.pl\/en\/produkt\/koncert-symfoniczny\/\",\"url\":\"https:\/\/filharmonia.rzeszow.pl\/en\/produkt\/koncert-symfoniczny\/\",\"name\":\"Koncert symfoniczny - Filharmonia Podkarpacka - English\",\"isPartOf\":{\"@id\":\"https:\/\/filharmonia.rzeszow.pl\/en\/#website\"},\"primaryImageOfPage\":{\"@id\":\"https:\/\/filharmonia.rzeszow.pl\/en\/produkt\/koncert-symfoniczny\/#primaryimage\"},\"image\":{\"@id\":\"https:\/\/filharmonia.rzeszow.pl\/en\/produkt\/koncert-symfoniczny\/#primaryimage\"},\"thumbnailUrl\":\"https:\/\/filharmonia.rzeszow.pl\/en\/wp-content\/uploads\/sites\/2\/2022\/02\/karolszwech.jpg\",\"datePublished\":\"2022-02-14T12:48:29+00:00\",\"dateModified\":\"2022-02-14T12:48:37+00:00\",\"breadcrumb\":{\"@id\":\"https:\/\/filharmonia.rzeszow.pl\/en\/produkt\/koncert-symfoniczny\/#breadcrumb\"},\"inLanguage\":\"en-US\",\"potentialAction\":[{\"@type\":\"ReadAction\",\"target\":[\"https:\/\/filharmonia.rzeszow.pl\/en\/produkt\/koncert-symfoniczny\/\"]}]},{\"@type\":\"ImageObject\",\"inLanguage\":\"en-US\",\"@id\":\"https:\/\/filharmonia.rzeszow.pl\/en\/produkt\/koncert-symfoniczny\/#primaryimage\",\"url\":\"https:\/\/filharmonia.rzeszow.pl\/en\/wp-content\/uploads\/sites\/2\/2022\/02\/karolszwech.jpg\",\"contentUrl\":\"https:\/\/filharmonia.rzeszow.pl\/en\/wp-content\/uploads\/sites\/2\/2022\/02\/karolszwech.jpg\",\"width\":891,\"height\":715},{\"@type\":\"BreadcrumbList\",\"@id\":\"https:\/\/filharmonia.rzeszow.pl\/en\/produkt\/koncert-symfoniczny\/#breadcrumb\",\"itemListElement\":[{\"@type\":\"ListItem\",\"position\":1,\"name\":\"Strona g\u0142\u00f3wna\",\"item\":\"https:\/\/filharmonia.rzeszow.pl\/en\/\"},{\"@type\":\"ListItem\",\"position\":2,\"name\":\"Sklep\",\"item\":\"https:\/\/filharmonia.rzeszow.pl\/en\/sklep\/\"},{\"@type\":\"ListItem\",\"position\":3,\"name\":\"Koncert symfoniczny\"}]},{\"@type\":\"WebSite\",\"@id\":\"https:\/\/filharmonia.rzeszow.pl\/en\/#website\",\"url\":\"https:\/\/filharmonia.rzeszow.pl\/en\/\",\"name\":\"Filharmonia Podkarpacka - English\",\"description\":\"Kolejna witryna sieci &#8222;Filharmonia Podkarpacka &#8221;\",\"publisher\":{\"@id\":\"https:\/\/filharmonia.rzeszow.pl\/en\/#organization\"},\"potentialAction\":[{\"@type\":\"SearchAction\",\"target\":{\"@type\":\"EntryPoint\",\"urlTemplate\":\"https:\/\/filharmonia.rzeszow.pl\/en\/?s={search_term_string}\"},\"query-input\":{\"@type\":\"PropertyValueSpecification\",\"valueRequired\":true,\"valueName\":\"search_term_string\"}}],\"inLanguage\":\"en-US\"},{\"@type\":\"Organization\",\"@id\":\"https:\/\/filharmonia.rzeszow.pl\/en\/#organization\",\"name\":\"Filharmonia Podkarpacka - English\",\"url\":\"https:\/\/filharmonia.rzeszow.pl\/en\/\",\"logo\":{\"@type\":\"ImageObject\",\"inLanguage\":\"en-US\",\"@id\":\"https:\/\/filharmonia.rzeszow.pl\/en\/#\/schema\/logo\/image\/\",\"url\":\"https:\/\/filharmonia.rzeszow.pl\/en\/wp-content\/uploads\/sites\/2\/2022\/02\/Obszar-roboczy-2@3x.png\",\"contentUrl\":\"https:\/\/filharmonia.rzeszow.pl\/en\/wp-content\/uploads\/sites\/2\/2022\/02\/Obszar-roboczy-2@3x.png\",\"width\":2721,\"height\":1527,\"caption\":\"Filharmonia Podkarpacka - English\"},\"image\":{\"@id\":\"https:\/\/filharmonia.rzeszow.pl\/en\/#\/schema\/logo\/image\/\"}}]}<\/script>\n<!-- \/ Yoast SEO plugin. -->","yoast_head_json":{"title":"Koncert symfoniczny - Filharmonia Podkarpacka - English","robots":{"index":"index","follow":"follow","max-snippet":"max-snippet:-1","max-image-preview":"max-image-preview:large","max-video-preview":"max-video-preview:-1"},"canonical":"https:\/\/filharmonia.rzeszow.pl\/en\/produkt\/koncert-symfoniczny\/","og_locale":"en_US","og_type":"article","og_title":"Koncert symfoniczny - Filharmonia Podkarpacka - English","og_description":"Szanowni Pa\u0144stwo,  uprzejmie informujemy, \u017ce w dniu 28. stycznia b.r. Pan Marcin \u015awiatkiewicz nie wyst\u0105pi podczas koncertu w Filharmonii Podkarpackiej.  W zwi\u0105zku z powy\u017cszym program pi\u0105tkowego koncertu uleg\u0142 skr\u00f3ceniu. Solista wyst\u0105pi w Filharmonii Podkarpackiej jeszcze w tym roku. Osoby, kt\u00f3re zakupi\u0142y bilet na koncert z udzia\u0142em Marcina \u015awi\u0105tkiewicza otrzymaj\u0105 od obs\u0142ugi bileterskiej vouchery na 50% zni\u017ck\u0119 upowa\u017cniaj\u0105c\u0105 do zakupu biletu na koncert tego Artysty w nowym terminie. Za utrudnienia i zmian\u0119 niezale\u017cn\u0105 od Filharmonii serdecznie przepraszamy!  28 stycznia 2022r,. pi\u0105tek, godz. 19:00 ORKIESTRA SYMFONICZNA FILHARMONII PODKARPACKIEJ KAROL SZWECH\u00a0- dyrygent MARCIN \u015aWI\u0104TKIEWICZ\u00a0- klawesyn  W programie: H. M. G\u00f3recki \u2013 Trzy utwory w dawnym stylu F. Mendelssohn \u2013 III Symfonia","og_url":"https:\/\/filharmonia.rzeszow.pl\/en\/produkt\/koncert-symfoniczny\/","og_site_name":"Filharmonia Podkarpacka - English","article_modified_time":"2022-02-14T12:48:37+00:00","twitter_card":"summary_large_image","schema":{"@context":"https:\/\/schema.org","@graph":[{"@type":"WebPage","@id":"https:\/\/filharmonia.rzeszow.pl\/en\/produkt\/koncert-symfoniczny\/","url":"https:\/\/filharmonia.rzeszow.pl\/en\/produkt\/koncert-symfoniczny\/","name":"Koncert symfoniczny - Filharmonia Podkarpacka - English","isPartOf":{"@id":"https:\/\/filharmonia.rzeszow.pl\/en\/#website"},"primaryImageOfPage":{"@id":"https:\/\/filharmonia.rzeszow.pl\/en\/produkt\/koncert-symfoniczny\/#primaryimage"},"image":{"@id":"https:\/\/filharmonia.rzeszow.pl\/en\/produkt\/koncert-symfoniczny\/#primaryimage"},"thumbnailUrl":"https:\/\/filharmonia.rzeszow.pl\/en\/wp-content\/uploads\/sites\/2\/2022\/02\/karolszwech.jpg","datePublished":"2022-02-14T12:48:29+00:00","dateModified":"2022-02-14T12:48:37+00:00","breadcrumb":{"@id":"https:\/\/filharmonia.rzeszow.pl\/en\/produkt\/koncert-symfoniczny\/#breadcrumb"},"inLanguage":"en-US","potentialAction":[{"@type":"ReadAction","target":["https:\/\/filharmonia.rzeszow.pl\/en\/produkt\/koncert-symfoniczny\/"]}]},{"@type":"ImageObject","inLanguage":"en-US","@id":"https:\/\/filharmonia.rzeszow.pl\/en\/produkt\/koncert-symfoniczny\/#primaryimage","url":"https:\/\/filharmonia.rzeszow.pl\/en\/wp-content\/uploads\/sites\/2\/2022\/02\/karolszwech.jpg","contentUrl":"https:\/\/filharmonia.rzeszow.pl\/en\/wp-content\/uploads\/sites\/2\/2022\/02\/karolszwech.jpg","width":891,"height":715},{"@type":"BreadcrumbList","@id":"https:\/\/filharmonia.rzeszow.pl\/en\/produkt\/koncert-symfoniczny\/#breadcrumb","itemListElement":[{"@type":"ListItem","position":1,"name":"Strona g\u0142\u00f3wna","item":"https:\/\/filharmonia.rzeszow.pl\/en\/"},{"@type":"ListItem","position":2,"name":"Sklep","item":"https:\/\/filharmonia.rzeszow.pl\/en\/sklep\/"},{"@type":"ListItem","position":3,"name":"Koncert symfoniczny"}]},{"@type":"WebSite","@id":"https:\/\/filharmonia.rzeszow.pl\/en\/#website","url":"https:\/\/filharmonia.rzeszow.pl\/en\/","name":"Filharmonia Podkarpacka - English","description":"Kolejna witryna sieci &#8222;Filharmonia Podkarpacka &#8221;","publisher":{"@id":"https:\/\/filharmonia.rzeszow.pl\/en\/#organization"},"potentialAction":[{"@type":"SearchAction","target":{"@type":"EntryPoint","urlTemplate":"https:\/\/filharmonia.rzeszow.pl\/en\/?s={search_term_string}"},"query-input":{"@type":"PropertyValueSpecification","valueRequired":true,"valueName":"search_term_string"}}],"inLanguage":"en-US"},{"@type":"Organization","@id":"https:\/\/filharmonia.rzeszow.pl\/en\/#organization","name":"Filharmonia Podkarpacka - English","url":"https:\/\/filharmonia.rzeszow.pl\/en\/","logo":{"@type":"ImageObject","inLanguage":"en-US","@id":"https:\/\/filharmonia.rzeszow.pl\/en\/#\/schema\/logo\/image\/","url":"https:\/\/filharmonia.rzeszow.pl\/en\/wp-content\/uploads\/sites\/2\/2022\/02\/Obszar-roboczy-2@3x.png","contentUrl":"https:\/\/filharmonia.rzeszow.pl\/en\/wp-content\/uploads\/sites\/2\/2022\/02\/Obszar-roboczy-2@3x.png","width":2721,"height":1527,"caption":"Filharmonia Podkarpacka - English"},"image":{"@id":"https:\/\/filharmonia.rzeszow.pl\/en\/#\/schema\/logo\/image\/"}}]}},"publishpress_future_action":{"enabled":false,"date":"2026-05-02 15:39:59","action":"category","newStatus":"draft","terms":[],"taxonomy":"product_visibility","extraData":[]},"publishpress_future_workflow_manual_trigger":{"enabledWorkflows":[]},"_links":{"self":[{"href":"https:\/\/filharmonia.rzeszow.pl\/en\/wp-json\/wp\/v2\/product\/84","targetHints":{"allow":["GET"]}}],"collection":[{"href":"https:\/\/filharmonia.rzeszow.pl\/en\/wp-json\/wp\/v2\/product"}],"about":[{"href":"https:\/\/filharmonia.rzeszow.pl\/en\/wp-json\/wp\/v2\/types\/product"}],"wp:featuredmedia":[{"embeddable":true,"href":"https:\/\/filharmonia.rzeszow.pl\/en\/wp-json\/wp\/v2\/media\/115"}],"wp:attachment":[{"href":"https:\/\/filharmonia.rzeszow.pl\/en\/wp-json\/wp\/v2\/media?parent=84"}],"wp:term":[{"taxonomy":"product_brand","embeddable":true,"href":"https:\/\/filharmonia.rzeszow.pl\/en\/wp-json\/wp\/v2\/product_brand?post=84"},{"taxonomy":"product_cat","embeddable":true,"href":"https:\/\/filharmonia.rzeszow.pl\/en\/wp-json\/wp\/v2\/product_cat?post=84"},{"taxonomy":"product_tag","embeddable":true,"href":"https:\/\/filharmonia.rzeszow.pl\/en\/wp-json\/wp\/v2\/product_tag?post=84"}],"curies":[{"name":"wp","href":"https:\/\/api.w.org\/{rel}","templated":true}]}}