{"id":86,"date":"2022-02-14T13:48:30","date_gmt":"2022-02-14T12:48:30","guid":{"rendered":"https:\/\/filharmonia.rzeszow.pl\/en\/?post_type=product&#038;p=86"},"modified":"2022-02-14T13:48:46","modified_gmt":"2022-02-14T12:48:46","slug":"koledy-pospieszalskich","status":"publish","type":"product","link":"https:\/\/filharmonia.rzeszow.pl\/en\/produkt\/koledy-pospieszalskich\/","title":{"rendered":"Kol\u0119dy Pospieszalskich"},"content":{"rendered":"<p>Rodzinny zesp\u00f3\u0142 Pospieszalskich zadebiutowa\u0142 dok\u0142adnie 25 lat temu, podczas telewizyjnego nagrania \u015bwi\u0105tecznego koncertu dla TVP. Dzi\u015b bracia nadal kol\u0119duj\u0105 w otoczeniu doros\u0142ych dzieci &#8211; wszechstronnie wykszta\u0142conych muzyk\u00f3w, absolwent\u00f3w polskich i zagranicznych konserwatori\u00f3w. To jedyna taka orkiestra z\u0142o\u017cona z cz\u0142onk\u00f3w najbli\u017cszej rodziny, 15 artyst\u00f3w nosz\u0105cych to samo nazwisko. Z biegiem lat, drugie pokolenie, (co wida\u0107 na scenie)\u00a0 przejmuje inicjatyw\u0119, a w \u015blad za nimi estrad\u0119 szturmuje\u00a0 kolejna generacja &#8211; ekipa wnuk\u00f3w, 2\/3\/4 latk\u00f3w.<strong> Wi\u0119kszo\u015b\u0107 z muzycznego klanu opanowa\u0142a gr\u0119 na kilku instrumentach<\/strong>, umo\u017cliwia to r\u00f3\u017cnorodne aran\u017cacje i spektakularne zmiany na scenie, od brzmie\u0144 klasycznych &#8211; (fortepian, smyczki, instrumenty d\u0119te drewniane) do monumentalnych big bandowych opracowa\u0144, wzbogaconych nowoczesn\u0105 elektronik\u0105. W programie pojawiaj\u0105 si\u0119 te\u017c utwory utrzymane w nurcie rekonstrukcji muzyki \u017ar\u00f3de\u0142. Mazurkowe, ludowe stylizacje, zestawione s\u0105 z wplecionymi w kol\u0119dy mazurkami Fryderyka Chopina i Karola Szymanowskiego. Jest taniec, ch\u00f3r a\u2019capella i wirtuozerskie popisy solist\u00f3w.<\/p>\n<p><strong>\u00a0\u00a0\u00a0 Kol\u0119dy <\/strong>stanowi\u0105 wyj\u0105tkowy element charakterystyczny dla kultury Rzeczpospolitej. Splataj\u0105 si\u0119 tu w\u0105tki narodowe, dworskie, mieszcza\u0144skie i wiejskie, &#8211; religijne i folklorystyczne. \u017baden inny katolicki kraj nie stworzy\u0142 tak bogatej bo\u017conarodzeniowej tradycji. Do dzi\u015b, za nasz\u0105 wschodni\u0105 granic\u0105, cz\u0119sto ju\u017c w tamtych j\u0119zykach narodowych, \u015bpiewane s\u0105 kol\u0119dy, kantyczki i pastora\u0142ki, \u0142udz\u0105co przypominaj\u0105ce polskie wersje. Ko\u015bcielny i rodzinny obyczaj \u015bwi\u0119towania Bo\u017cego Narodzenia, wykszta\u0142ci\u0142 na ca\u0142ym terenie Rzeczypospolitej Obojga Narod\u00f3w ogromn\u0105 liczb\u0119 \u015bpiew\u00f3w i obrz\u0119d\u00f3w. Do tego dziedzictwa si\u0119gamy w programie specjalnego koncertu.<br \/>\n<strong>\u00a0\u00a0\u00a0 Pospieszalscy pokazuj\u0105 \u017ce najlepszym miejscem przekazu \u017cywej tradycji\u00a0 jest rodzina.\u00a0 <\/strong>Koncert jest przyk\u0142adem, \u017ce w oparciu o dziedzictwo narodowej kultury, wsp\u00f3\u0142czesnym j\u0119zykiem, mo\u017cna wyrazi\u0107 uniwersalne tre\u015bci. W czasach kryzysu warto\u015bci i zapa\u015bci demograficznej, koncert licznej rodziny, po\u0142\u0105czonej wiar\u0105, pasj\u0105 i szacunkiem dla polskich obyczaj\u00f3w, nabiera wymownego przes\u0142ania. Zesp\u00f3\u0142 koncertowa\u0142 w filharmoniach Hamburga i Rygi, oraz w ko\u015bcio\u0142ach, w Pary\u017cu, Lyonie, Londynie, Brukseli, Hanowerze, Wiedniu, a tak\u017ce w Czechach, na Litwie, \u0141otwie, Ukrainie i Bia\u0142orusi.<\/p>\n<p>&nbsp;<\/p>\n","protected":false},"excerpt":{"rendered":"<p><u><strong>14 stycznia 2022r., pi\u0105tek, godz. 19:00<\/strong><\/u><\/p>\n<p>&nbsp;<\/p>\n<p>Basia &#8211; skrzypce, \u015bpiew (absolwentka Akademii Muz w Gda\u0144sku)<\/p>\n<p>Lidia &#8211; \u015bpiew, b\u0119benek (absolwentka Akademii Muzycznej w Katowicach)<\/p>\n<p>Natalia (Rze\u017aniak- Pospieszalska) &#8211; flet, \u015bpiew (absolwentka Krakowskiej Szko\u0142y Teatralnej)<\/p>\n<p>Paulina (Pola) &#8211; flet, \u015bpiew<\/p>\n<p>Barbara-Ewa &#8211; fortepian, \u015bpiew (absolwentka UMFC w klasie Janusza Olejniczaka)<\/p>\n<p>Franek &#8211; kontrabas, gitara basowa, \u015bpiew (absolwent konserwatorium w Kopenhadze i w Katowicach)<\/p>\n<p>Janek &#8211; gitara, kontrabas, \u015bpiew (ex Czerwone Gitary, Voo Voo)<\/p>\n<p>Karol &#8211; gitara, alt\u00f3wka, tr\u0105bka, tuba, \u015bpiew (lider orkiestr d\u0119tych: Gidle, P\u0142awno)<\/p>\n<p>\u0141ukasz &#8211; fortepian, klawisze, \u015bpiew (absolwent Akademii Muz Wroc\u0142aw)<\/p>\n<p>Marcin &#8211; skrzypce, kontrabas, gitara basowa, cymba\u0142y, fortepian, \u015bpiew (aran\u017cer, absolwent Akademii Muzycznej w Katowicach)<\/p>\n<p>Mateusz &#8211; saksofony, flet, klarnet basowy, akordeon, klawisze, \u015bpiew, (kompozytor i aran\u017cer, autor utwor\u00f3w \u015bpiewanych przez wielu wykonawc\u00f3w\u00a0 m.in. A.M Jopek i\u00a0 zesp\u00f3\u0142 Zakopower)<\/p>\n<p>Marek &#8211; saksofon, klarnet, \u015bpiew (absolwent Akademii Muz w Krakowie)<\/p>\n<p>Miko\u0142aj &#8211; kontrabas, gitara basowa, skrzypce, \u015bpiew (absolwent Akademii Muz w Krakowie,)<\/p>\n<p>Nikodem &#8211; perkusja, \u015bpiew<\/p>\n<p>Szczepan &#8211; tr\u0105bka, \u015bpiew<\/p>\n<p>&nbsp;<\/p>\n<p>&nbsp;<\/p>\n","protected":false},"featured_media":120,"template":"","meta":[],"product_brand":[],"product_cat":[18,21,15,17],"product_tag":[],"class_list":{"0":"post-86","1":"product","2":"type-product","3":"status-publish","4":"has-post-thumbnail","6":"product_cat-2022-ar","7":"product_cat-styczen-arch","8":"product_cat-bez-kategorii","9":"product_cat-archiwum","11":"entry","12":"has-media","14":"first","15":"instock","16":"shipping-taxable","17":"product-type-simple","18":"has-product-nav","19":"col","20":"span_1_of_3","21":"owp-content-center","22":"owp-thumbs-layout-horizontal","23":"owp-btn-normal","24":"owp-tabs-layout-horizontal","25":"has-no-thumbnails"},"yoast_head":"<!-- This site is optimized with the Yoast SEO plugin v27.1.1 - https:\/\/yoast.com\/product\/yoast-seo-wordpress\/ -->\n<title>Kol\u0119dy Pospieszalskich - Filharmonia Podkarpacka - English<\/title>\n<meta name=\"robots\" content=\"index, follow, max-snippet:-1, max-image-preview:large, max-video-preview:-1\" \/>\n<link rel=\"canonical\" href=\"https:\/\/filharmonia.rzeszow.pl\/en\/produkt\/koledy-pospieszalskich\/\" \/>\n<meta property=\"og:locale\" content=\"en_US\" \/>\n<meta property=\"og:type\" content=\"article\" \/>\n<meta property=\"og:title\" content=\"Kol\u0119dy Pospieszalskich - Filharmonia Podkarpacka - English\" \/>\n<meta property=\"og:description\" content=\"14 stycznia 2022r., pi\u0105tek, godz. 19:00  &nbsp;  Basia - skrzypce, \u015bpiew (absolwentka Akademii Muz w Gda\u0144sku)  Lidia - \u015bpiew, b\u0119benek (absolwentka Akademii Muzycznej w Katowicach)  Natalia (Rze\u017aniak- Pospieszalska) - flet, \u015bpiew (absolwentka Krakowskiej Szko\u0142y Teatralnej)  Paulina (Pola) - flet, \u015bpiew  Barbara-Ewa - fortepian, \u015bpiew (absolwentka UMFC w klasie Janusza Olejniczaka)  Franek - kontrabas, gitara basowa, \u015bpiew (absolwent konserwatorium w Kopenhadze i w Katowicach)  Janek - gitara, kontrabas, \u015bpiew (ex Czerwone Gitary, Voo Voo)  Karol - gitara, alt\u00f3wka, tr\u0105bka, tuba, \u015bpiew (lider orkiestr d\u0119tych: Gidle, P\u0142awno)  \u0141ukasz - fortepian, klawisze, \u015bpiew (absolwent Akademii Muz Wroc\u0142aw)  Marcin - skrzypce, kontrabas, gitara basowa, cymba\u0142y, fortepian, \u015bpiew (aran\u017cer, absolwent Akademii Muzycznej w Katowicach)  Mateusz - saksofony, flet, klarnet basowy, akordeon, klawisze, \u015bpiew, (kompozytor i aran\u017cer, autor utwor\u00f3w \u015bpiewanych przez wielu wykonawc\u00f3w\u00a0 m.in. A.M Jopek i\u00a0 zesp\u00f3\u0142 Zakopower)  Marek - saksofon, klarnet, \u015bpiew (absolwent Akademii Muz w Krakowie)  Miko\u0142aj - kontrabas, gitara basowa, skrzypce, \u015bpiew (absolwent Akademii Muz w Krakowie,)  Nikodem - perkusja, \u015bpiew  Szczepan - tr\u0105bka, \u015bpiew  &nbsp;  &nbsp;\" \/>\n<meta property=\"og:url\" content=\"https:\/\/filharmonia.rzeszow.pl\/en\/produkt\/koledy-pospieszalskich\/\" \/>\n<meta property=\"og:site_name\" content=\"Filharmonia Podkarpacka - English\" \/>\n<meta property=\"article:modified_time\" content=\"2022-02-14T12:48:46+00:00\" \/>\n<meta name=\"twitter:card\" content=\"summary_large_image\" \/>\n<meta name=\"twitter:label1\" content=\"Est. reading time\" \/>\n\t<meta name=\"twitter:data1\" content=\"2 minutes\" \/>\n<script type=\"application\/ld+json\" class=\"yoast-schema-graph\">{\"@context\":\"https:\/\/schema.org\",\"@graph\":[{\"@type\":\"WebPage\",\"@id\":\"https:\/\/filharmonia.rzeszow.pl\/en\/produkt\/koledy-pospieszalskich\/\",\"url\":\"https:\/\/filharmonia.rzeszow.pl\/en\/produkt\/koledy-pospieszalskich\/\",\"name\":\"Kol\u0119dy Pospieszalskich - Filharmonia Podkarpacka - English\",\"isPartOf\":{\"@id\":\"https:\/\/filharmonia.rzeszow.pl\/en\/#website\"},\"primaryImageOfPage\":{\"@id\":\"https:\/\/filharmonia.rzeszow.pl\/en\/produkt\/koledy-pospieszalskich\/#primaryimage\"},\"image\":{\"@id\":\"https:\/\/filharmonia.rzeszow.pl\/en\/produkt\/koledy-pospieszalskich\/#primaryimage\"},\"thumbnailUrl\":\"https:\/\/filharmonia.rzeszow.pl\/en\/wp-content\/uploads\/sites\/2\/2022\/02\/scena-faceci-skrzypce.jpg\",\"datePublished\":\"2022-02-14T12:48:30+00:00\",\"dateModified\":\"2022-02-14T12:48:46+00:00\",\"breadcrumb\":{\"@id\":\"https:\/\/filharmonia.rzeszow.pl\/en\/produkt\/koledy-pospieszalskich\/#breadcrumb\"},\"inLanguage\":\"en-US\",\"potentialAction\":[{\"@type\":\"ReadAction\",\"target\":[\"https:\/\/filharmonia.rzeszow.pl\/en\/produkt\/koledy-pospieszalskich\/\"]}]},{\"@type\":\"ImageObject\",\"inLanguage\":\"en-US\",\"@id\":\"https:\/\/filharmonia.rzeszow.pl\/en\/produkt\/koledy-pospieszalskich\/#primaryimage\",\"url\":\"https:\/\/filharmonia.rzeszow.pl\/en\/wp-content\/uploads\/sites\/2\/2022\/02\/scena-faceci-skrzypce.jpg\",\"contentUrl\":\"https:\/\/filharmonia.rzeszow.pl\/en\/wp-content\/uploads\/sites\/2\/2022\/02\/scena-faceci-skrzypce.jpg\",\"width\":1200,\"height\":799},{\"@type\":\"BreadcrumbList\",\"@id\":\"https:\/\/filharmonia.rzeszow.pl\/en\/produkt\/koledy-pospieszalskich\/#breadcrumb\",\"itemListElement\":[{\"@type\":\"ListItem\",\"position\":1,\"name\":\"Strona g\u0142\u00f3wna\",\"item\":\"https:\/\/filharmonia.rzeszow.pl\/en\/\"},{\"@type\":\"ListItem\",\"position\":2,\"name\":\"Sklep\",\"item\":\"https:\/\/filharmonia.rzeszow.pl\/en\/sklep\/\"},{\"@type\":\"ListItem\",\"position\":3,\"name\":\"Kol\u0119dy Pospieszalskich\"}]},{\"@type\":\"WebSite\",\"@id\":\"https:\/\/filharmonia.rzeszow.pl\/en\/#website\",\"url\":\"https:\/\/filharmonia.rzeszow.pl\/en\/\",\"name\":\"Filharmonia Podkarpacka - English\",\"description\":\"Kolejna witryna sieci &#8222;Filharmonia Podkarpacka &#8221;\",\"publisher\":{\"@id\":\"https:\/\/filharmonia.rzeszow.pl\/en\/#organization\"},\"potentialAction\":[{\"@type\":\"SearchAction\",\"target\":{\"@type\":\"EntryPoint\",\"urlTemplate\":\"https:\/\/filharmonia.rzeszow.pl\/en\/?s={search_term_string}\"},\"query-input\":{\"@type\":\"PropertyValueSpecification\",\"valueRequired\":true,\"valueName\":\"search_term_string\"}}],\"inLanguage\":\"en-US\"},{\"@type\":\"Organization\",\"@id\":\"https:\/\/filharmonia.rzeszow.pl\/en\/#organization\",\"name\":\"Filharmonia Podkarpacka - English\",\"url\":\"https:\/\/filharmonia.rzeszow.pl\/en\/\",\"logo\":{\"@type\":\"ImageObject\",\"inLanguage\":\"en-US\",\"@id\":\"https:\/\/filharmonia.rzeszow.pl\/en\/#\/schema\/logo\/image\/\",\"url\":\"https:\/\/filharmonia.rzeszow.pl\/en\/wp-content\/uploads\/sites\/2\/2022\/02\/Obszar-roboczy-2@3x.png\",\"contentUrl\":\"https:\/\/filharmonia.rzeszow.pl\/en\/wp-content\/uploads\/sites\/2\/2022\/02\/Obszar-roboczy-2@3x.png\",\"width\":2721,\"height\":1527,\"caption\":\"Filharmonia Podkarpacka - English\"},\"image\":{\"@id\":\"https:\/\/filharmonia.rzeszow.pl\/en\/#\/schema\/logo\/image\/\"}}]}<\/script>\n<!-- \/ Yoast SEO plugin. -->","yoast_head_json":{"title":"Kol\u0119dy Pospieszalskich - Filharmonia Podkarpacka - English","robots":{"index":"index","follow":"follow","max-snippet":"max-snippet:-1","max-image-preview":"max-image-preview:large","max-video-preview":"max-video-preview:-1"},"canonical":"https:\/\/filharmonia.rzeszow.pl\/en\/produkt\/koledy-pospieszalskich\/","og_locale":"en_US","og_type":"article","og_title":"Kol\u0119dy Pospieszalskich - Filharmonia Podkarpacka - English","og_description":"14 stycznia 2022r., pi\u0105tek, godz. 19:00  &nbsp;  Basia - skrzypce, \u015bpiew (absolwentka Akademii Muz w Gda\u0144sku)  Lidia - \u015bpiew, b\u0119benek (absolwentka Akademii Muzycznej w Katowicach)  Natalia (Rze\u017aniak- Pospieszalska) - flet, \u015bpiew (absolwentka Krakowskiej Szko\u0142y Teatralnej)  Paulina (Pola) - flet, \u015bpiew  Barbara-Ewa - fortepian, \u015bpiew (absolwentka UMFC w klasie Janusza Olejniczaka)  Franek - kontrabas, gitara basowa, \u015bpiew (absolwent konserwatorium w Kopenhadze i w Katowicach)  Janek - gitara, kontrabas, \u015bpiew (ex Czerwone Gitary, Voo Voo)  Karol - gitara, alt\u00f3wka, tr\u0105bka, tuba, \u015bpiew (lider orkiestr d\u0119tych: Gidle, P\u0142awno)  \u0141ukasz - fortepian, klawisze, \u015bpiew (absolwent Akademii Muz Wroc\u0142aw)  Marcin - skrzypce, kontrabas, gitara basowa, cymba\u0142y, fortepian, \u015bpiew (aran\u017cer, absolwent Akademii Muzycznej w Katowicach)  Mateusz - saksofony, flet, klarnet basowy, akordeon, klawisze, \u015bpiew, (kompozytor i aran\u017cer, autor utwor\u00f3w \u015bpiewanych przez wielu wykonawc\u00f3w\u00a0 m.in. A.M Jopek i\u00a0 zesp\u00f3\u0142 Zakopower)  Marek - saksofon, klarnet, \u015bpiew (absolwent Akademii Muz w Krakowie)  Miko\u0142aj - kontrabas, gitara basowa, skrzypce, \u015bpiew (absolwent Akademii Muz w Krakowie,)  Nikodem - perkusja, \u015bpiew  Szczepan - tr\u0105bka, \u015bpiew  &nbsp;  &nbsp;","og_url":"https:\/\/filharmonia.rzeszow.pl\/en\/produkt\/koledy-pospieszalskich\/","og_site_name":"Filharmonia Podkarpacka - English","article_modified_time":"2022-02-14T12:48:46+00:00","twitter_card":"summary_large_image","twitter_misc":{"Est. reading time":"2 minutes"},"schema":{"@context":"https:\/\/schema.org","@graph":[{"@type":"WebPage","@id":"https:\/\/filharmonia.rzeszow.pl\/en\/produkt\/koledy-pospieszalskich\/","url":"https:\/\/filharmonia.rzeszow.pl\/en\/produkt\/koledy-pospieszalskich\/","name":"Kol\u0119dy Pospieszalskich - Filharmonia Podkarpacka - English","isPartOf":{"@id":"https:\/\/filharmonia.rzeszow.pl\/en\/#website"},"primaryImageOfPage":{"@id":"https:\/\/filharmonia.rzeszow.pl\/en\/produkt\/koledy-pospieszalskich\/#primaryimage"},"image":{"@id":"https:\/\/filharmonia.rzeszow.pl\/en\/produkt\/koledy-pospieszalskich\/#primaryimage"},"thumbnailUrl":"https:\/\/filharmonia.rzeszow.pl\/en\/wp-content\/uploads\/sites\/2\/2022\/02\/scena-faceci-skrzypce.jpg","datePublished":"2022-02-14T12:48:30+00:00","dateModified":"2022-02-14T12:48:46+00:00","breadcrumb":{"@id":"https:\/\/filharmonia.rzeszow.pl\/en\/produkt\/koledy-pospieszalskich\/#breadcrumb"},"inLanguage":"en-US","potentialAction":[{"@type":"ReadAction","target":["https:\/\/filharmonia.rzeszow.pl\/en\/produkt\/koledy-pospieszalskich\/"]}]},{"@type":"ImageObject","inLanguage":"en-US","@id":"https:\/\/filharmonia.rzeszow.pl\/en\/produkt\/koledy-pospieszalskich\/#primaryimage","url":"https:\/\/filharmonia.rzeszow.pl\/en\/wp-content\/uploads\/sites\/2\/2022\/02\/scena-faceci-skrzypce.jpg","contentUrl":"https:\/\/filharmonia.rzeszow.pl\/en\/wp-content\/uploads\/sites\/2\/2022\/02\/scena-faceci-skrzypce.jpg","width":1200,"height":799},{"@type":"BreadcrumbList","@id":"https:\/\/filharmonia.rzeszow.pl\/en\/produkt\/koledy-pospieszalskich\/#breadcrumb","itemListElement":[{"@type":"ListItem","position":1,"name":"Strona g\u0142\u00f3wna","item":"https:\/\/filharmonia.rzeszow.pl\/en\/"},{"@type":"ListItem","position":2,"name":"Sklep","item":"https:\/\/filharmonia.rzeszow.pl\/en\/sklep\/"},{"@type":"ListItem","position":3,"name":"Kol\u0119dy Pospieszalskich"}]},{"@type":"WebSite","@id":"https:\/\/filharmonia.rzeszow.pl\/en\/#website","url":"https:\/\/filharmonia.rzeszow.pl\/en\/","name":"Filharmonia Podkarpacka - English","description":"Kolejna witryna sieci &#8222;Filharmonia Podkarpacka &#8221;","publisher":{"@id":"https:\/\/filharmonia.rzeszow.pl\/en\/#organization"},"potentialAction":[{"@type":"SearchAction","target":{"@type":"EntryPoint","urlTemplate":"https:\/\/filharmonia.rzeszow.pl\/en\/?s={search_term_string}"},"query-input":{"@type":"PropertyValueSpecification","valueRequired":true,"valueName":"search_term_string"}}],"inLanguage":"en-US"},{"@type":"Organization","@id":"https:\/\/filharmonia.rzeszow.pl\/en\/#organization","name":"Filharmonia Podkarpacka - English","url":"https:\/\/filharmonia.rzeszow.pl\/en\/","logo":{"@type":"ImageObject","inLanguage":"en-US","@id":"https:\/\/filharmonia.rzeszow.pl\/en\/#\/schema\/logo\/image\/","url":"https:\/\/filharmonia.rzeszow.pl\/en\/wp-content\/uploads\/sites\/2\/2022\/02\/Obszar-roboczy-2@3x.png","contentUrl":"https:\/\/filharmonia.rzeszow.pl\/en\/wp-content\/uploads\/sites\/2\/2022\/02\/Obszar-roboczy-2@3x.png","width":2721,"height":1527,"caption":"Filharmonia Podkarpacka - English"},"image":{"@id":"https:\/\/filharmonia.rzeszow.pl\/en\/#\/schema\/logo\/image\/"}}]}},"publishpress_future_action":{"enabled":false,"date":"2026-05-02 15:39:24","action":"category","newStatus":"draft","terms":[],"taxonomy":"product_visibility","extraData":[]},"publishpress_future_workflow_manual_trigger":{"enabledWorkflows":[]},"_links":{"self":[{"href":"https:\/\/filharmonia.rzeszow.pl\/en\/wp-json\/wp\/v2\/product\/86","targetHints":{"allow":["GET"]}}],"collection":[{"href":"https:\/\/filharmonia.rzeszow.pl\/en\/wp-json\/wp\/v2\/product"}],"about":[{"href":"https:\/\/filharmonia.rzeszow.pl\/en\/wp-json\/wp\/v2\/types\/product"}],"wp:featuredmedia":[{"embeddable":true,"href":"https:\/\/filharmonia.rzeszow.pl\/en\/wp-json\/wp\/v2\/media\/120"}],"wp:attachment":[{"href":"https:\/\/filharmonia.rzeszow.pl\/en\/wp-json\/wp\/v2\/media?parent=86"}],"wp:term":[{"taxonomy":"product_brand","embeddable":true,"href":"https:\/\/filharmonia.rzeszow.pl\/en\/wp-json\/wp\/v2\/product_brand?post=86"},{"taxonomy":"product_cat","embeddable":true,"href":"https:\/\/filharmonia.rzeszow.pl\/en\/wp-json\/wp\/v2\/product_cat?post=86"},{"taxonomy":"product_tag","embeddable":true,"href":"https:\/\/filharmonia.rzeszow.pl\/en\/wp-json\/wp\/v2\/product_tag?post=86"}],"curies":[{"name":"wp","href":"https:\/\/api.w.org\/{rel}","templated":true}]}}