{"id":87,"date":"2022-02-14T13:48:30","date_gmt":"2022-02-14T12:48:30","guid":{"rendered":"https:\/\/filharmonia.rzeszow.pl\/en\/?post_type=product&#038;p=87"},"modified":"2022-02-14T13:51:50","modified_gmt":"2022-02-14T12:51:50","slug":"boom-dziadek-do-orzechow","status":"publish","type":"product","link":"https:\/\/filharmonia.rzeszow.pl\/en\/produkt\/boom-dziadek-do-orzechow\/","title":{"rendered":"BOOM Dziadek do orzech\u00f3w"},"content":{"rendered":"<p><strong>Polski Balet Kr\u00f3lewski<\/strong><\/p>\n<p>Jeden z najm\u0142odszych i jednocze\u015bnie jeden z najlepszych zespo\u0142\u00f3w baletowych w Europie. U podstaw tworzenia Polskiego Baletu Kr\u00f3lewskiego leg\u0142a my\u015bl, o pr\u00f3bie zebrania\u00a0<strong>najlepszych polskich, zachodnio i po\u0142udniowoeuropejskich tancerzy<\/strong>\u00a0w jeden zesp\u00f3\u0142, kt\u00f3ry b\u0119dzie odzwierciedleniem najlepszych tradycji ta\u0144ca klasycznego, jak r\u00f3wnie\u017c poszukiwania oryginalnych i nowoczesnych \u015brodk\u00f3w artystycznej ekspresji. W\u015br\u00f3d artyst\u00f3w naszego zespo\u0142u znajduj\u0105 si\u0119 nazwiska wybitnych tancerek i tancerzy scen polskich i europejskich. Wsp\u00f3lnym mianownikiem wszystkich artyst\u00f3w tworz\u0105cych Polski Balet Kr\u00f3lewski jest ich\u00a0<strong>wysoki poziom techniczny<\/strong>, co niejednokrotnie znalaz\u0142o potwierdzenie w zdobytych\u00a0<strong>laurach konkursowych<\/strong>.<br \/>\nW gronie tego\u00a0<strong>elitarnego zespo\u0142u<\/strong>\u00a0znajdziecie pa\u0144stwo nazwiska tak utalentowanych mistrzy\u0144 i mistrz\u00f3w ta\u0144ca, jak Saeka Shira &#8211; zdobywczyni Srebrnego Medalu na Mi\u0119dzynarodowym Konkursie Baletowym w Warnie, czy Mateusz Sierant, b\u0119d\u0105cy I solist\u0105 Teatru Wielkiego im. Stanis\u0142awa Moniuszki w Poznaniu. Tak dobrany zesp\u00f3\u0142 jest gwarancj\u0105\u00a0<strong>mistrzowskiego warsztatu, jak i g\u0142\u0119bokiej znajomo\u015bci \u015bwiatowej klasyki ta\u0144ca oraz wsp\u00f3\u0142czesnych trend\u00f3w<\/strong>. Niew\u0105tpliwie warty podkre\u015blenia jest fakt, \u017ce tak wybitny zesp\u00f3\u0142, nie zamyka si\u0119 wy\u0142\u0105cznie w teatralnej sali, a sam wychodzi na spotkanie z publiczno\u015bci\u0105 wsz\u0119dzie tam, gdzie istnieje zapotrzebowanie na kontakt ze sztuk\u0105 najwy\u017cszej pr\u00f3by.\u00a0<strong>Kupuj\u0105c bilety na spektakle Polskiego Baletu Kr\u00f3lewskiego, widz staje si\u0119 mecenasem kultury polskiej, wspieraj\u0105c w ten spos\u00f3b przede wszystkim polskich artyst\u00f3w, czym przyczynia si\u0119 do piel\u0119gnowania wielkich i wspania\u0142ych polskich tradycji ta\u0144ca<\/strong>.<\/p>\n<p>&nbsp;<\/p>\n<p><strong>\u201eDziadek do orzech\u00f3w\u201d<\/strong><\/p>\n<p>Pomimo up\u0142ywu blisko stu trzydziestu lat od daty premiery \u201cDziadka do orzech\u00f3w\u201d, kt\u00f3ra mia\u0142a miejsce w petersburskim Teatrze Maryjskim, dzie\u0142o\u00a0<strong>Piotra Czajkowskiego<\/strong>, czo\u0142owego rosyjskiego kompozytora doby romantyzmu, cieszy si\u0119 nieustannym powodzeniem wsz\u0119dzie tam, gdzie jest wystawiane. \u201cDziadek do orzech\u00f3w\u201d to\u00a0<strong>pozycja obowi\u0105zkowa w repertuarze ka\u017cdego teatru operowego<\/strong>, szczeg\u00f3lnie popularna w okresie\u00a0<strong>Bo\u017cego Narodzenia<\/strong>. To r\u00f3wnie\u017c jedna z tych r\u00f3l, o kt\u00f3rych\u00a0<strong>marz\u0105 tancerze i tancerki na ca\u0142ym \u015bwiecie<\/strong>. Wybitny francuski tancerz i choreograf\u00a0<strong>Marius Petipa<\/strong>, po przeczytaniu opowiadania E.T.A. Hoffmanna o tym samym tytule, postanowi\u0142 stworzy\u0107 libretto baletowe, kt\u00f3re jak si\u0119 okaza\u0142o, wesz\u0142o na wieki do\u00a0<strong>baletowej klasyki<\/strong>. Dlatego kupuj\u0105c bilet na ten spektakl, dokonali\u015bcie Pa\u0144stwo doskona\u0142ego wyboru. Postanowili\u015bmy zaprosi\u0107 publiczno\u015b\u0107 do\u00a0<strong>\u015bwiata pe\u0142nego sn\u00f3w, rzeczy niemo\u017cliwych<\/strong>, wype\u0142nionego po brzegi pi\u0119knem muzycznym i si\u0142\u0105 dozna\u0144, jakie zapewnia nasz zesp\u00f3\u0142 baletowy. Kim jest tytu\u0142owy Dziadek do\u00a0 orzech\u00f3w? To ostatnia zabawka, znajduj\u0105ca si\u0119 pod choink\u0105, kt\u00f3ra w nikim nie wzbudzi\u0142a wi\u0119kszego zachwytu poza ma\u0142\u0105 Klar\u0105. Kiedy bo\u017conarodzeniowe przyj\u0119cie dobiega ko\u0144ca, a wszyscy go\u015bcie udaj\u0105 si\u0119 na spoczynek, ma\u0142a Klara tak\u017ce zasypia, tul\u0105c do siebie zabawk\u0119. Nadchodzi sen. Nagle wszystko wydaje si\u0119 wi\u0119ksze, Klara doro\u015bleje, a zabawki o\u017cywaj\u0105, tak\u017ce jej ulubiona. Dziadek do orzech\u00f3w staje si\u0119 dow\u00f3dc\u0105 zabawkowych wojsk, kt\u00f3re staczaj\u0105 bitw\u0119 z ca\u0142ymi zast\u0119pami wrogich myszy. Po zwyci\u0119skiej bitwie Klara i Dziadek, jako ksi\u0105\u017c\u0119ca para trafiaj\u0105 do\u00a0<strong>Krainy S\u0142odyczy<\/strong>, gdzie napotykaj\u0105 tak magiczne miejsca, jak\u00a0<strong>Cukrowa \u0141\u0105ka<\/strong>,\u00a0<strong>Brama \u0141akomczuch\u00f3w<\/strong>, czy\u00a0<strong>Marcepanowy Pa\u0142ac<\/strong>. Niestety nawet tak pi\u0119kny sen musi dobiec ko\u0144ca. Klara budzi si\u0119, trzymaj\u0105c wci\u0105\u017c swego bajkowego przyjaciela Dziadka do orzech\u00f3w. Chyba nie trzeba czyta\u0107 i m\u00f3wi\u0107 nic wi\u0119cej, aby da\u0107 si\u0119 zaprosi\u0107 samemu czy te\u017c z rodzin\u0105 lub z przyjaci\u00f3\u0142mi na ten pi\u0119kny spektakl i razem z bohaterami odby\u0107 taneczno-muzyczn\u0105\u00a0<strong>podr\u00f3\u017c do s\u0142odkiego \u015bwiata, w kt\u00f3rym wszystko jest mo\u017cliwe, a wszyscy s\u0105 szcz\u0119\u015bliwi<\/strong>.<\/p>\n<p>&nbsp;<\/p>\n","protected":false},"excerpt":{"rendered":"<p><u><strong>\u00a0<\/strong><\/u><u><strong><img decoding=\"async\" class=\"wp-image-217 aligncenter\" src=\"http:\/\/filharmonia.jancybulski.pl\/wp-content\/uploads\/2021\/12\/boom-300x95.jpg\" alt=\"\" width=\"234\" height=\"74\" \/><\/strong><\/u><\/p>\n<p><u><strong>11 stycznia\u00a0<\/strong><\/u><u><strong>2022r,. wtorek, godz. 19:00<\/strong><\/u><\/p>\n<p><u><strong>DZIADEK DO ORZECH\u00d3W<\/strong><\/u><\/p>\n<p>&nbsp;<\/p>\n<p><strong>ORKIESTRA SYMFONICZNA FILHARMONII PODKARPACKIEJ<br \/>\nPOLSKI BALET KR\u00d3LEWSKI<\/strong><br \/>\n<strong>WOJCIECH RODEK\u00a0<\/strong>&#8211; dyrygent<\/p>\n<p>&nbsp;<\/p>\n","protected":false},"featured_media":121,"template":"","meta":[],"product_brand":[],"product_cat":[18,21,15,17],"product_tag":[],"class_list":{"0":"post-87","1":"product","2":"type-product","3":"status-publish","4":"has-post-thumbnail","6":"product_cat-2022-ar","7":"product_cat-styczen-arch","8":"product_cat-bez-kategorii","9":"product_cat-archiwum","11":"entry","12":"has-media","14":"first","15":"instock","16":"shipping-taxable","17":"product-type-simple","18":"has-product-nav","19":"col","20":"span_1_of_3","21":"owp-content-center","22":"owp-thumbs-layout-horizontal","23":"owp-btn-normal","24":"owp-tabs-layout-horizontal"},"yoast_head":"<!-- This site is optimized with the Yoast SEO plugin v27.1.1 - https:\/\/yoast.com\/product\/yoast-seo-wordpress\/ -->\n<title>BOOM Dziadek do orzech\u00f3w - Filharmonia Podkarpacka - English<\/title>\n<meta name=\"robots\" content=\"index, follow, max-snippet:-1, max-image-preview:large, max-video-preview:-1\" \/>\n<link rel=\"canonical\" href=\"https:\/\/filharmonia.rzeszow.pl\/en\/produkt\/boom-dziadek-do-orzechow\/\" \/>\n<meta property=\"og:locale\" content=\"en_US\" \/>\n<meta property=\"og:type\" content=\"article\" \/>\n<meta property=\"og:title\" content=\"BOOM Dziadek do orzech\u00f3w - Filharmonia Podkarpacka - English\" \/>\n<meta property=\"og:description\" content=\"\u00a0  11 stycznia\u00a02022r,. wtorek, godz. 19:00  DZIADEK DO ORZECH\u00d3W  &nbsp;  ORKIESTRA SYMFONICZNA FILHARMONII PODKARPACKIEJ POLSKI BALET KR\u00d3LEWSKI WOJCIECH RODEK\u00a0- dyrygent  &nbsp;\" \/>\n<meta property=\"og:url\" content=\"https:\/\/filharmonia.rzeszow.pl\/en\/produkt\/boom-dziadek-do-orzechow\/\" \/>\n<meta property=\"og:site_name\" content=\"Filharmonia Podkarpacka - English\" \/>\n<meta property=\"article:modified_time\" content=\"2022-02-14T12:51:50+00:00\" \/>\n<meta name=\"twitter:card\" content=\"summary_large_image\" \/>\n<meta name=\"twitter:label1\" content=\"Est. reading time\" \/>\n\t<meta name=\"twitter:data1\" content=\"3 minutes\" \/>\n<script type=\"application\/ld+json\" class=\"yoast-schema-graph\">{\"@context\":\"https:\/\/schema.org\",\"@graph\":[{\"@type\":\"WebPage\",\"@id\":\"https:\/\/filharmonia.rzeszow.pl\/en\/produkt\/boom-dziadek-do-orzechow\/\",\"url\":\"https:\/\/filharmonia.rzeszow.pl\/en\/produkt\/boom-dziadek-do-orzechow\/\",\"name\":\"BOOM Dziadek do orzech\u00f3w - Filharmonia Podkarpacka - English\",\"isPartOf\":{\"@id\":\"https:\/\/filharmonia.rzeszow.pl\/en\/#website\"},\"primaryImageOfPage\":{\"@id\":\"https:\/\/filharmonia.rzeszow.pl\/en\/produkt\/boom-dziadek-do-orzechow\/#primaryimage\"},\"image\":{\"@id\":\"https:\/\/filharmonia.rzeszow.pl\/en\/produkt\/boom-dziadek-do-orzechow\/#primaryimage\"},\"thumbnailUrl\":\"https:\/\/filharmonia.rzeszow.pl\/en\/wp-content\/uploads\/sites\/2\/2022\/02\/5DBC90D7-E815-446B-AE3A-FC121432DDF6.jpg\",\"datePublished\":\"2022-02-14T12:48:30+00:00\",\"dateModified\":\"2022-02-14T12:51:50+00:00\",\"breadcrumb\":{\"@id\":\"https:\/\/filharmonia.rzeszow.pl\/en\/produkt\/boom-dziadek-do-orzechow\/#breadcrumb\"},\"inLanguage\":\"en-US\",\"potentialAction\":[{\"@type\":\"ReadAction\",\"target\":[\"https:\/\/filharmonia.rzeszow.pl\/en\/produkt\/boom-dziadek-do-orzechow\/\"]}]},{\"@type\":\"ImageObject\",\"inLanguage\":\"en-US\",\"@id\":\"https:\/\/filharmonia.rzeszow.pl\/en\/produkt\/boom-dziadek-do-orzechow\/#primaryimage\",\"url\":\"https:\/\/filharmonia.rzeszow.pl\/en\/wp-content\/uploads\/sites\/2\/2022\/02\/5DBC90D7-E815-446B-AE3A-FC121432DDF6.jpg\",\"contentUrl\":\"https:\/\/filharmonia.rzeszow.pl\/en\/wp-content\/uploads\/sites\/2\/2022\/02\/5DBC90D7-E815-446B-AE3A-FC121432DDF6.jpg\",\"width\":1999,\"height\":1999},{\"@type\":\"BreadcrumbList\",\"@id\":\"https:\/\/filharmonia.rzeszow.pl\/en\/produkt\/boom-dziadek-do-orzechow\/#breadcrumb\",\"itemListElement\":[{\"@type\":\"ListItem\",\"position\":1,\"name\":\"Strona g\u0142\u00f3wna\",\"item\":\"https:\/\/filharmonia.rzeszow.pl\/en\/\"},{\"@type\":\"ListItem\",\"position\":2,\"name\":\"Sklep\",\"item\":\"https:\/\/filharmonia.rzeszow.pl\/en\/sklep\/\"},{\"@type\":\"ListItem\",\"position\":3,\"name\":\"BOOM Dziadek do orzech\u00f3w\"}]},{\"@type\":\"WebSite\",\"@id\":\"https:\/\/filharmonia.rzeszow.pl\/en\/#website\",\"url\":\"https:\/\/filharmonia.rzeszow.pl\/en\/\",\"name\":\"Filharmonia Podkarpacka - English\",\"description\":\"Kolejna witryna sieci &#8222;Filharmonia Podkarpacka &#8221;\",\"publisher\":{\"@id\":\"https:\/\/filharmonia.rzeszow.pl\/en\/#organization\"},\"potentialAction\":[{\"@type\":\"SearchAction\",\"target\":{\"@type\":\"EntryPoint\",\"urlTemplate\":\"https:\/\/filharmonia.rzeszow.pl\/en\/?s={search_term_string}\"},\"query-input\":{\"@type\":\"PropertyValueSpecification\",\"valueRequired\":true,\"valueName\":\"search_term_string\"}}],\"inLanguage\":\"en-US\"},{\"@type\":\"Organization\",\"@id\":\"https:\/\/filharmonia.rzeszow.pl\/en\/#organization\",\"name\":\"Filharmonia Podkarpacka - English\",\"url\":\"https:\/\/filharmonia.rzeszow.pl\/en\/\",\"logo\":{\"@type\":\"ImageObject\",\"inLanguage\":\"en-US\",\"@id\":\"https:\/\/filharmonia.rzeszow.pl\/en\/#\/schema\/logo\/image\/\",\"url\":\"https:\/\/filharmonia.rzeszow.pl\/en\/wp-content\/uploads\/sites\/2\/2022\/02\/Obszar-roboczy-2@3x.png\",\"contentUrl\":\"https:\/\/filharmonia.rzeszow.pl\/en\/wp-content\/uploads\/sites\/2\/2022\/02\/Obszar-roboczy-2@3x.png\",\"width\":2721,\"height\":1527,\"caption\":\"Filharmonia Podkarpacka - English\"},\"image\":{\"@id\":\"https:\/\/filharmonia.rzeszow.pl\/en\/#\/schema\/logo\/image\/\"}}]}<\/script>\n<!-- \/ Yoast SEO plugin. -->","yoast_head_json":{"title":"BOOM Dziadek do orzech\u00f3w - Filharmonia Podkarpacka - English","robots":{"index":"index","follow":"follow","max-snippet":"max-snippet:-1","max-image-preview":"max-image-preview:large","max-video-preview":"max-video-preview:-1"},"canonical":"https:\/\/filharmonia.rzeszow.pl\/en\/produkt\/boom-dziadek-do-orzechow\/","og_locale":"en_US","og_type":"article","og_title":"BOOM Dziadek do orzech\u00f3w - Filharmonia Podkarpacka - English","og_description":"\u00a0  11 stycznia\u00a02022r,. wtorek, godz. 19:00  DZIADEK DO ORZECH\u00d3W  &nbsp;  ORKIESTRA SYMFONICZNA FILHARMONII PODKARPACKIEJ POLSKI BALET KR\u00d3LEWSKI WOJCIECH RODEK\u00a0- dyrygent  &nbsp;","og_url":"https:\/\/filharmonia.rzeszow.pl\/en\/produkt\/boom-dziadek-do-orzechow\/","og_site_name":"Filharmonia Podkarpacka - English","article_modified_time":"2022-02-14T12:51:50+00:00","twitter_card":"summary_large_image","twitter_misc":{"Est. reading time":"3 minutes"},"schema":{"@context":"https:\/\/schema.org","@graph":[{"@type":"WebPage","@id":"https:\/\/filharmonia.rzeszow.pl\/en\/produkt\/boom-dziadek-do-orzechow\/","url":"https:\/\/filharmonia.rzeszow.pl\/en\/produkt\/boom-dziadek-do-orzechow\/","name":"BOOM Dziadek do orzech\u00f3w - Filharmonia Podkarpacka - English","isPartOf":{"@id":"https:\/\/filharmonia.rzeszow.pl\/en\/#website"},"primaryImageOfPage":{"@id":"https:\/\/filharmonia.rzeszow.pl\/en\/produkt\/boom-dziadek-do-orzechow\/#primaryimage"},"image":{"@id":"https:\/\/filharmonia.rzeszow.pl\/en\/produkt\/boom-dziadek-do-orzechow\/#primaryimage"},"thumbnailUrl":"https:\/\/filharmonia.rzeszow.pl\/en\/wp-content\/uploads\/sites\/2\/2022\/02\/5DBC90D7-E815-446B-AE3A-FC121432DDF6.jpg","datePublished":"2022-02-14T12:48:30+00:00","dateModified":"2022-02-14T12:51:50+00:00","breadcrumb":{"@id":"https:\/\/filharmonia.rzeszow.pl\/en\/produkt\/boom-dziadek-do-orzechow\/#breadcrumb"},"inLanguage":"en-US","potentialAction":[{"@type":"ReadAction","target":["https:\/\/filharmonia.rzeszow.pl\/en\/produkt\/boom-dziadek-do-orzechow\/"]}]},{"@type":"ImageObject","inLanguage":"en-US","@id":"https:\/\/filharmonia.rzeszow.pl\/en\/produkt\/boom-dziadek-do-orzechow\/#primaryimage","url":"https:\/\/filharmonia.rzeszow.pl\/en\/wp-content\/uploads\/sites\/2\/2022\/02\/5DBC90D7-E815-446B-AE3A-FC121432DDF6.jpg","contentUrl":"https:\/\/filharmonia.rzeszow.pl\/en\/wp-content\/uploads\/sites\/2\/2022\/02\/5DBC90D7-E815-446B-AE3A-FC121432DDF6.jpg","width":1999,"height":1999},{"@type":"BreadcrumbList","@id":"https:\/\/filharmonia.rzeszow.pl\/en\/produkt\/boom-dziadek-do-orzechow\/#breadcrumb","itemListElement":[{"@type":"ListItem","position":1,"name":"Strona g\u0142\u00f3wna","item":"https:\/\/filharmonia.rzeszow.pl\/en\/"},{"@type":"ListItem","position":2,"name":"Sklep","item":"https:\/\/filharmonia.rzeszow.pl\/en\/sklep\/"},{"@type":"ListItem","position":3,"name":"BOOM Dziadek do orzech\u00f3w"}]},{"@type":"WebSite","@id":"https:\/\/filharmonia.rzeszow.pl\/en\/#website","url":"https:\/\/filharmonia.rzeszow.pl\/en\/","name":"Filharmonia Podkarpacka - English","description":"Kolejna witryna sieci &#8222;Filharmonia Podkarpacka &#8221;","publisher":{"@id":"https:\/\/filharmonia.rzeszow.pl\/en\/#organization"},"potentialAction":[{"@type":"SearchAction","target":{"@type":"EntryPoint","urlTemplate":"https:\/\/filharmonia.rzeszow.pl\/en\/?s={search_term_string}"},"query-input":{"@type":"PropertyValueSpecification","valueRequired":true,"valueName":"search_term_string"}}],"inLanguage":"en-US"},{"@type":"Organization","@id":"https:\/\/filharmonia.rzeszow.pl\/en\/#organization","name":"Filharmonia Podkarpacka - English","url":"https:\/\/filharmonia.rzeszow.pl\/en\/","logo":{"@type":"ImageObject","inLanguage":"en-US","@id":"https:\/\/filharmonia.rzeszow.pl\/en\/#\/schema\/logo\/image\/","url":"https:\/\/filharmonia.rzeszow.pl\/en\/wp-content\/uploads\/sites\/2\/2022\/02\/Obszar-roboczy-2@3x.png","contentUrl":"https:\/\/filharmonia.rzeszow.pl\/en\/wp-content\/uploads\/sites\/2\/2022\/02\/Obszar-roboczy-2@3x.png","width":2721,"height":1527,"caption":"Filharmonia Podkarpacka - English"},"image":{"@id":"https:\/\/filharmonia.rzeszow.pl\/en\/#\/schema\/logo\/image\/"}}]}},"publishpress_future_action":{"enabled":false,"date":"2026-05-02 13:55:54","action":"category","newStatus":"draft","terms":[],"taxonomy":"product_visibility","extraData":[]},"publishpress_future_workflow_manual_trigger":{"enabledWorkflows":[]},"_links":{"self":[{"href":"https:\/\/filharmonia.rzeszow.pl\/en\/wp-json\/wp\/v2\/product\/87","targetHints":{"allow":["GET"]}}],"collection":[{"href":"https:\/\/filharmonia.rzeszow.pl\/en\/wp-json\/wp\/v2\/product"}],"about":[{"href":"https:\/\/filharmonia.rzeszow.pl\/en\/wp-json\/wp\/v2\/types\/product"}],"wp:featuredmedia":[{"embeddable":true,"href":"https:\/\/filharmonia.rzeszow.pl\/en\/wp-json\/wp\/v2\/media\/121"}],"wp:attachment":[{"href":"https:\/\/filharmonia.rzeszow.pl\/en\/wp-json\/wp\/v2\/media?parent=87"}],"wp:term":[{"taxonomy":"product_brand","embeddable":true,"href":"https:\/\/filharmonia.rzeszow.pl\/en\/wp-json\/wp\/v2\/product_brand?post=87"},{"taxonomy":"product_cat","embeddable":true,"href":"https:\/\/filharmonia.rzeszow.pl\/en\/wp-json\/wp\/v2\/product_cat?post=87"},{"taxonomy":"product_tag","embeddable":true,"href":"https:\/\/filharmonia.rzeszow.pl\/en\/wp-json\/wp\/v2\/product_tag?post=87"}],"curies":[{"name":"wp","href":"https:\/\/api.w.org\/{rel}","templated":true}]}}