{"id":89,"date":"2022-02-14T13:48:30","date_gmt":"2022-02-14T12:48:30","guid":{"rendered":"https:\/\/filharmonia.rzeszow.pl\/en\/?post_type=product&#038;p=89"},"modified":"2022-02-23T15:07:51","modified_gmt":"2022-02-23T14:07:51","slug":"boom-choralnie-mikromusic-smolik-skubas-oraz-chor-instytutu-muzyki-urz","status":"publish","type":"product","link":"https:\/\/filharmonia.rzeszow.pl\/en\/produkt\/boom-choralnie-mikromusic-smolik-skubas-oraz-chor-instytutu-muzyki-urz\/","title":{"rendered":"BOOM Ch\u00f3ralnie: MIKROMUSIC, SMOLIK, SKUBAS oraz CH\u00d3R INSTYTUTU MUZYKI URz"},"content":{"rendered":"<p><strong>\u201eCh\u00f3ralnie\u201d<\/strong>\u00a0to niecodzienny projekt , kt\u00f3ry powsta\u0142 przy wsp\u00f3\u0142pracy MIKROMUSIC, SMOLIKA oraz SKUBASA.\u00a0 Arty\u015bci od lat si\u0119 znaj\u0105 i maj\u0105 okazj\u0119 ze sob\u0105 koncertowa\u0107, ale jeszcze nigdy nie mia\u0142o to miejsca na tak\u0105 skal\u0119. Do projektu \u201eCh\u00f3ralnie\u201d zaproszono Ch\u00f3ry Akademickie. W ka\u017cdym z miast wyst\u0105pi inny, \u201elokalny\u201d ch\u00f3r. Koncerty b\u0119d\u0105 si\u0119 opiera\u0107 na repertuarze w\/w artyst\u00f3w wykonane z towarzyszeniem ch\u00f3r\u00f3w ze specjalnie na t\u0119 okazj\u0119 napisanymi aran\u017cacjami.<br \/>\nPo raz pierwszy arty\u015bci wyst\u0105pili wsp\u00f3lnie we wrze\u015bniu 2018 w Filharmonii w Szczecinie. W\u00f3wczas towarzyszy\u0142 im Ch\u00f3r Akademii Morskiej w Szczecinie. Drugi raz, tym razem z towarzyszeniem Ch\u00f3ru Uniwersytetu Gda\u0144skiego, zagrali w Teatrze Szekspirowskim w Gda\u0144sku w marcu 2019. Bilety sprzeda\u0142y si\u0119 b\u0142yskawicznie.\u00a0 Te dwa koncerty sta\u0142y si\u0119 inspiracj\u0105 do tego, \u017ceby \u00a0przenie\u015b\u0107 si\u0119 na inne sceny i zawita\u0107 r\u00f3wnie\u017c w kilku innych uniwersyteckich miastach.<\/p>\n<p>&nbsp;<\/p>\n<p><strong>MIKROMUSIC\u00a0<\/strong>to polski zesp\u00f3\u0142 graj\u0105cy muzyk\u0119 okre\u015blan\u0105 jako avant pop lub art pop. W ich tw\u00f3rczo\u015bci s\u0142ycha\u0107 inspiracje s\u0142owia\u0144skim folkiem, jazzem, rockiem i elektronik\u0105. Na koncie maj\u0105 sze\u015b\u0107 p\u0142yt studyjnych i trzy albumy koncertowe. Grali na najwa\u017cniejszych polskich festiwalach i koncertowali za granic\u0105. Zesp\u00f3\u0142 zosta\u0142 dwukrotnie nominowany do najwa\u017cniejszej polskiej nagrody muzycznej czyli Fryderyk\u00f3w w kategorii Alternatywna P\u0142yta Roku, a teledyski do ich utwor\u00f3w wielokrotnie otrzyma\u0142y wyr\u00f3\u017cnienia na takich festiwalach jak Yach Film Festival, Camerimage, Berlin Music Video Awards. Ogl\u0105dalno\u015b\u0107 teledysk\u00f3w Mikromusic na Youtube si\u0119ga kilkudziesi\u0119ciu milion\u00f3w. Ostatnia p\u0142yta &#8220;Tak mi si\u0119 nie chce\u201d oraz wyprzedane sale koncertowe plasuj\u0105 zesp\u00f3\u0142 w gronie najbardziej popularnych zespo\u0142\u00f3w w Polsce. Za album pt \u201eMikromusic z dolnej p\u00f3\u0142ki\u201d zesp\u00f3\u0142 otrzyma\u0142 FRYDERYKA 2020.<\/p>\n<p>&nbsp;<\/p>\n<p><strong>SMOLIK<\/strong>\u00a0&#8211; jeden z najbardziej uznanych producent\u00f3w muzycznych w Polsce, kt\u00f3ry opr\u00f3cz produkcji utwor\u00f3w i album\u00f3w dla wielu artyst\u00f3w, wydaje swoje autorskie p\u0142yty. Muzyka SMOLIKA to po\u0142\u0105czenie subtelnej elektroniki z bardzo przestrzennymi, akustycznymi brzmieniami. SMOLIK z wielkimi sukcesami produkuje te\u017c muzyk\u0119 do film\u00f3w, spektakli teatralnych i telewizyjnych. Jest r\u00f3wnie\u017c autorem muzyki do wielu kampanii i film\u00f3w reklamowych.<br \/>\nNazwisko SMOLIKA jest niezmiennie od kilku lat mark\u0105 nierozerwalnie kojarz\u0105c\u0105 si\u0119 nie tylko z muzyk\u0105, ale r\u00f3wnie\u017c z dobrym gustem, naj\u015bwie\u017cszymi trendami i nowoczesn\u0105 elegancj\u0105. Potwierdzaj\u0105 to nagrody jakie otrzyma\u0142 w ostatnich latach,\u00a0<a href=\"http:\/\/m.in\/\">m.in<\/a>..: Paszport Polityki, Fryderyki za produkcj\u0119 roku 2006 i 2009 oraz dla najlepszego kompozytora 2003 i 2006, trzykrotna nominacja do nagrody MTV European Music Aword, Kreatura 2008 za wk\u0142ad w muzyk\u0119 reklamow\u0105. Ostatnie projekty, za kt\u00f3re odpowiada SMOLIK to\u00a0<a href=\"http:\/\/m.in\/\">m.in<\/a>. koncertowy album MIUOSH|SMOLIK|NOSPR, album HISTORIE nagrany przy wsp\u00f3\u0142pracy z Muzeum Powstania Warszawskiego,\u00a0 EP Queen Of Hearts oraz album SMOLIK \/\/ KEV FOX, kt\u00f3ry\u00a0 stworzy\u0142 wsp\u00f3lnie z brytyjskim songwriterem KEVEM FOXEM, za kt\u00f3ry arty\u015bci odebrali Fryderyka 2016.<\/p>\n<p>&nbsp;<\/p>\n<p><strong>SKUBAS<\/strong>\u00a0\u2013 to artysta, kt\u00f3ry stworzy\u0142 jedn\u0105 z pi\u0119kniejszych polskich piosenek mi\u0142osnych o\u2026 braku mi\u0142o\u015bci. W swojej tw\u00f3rczo\u015bci bez zb\u0119dnych upi\u0119ksze\u0144 dotyka temat\u00f3w, w kt\u00f3rych ka\u017cdy s\u0142uchacz mo\u017ce odnale\u017a\u0107 cz\u0105stk\u0119 siebie. Wszystko to w akompaniamencie czasem czu\u0142ych i delikatnych, czasem mrocznych, brudnych, niemal grunge\u2019owych kompozycji. Kiedy\u015b znany g\u0142\u00f3wnie na scenie klubowej, szerszej publiczno\u015bci da\u0142 si\u0119 pozna\u0107 dzi\u0119ki wydanemu w 2012 autorskiemu albumowi \u201eWilcze\u0142yko\u201d. Na swojej drugiej p\u0142ycie \u2013 \u201eBrzask\u201d zaprezentowa\u0142 si\u0119 ju\u017c jako artysta kompletny. Od czasu debiutu SKUBAS zagra\u0142 kilka tras koncertowych i wyst\u0105pi\u0142 na najwa\u017cniejszych polskich festiwalach (<a href=\"http:\/\/m.in\/\">m.in<\/a>. Open\u2019er, Orange Warsaw Festival, Jarocin, Przystanek Woodstock). Bra\u0142 r\u00f3wnie\u017c udzia\u0142 w takich projektach jak M\u0119skie Granie Orkiestra, Obywatel GC v.2.0 czy Europejski Stadion Kultury. \u201eSzklane Miesi\u0105ce\u201d to singiel zapowiadaj\u0105cy trzeci album artysty. Premiera koncertowa singla odby\u0142a si\u0119 w sierpniu w ramach trasy M\u0119skiego Grania w Warszawie przed ponad 15 tysi\u0119czn\u0105 publiczno\u015bci\u0105.\u00a0<strong>23.10.2020 ukaza\u0142 si\u0119 III album SKUBASA \u00a0pt. \u201eDUCH\u201d\u00a0<\/strong>Do tej pory ukaza\u0142y si\u0119 4 videoklipy promuj\u0105ce to wydawnictwo, w tym \u201eOjciec i syn\u201d nagrodzony podczas 7 edycji\u00a0Papaya Young Directors<\/p>\n","protected":false},"excerpt":{"rendered":"<p><span style=\"text-decoration: underline\"><strong>BOOM 21 LUTEGO 2022r., poniedzia\u0142ek, godz. 20:00<\/strong><\/span><\/p>\n<p><strong>MIKROMUSIC, SMOLIK, SKUBAS ORAZ CH\u00d3R INSTYTUTU MUZYKI UNIWERSYTETU RZESZOWSKIEGO W PROJEKCIE &#8220;CH\u00d3RALNIE&#8221;<\/strong><\/p>\n<p>&nbsp;<\/p>\n<p><a href=\"https:\/\/filharmonia.rzeszow.pl\/wp-content\/uploads\/2022\/02\/Oswiadczenie-publicznosci.docx\"><strong>Przed wej\u015bciem na koncert prosimy osoby niezaszczepione o z\u0142o\u017cenie\u00a0O\u015aWIADCZENIA O STANIE ZDROWIA<\/strong><\/a><\/p>\n","protected":false},"featured_media":127,"template":"","meta":[],"product_brand":[],"product_cat":[18,54,17],"product_tag":[],"class_list":{"0":"post-89","1":"product","2":"type-product","3":"status-publish","4":"has-post-thumbnail","6":"product_cat-2022-ar","7":"product_cat-luty-ar","8":"product_cat-archiwum","10":"entry","11":"has-media","13":"first","14":"instock","15":"shipping-taxable","16":"product-type-simple","17":"has-product-nav","18":"col","19":"span_1_of_3","20":"owp-content-center","21":"owp-thumbs-layout-horizontal","22":"owp-btn-normal","23":"owp-tabs-layout-horizontal"},"yoast_head":"<!-- This site is optimized with the Yoast SEO plugin v27.1.1 - https:\/\/yoast.com\/product\/yoast-seo-wordpress\/ -->\n<title>BOOM Ch\u00f3ralnie: MIKROMUSIC, SMOLIK, SKUBAS oraz CH\u00d3R INSTYTUTU MUZYKI URz - Filharmonia Podkarpacka - English<\/title>\n<meta name=\"robots\" content=\"index, follow, max-snippet:-1, max-image-preview:large, max-video-preview:-1\" \/>\n<link rel=\"canonical\" href=\"https:\/\/filharmonia.rzeszow.pl\/en\/produkt\/boom-choralnie-mikromusic-smolik-skubas-oraz-chor-instytutu-muzyki-urz\/\" \/>\n<meta property=\"og:locale\" content=\"en_US\" \/>\n<meta property=\"og:type\" content=\"article\" \/>\n<meta property=\"og:title\" content=\"BOOM Ch\u00f3ralnie: MIKROMUSIC, SMOLIK, SKUBAS oraz CH\u00d3R INSTYTUTU MUZYKI URz - Filharmonia Podkarpacka - English\" \/>\n<meta property=\"og:description\" content=\"BOOM 21 LUTEGO 2022r., poniedzia\u0142ek, godz. 20:00  MIKROMUSIC, SMOLIK, SKUBAS ORAZ CH\u00d3R INSTYTUTU MUZYKI UNIWERSYTETU RZESZOWSKIEGO W PROJEKCIE &quot;CH\u00d3RALNIE&quot;  &nbsp;  Przed wej\u015bciem na koncert prosimy osoby niezaszczepione o z\u0142o\u017cenie\u00a0O\u015aWIADCZENIA O STANIE ZDROWIA\" \/>\n<meta property=\"og:url\" content=\"https:\/\/filharmonia.rzeszow.pl\/en\/produkt\/boom-choralnie-mikromusic-smolik-skubas-oraz-chor-instytutu-muzyki-urz\/\" \/>\n<meta property=\"og:site_name\" content=\"Filharmonia Podkarpacka - English\" \/>\n<meta property=\"article:modified_time\" content=\"2022-02-23T14:07:51+00:00\" \/>\n<meta property=\"og:image\" content=\"https:\/\/filharmonia.rzeszow.pl\/en\/wp-content\/uploads\/sites\/2\/2022\/02\/MSS9776-scaled-1.jpg\" \/>\n\t<meta property=\"og:image:width\" content=\"2560\" \/>\n\t<meta property=\"og:image:height\" content=\"1709\" \/>\n\t<meta property=\"og:image:type\" content=\"image\/jpeg\" \/>\n<meta name=\"twitter:card\" content=\"summary_large_image\" \/>\n<meta name=\"twitter:label1\" content=\"Est. reading time\" \/>\n\t<meta name=\"twitter:data1\" content=\"3 minutes\" \/>\n<script type=\"application\/ld+json\" class=\"yoast-schema-graph\">{\"@context\":\"https:\/\/schema.org\",\"@graph\":[{\"@type\":\"WebPage\",\"@id\":\"https:\/\/filharmonia.rzeszow.pl\/en\/produkt\/boom-choralnie-mikromusic-smolik-skubas-oraz-chor-instytutu-muzyki-urz\/\",\"url\":\"https:\/\/filharmonia.rzeszow.pl\/en\/produkt\/boom-choralnie-mikromusic-smolik-skubas-oraz-chor-instytutu-muzyki-urz\/\",\"name\":\"BOOM Ch\u00f3ralnie: MIKROMUSIC, SMOLIK, SKUBAS oraz CH\u00d3R INSTYTUTU MUZYKI URz - Filharmonia Podkarpacka - English\",\"isPartOf\":{\"@id\":\"https:\/\/filharmonia.rzeszow.pl\/en\/#website\"},\"primaryImageOfPage\":{\"@id\":\"https:\/\/filharmonia.rzeszow.pl\/en\/produkt\/boom-choralnie-mikromusic-smolik-skubas-oraz-chor-instytutu-muzyki-urz\/#primaryimage\"},\"image\":{\"@id\":\"https:\/\/filharmonia.rzeszow.pl\/en\/produkt\/boom-choralnie-mikromusic-smolik-skubas-oraz-chor-instytutu-muzyki-urz\/#primaryimage\"},\"thumbnailUrl\":\"https:\/\/filharmonia.rzeszow.pl\/en\/wp-content\/uploads\/sites\/2\/2022\/02\/MSS9776-scaled-1.jpg\",\"datePublished\":\"2022-02-14T12:48:30+00:00\",\"dateModified\":\"2022-02-23T14:07:51+00:00\",\"breadcrumb\":{\"@id\":\"https:\/\/filharmonia.rzeszow.pl\/en\/produkt\/boom-choralnie-mikromusic-smolik-skubas-oraz-chor-instytutu-muzyki-urz\/#breadcrumb\"},\"inLanguage\":\"en-US\",\"potentialAction\":[{\"@type\":\"ReadAction\",\"target\":[\"https:\/\/filharmonia.rzeszow.pl\/en\/produkt\/boom-choralnie-mikromusic-smolik-skubas-oraz-chor-instytutu-muzyki-urz\/\"]}]},{\"@type\":\"ImageObject\",\"inLanguage\":\"en-US\",\"@id\":\"https:\/\/filharmonia.rzeszow.pl\/en\/produkt\/boom-choralnie-mikromusic-smolik-skubas-oraz-chor-instytutu-muzyki-urz\/#primaryimage\",\"url\":\"https:\/\/filharmonia.rzeszow.pl\/en\/wp-content\/uploads\/sites\/2\/2022\/02\/MSS9776-scaled-1.jpg\",\"contentUrl\":\"https:\/\/filharmonia.rzeszow.pl\/en\/wp-content\/uploads\/sites\/2\/2022\/02\/MSS9776-scaled-1.jpg\",\"width\":2560,\"height\":1709},{\"@type\":\"BreadcrumbList\",\"@id\":\"https:\/\/filharmonia.rzeszow.pl\/en\/produkt\/boom-choralnie-mikromusic-smolik-skubas-oraz-chor-instytutu-muzyki-urz\/#breadcrumb\",\"itemListElement\":[{\"@type\":\"ListItem\",\"position\":1,\"name\":\"Strona g\u0142\u00f3wna\",\"item\":\"https:\/\/filharmonia.rzeszow.pl\/en\/\"},{\"@type\":\"ListItem\",\"position\":2,\"name\":\"Sklep\",\"item\":\"https:\/\/filharmonia.rzeszow.pl\/en\/sklep\/\"},{\"@type\":\"ListItem\",\"position\":3,\"name\":\"BOOM Ch\u00f3ralnie: MIKROMUSIC, SMOLIK, SKUBAS oraz CH\u00d3R INSTYTUTU MUZYKI URz\"}]},{\"@type\":\"WebSite\",\"@id\":\"https:\/\/filharmonia.rzeszow.pl\/en\/#website\",\"url\":\"https:\/\/filharmonia.rzeszow.pl\/en\/\",\"name\":\"Filharmonia Podkarpacka - English\",\"description\":\"Kolejna witryna sieci &#8222;Filharmonia Podkarpacka &#8221;\",\"publisher\":{\"@id\":\"https:\/\/filharmonia.rzeszow.pl\/en\/#organization\"},\"potentialAction\":[{\"@type\":\"SearchAction\",\"target\":{\"@type\":\"EntryPoint\",\"urlTemplate\":\"https:\/\/filharmonia.rzeszow.pl\/en\/?s={search_term_string}\"},\"query-input\":{\"@type\":\"PropertyValueSpecification\",\"valueRequired\":true,\"valueName\":\"search_term_string\"}}],\"inLanguage\":\"en-US\"},{\"@type\":\"Organization\",\"@id\":\"https:\/\/filharmonia.rzeszow.pl\/en\/#organization\",\"name\":\"Filharmonia Podkarpacka - English\",\"url\":\"https:\/\/filharmonia.rzeszow.pl\/en\/\",\"logo\":{\"@type\":\"ImageObject\",\"inLanguage\":\"en-US\",\"@id\":\"https:\/\/filharmonia.rzeszow.pl\/en\/#\/schema\/logo\/image\/\",\"url\":\"https:\/\/filharmonia.rzeszow.pl\/en\/wp-content\/uploads\/sites\/2\/2022\/02\/Obszar-roboczy-2@3x.png\",\"contentUrl\":\"https:\/\/filharmonia.rzeszow.pl\/en\/wp-content\/uploads\/sites\/2\/2022\/02\/Obszar-roboczy-2@3x.png\",\"width\":2721,\"height\":1527,\"caption\":\"Filharmonia Podkarpacka - English\"},\"image\":{\"@id\":\"https:\/\/filharmonia.rzeszow.pl\/en\/#\/schema\/logo\/image\/\"}}]}<\/script>\n<!-- \/ Yoast SEO plugin. -->","yoast_head_json":{"title":"BOOM Ch\u00f3ralnie: MIKROMUSIC, SMOLIK, SKUBAS oraz CH\u00d3R INSTYTUTU MUZYKI URz - Filharmonia Podkarpacka - English","robots":{"index":"index","follow":"follow","max-snippet":"max-snippet:-1","max-image-preview":"max-image-preview:large","max-video-preview":"max-video-preview:-1"},"canonical":"https:\/\/filharmonia.rzeszow.pl\/en\/produkt\/boom-choralnie-mikromusic-smolik-skubas-oraz-chor-instytutu-muzyki-urz\/","og_locale":"en_US","og_type":"article","og_title":"BOOM Ch\u00f3ralnie: MIKROMUSIC, SMOLIK, SKUBAS oraz CH\u00d3R INSTYTUTU MUZYKI URz - Filharmonia Podkarpacka - English","og_description":"BOOM 21 LUTEGO 2022r., poniedzia\u0142ek, godz. 20:00  MIKROMUSIC, SMOLIK, SKUBAS ORAZ CH\u00d3R INSTYTUTU MUZYKI UNIWERSYTETU RZESZOWSKIEGO W PROJEKCIE \"CH\u00d3RALNIE\"  &nbsp;  Przed wej\u015bciem na koncert prosimy osoby niezaszczepione o z\u0142o\u017cenie\u00a0O\u015aWIADCZENIA O STANIE ZDROWIA","og_url":"https:\/\/filharmonia.rzeszow.pl\/en\/produkt\/boom-choralnie-mikromusic-smolik-skubas-oraz-chor-instytutu-muzyki-urz\/","og_site_name":"Filharmonia Podkarpacka - English","article_modified_time":"2022-02-23T14:07:51+00:00","og_image":[{"width":2560,"height":1709,"url":"https:\/\/filharmonia.rzeszow.pl\/en\/wp-content\/uploads\/sites\/2\/2022\/02\/MSS9776-scaled-1.jpg","type":"image\/jpeg"}],"twitter_card":"summary_large_image","twitter_misc":{"Est. reading time":"3 minutes"},"schema":{"@context":"https:\/\/schema.org","@graph":[{"@type":"WebPage","@id":"https:\/\/filharmonia.rzeszow.pl\/en\/produkt\/boom-choralnie-mikromusic-smolik-skubas-oraz-chor-instytutu-muzyki-urz\/","url":"https:\/\/filharmonia.rzeszow.pl\/en\/produkt\/boom-choralnie-mikromusic-smolik-skubas-oraz-chor-instytutu-muzyki-urz\/","name":"BOOM Ch\u00f3ralnie: MIKROMUSIC, SMOLIK, SKUBAS oraz CH\u00d3R INSTYTUTU MUZYKI URz - Filharmonia Podkarpacka - English","isPartOf":{"@id":"https:\/\/filharmonia.rzeszow.pl\/en\/#website"},"primaryImageOfPage":{"@id":"https:\/\/filharmonia.rzeszow.pl\/en\/produkt\/boom-choralnie-mikromusic-smolik-skubas-oraz-chor-instytutu-muzyki-urz\/#primaryimage"},"image":{"@id":"https:\/\/filharmonia.rzeszow.pl\/en\/produkt\/boom-choralnie-mikromusic-smolik-skubas-oraz-chor-instytutu-muzyki-urz\/#primaryimage"},"thumbnailUrl":"https:\/\/filharmonia.rzeszow.pl\/en\/wp-content\/uploads\/sites\/2\/2022\/02\/MSS9776-scaled-1.jpg","datePublished":"2022-02-14T12:48:30+00:00","dateModified":"2022-02-23T14:07:51+00:00","breadcrumb":{"@id":"https:\/\/filharmonia.rzeszow.pl\/en\/produkt\/boom-choralnie-mikromusic-smolik-skubas-oraz-chor-instytutu-muzyki-urz\/#breadcrumb"},"inLanguage":"en-US","potentialAction":[{"@type":"ReadAction","target":["https:\/\/filharmonia.rzeszow.pl\/en\/produkt\/boom-choralnie-mikromusic-smolik-skubas-oraz-chor-instytutu-muzyki-urz\/"]}]},{"@type":"ImageObject","inLanguage":"en-US","@id":"https:\/\/filharmonia.rzeszow.pl\/en\/produkt\/boom-choralnie-mikromusic-smolik-skubas-oraz-chor-instytutu-muzyki-urz\/#primaryimage","url":"https:\/\/filharmonia.rzeszow.pl\/en\/wp-content\/uploads\/sites\/2\/2022\/02\/MSS9776-scaled-1.jpg","contentUrl":"https:\/\/filharmonia.rzeszow.pl\/en\/wp-content\/uploads\/sites\/2\/2022\/02\/MSS9776-scaled-1.jpg","width":2560,"height":1709},{"@type":"BreadcrumbList","@id":"https:\/\/filharmonia.rzeszow.pl\/en\/produkt\/boom-choralnie-mikromusic-smolik-skubas-oraz-chor-instytutu-muzyki-urz\/#breadcrumb","itemListElement":[{"@type":"ListItem","position":1,"name":"Strona g\u0142\u00f3wna","item":"https:\/\/filharmonia.rzeszow.pl\/en\/"},{"@type":"ListItem","position":2,"name":"Sklep","item":"https:\/\/filharmonia.rzeszow.pl\/en\/sklep\/"},{"@type":"ListItem","position":3,"name":"BOOM Ch\u00f3ralnie: MIKROMUSIC, SMOLIK, SKUBAS oraz CH\u00d3R INSTYTUTU MUZYKI URz"}]},{"@type":"WebSite","@id":"https:\/\/filharmonia.rzeszow.pl\/en\/#website","url":"https:\/\/filharmonia.rzeszow.pl\/en\/","name":"Filharmonia Podkarpacka - English","description":"Kolejna witryna sieci &#8222;Filharmonia Podkarpacka &#8221;","publisher":{"@id":"https:\/\/filharmonia.rzeszow.pl\/en\/#organization"},"potentialAction":[{"@type":"SearchAction","target":{"@type":"EntryPoint","urlTemplate":"https:\/\/filharmonia.rzeszow.pl\/en\/?s={search_term_string}"},"query-input":{"@type":"PropertyValueSpecification","valueRequired":true,"valueName":"search_term_string"}}],"inLanguage":"en-US"},{"@type":"Organization","@id":"https:\/\/filharmonia.rzeszow.pl\/en\/#organization","name":"Filharmonia Podkarpacka - English","url":"https:\/\/filharmonia.rzeszow.pl\/en\/","logo":{"@type":"ImageObject","inLanguage":"en-US","@id":"https:\/\/filharmonia.rzeszow.pl\/en\/#\/schema\/logo\/image\/","url":"https:\/\/filharmonia.rzeszow.pl\/en\/wp-content\/uploads\/sites\/2\/2022\/02\/Obszar-roboczy-2@3x.png","contentUrl":"https:\/\/filharmonia.rzeszow.pl\/en\/wp-content\/uploads\/sites\/2\/2022\/02\/Obszar-roboczy-2@3x.png","width":2721,"height":1527,"caption":"Filharmonia Podkarpacka - English"},"image":{"@id":"https:\/\/filharmonia.rzeszow.pl\/en\/#\/schema\/logo\/image\/"}}]}},"publishpress_future_action":{"enabled":false,"date":"2026-05-02 12:28:22","action":"category","newStatus":"draft","terms":[],"taxonomy":"product_visibility","extraData":[]},"publishpress_future_workflow_manual_trigger":{"enabledWorkflows":[]},"_links":{"self":[{"href":"https:\/\/filharmonia.rzeszow.pl\/en\/wp-json\/wp\/v2\/product\/89","targetHints":{"allow":["GET"]}}],"collection":[{"href":"https:\/\/filharmonia.rzeszow.pl\/en\/wp-json\/wp\/v2\/product"}],"about":[{"href":"https:\/\/filharmonia.rzeszow.pl\/en\/wp-json\/wp\/v2\/types\/product"}],"wp:featuredmedia":[{"embeddable":true,"href":"https:\/\/filharmonia.rzeszow.pl\/en\/wp-json\/wp\/v2\/media\/127"}],"wp:attachment":[{"href":"https:\/\/filharmonia.rzeszow.pl\/en\/wp-json\/wp\/v2\/media?parent=89"}],"wp:term":[{"taxonomy":"product_brand","embeddable":true,"href":"https:\/\/filharmonia.rzeszow.pl\/en\/wp-json\/wp\/v2\/product_brand?post=89"},{"taxonomy":"product_cat","embeddable":true,"href":"https:\/\/filharmonia.rzeszow.pl\/en\/wp-json\/wp\/v2\/product_cat?post=89"},{"taxonomy":"product_tag","embeddable":true,"href":"https:\/\/filharmonia.rzeszow.pl\/en\/wp-json\/wp\/v2\/product_tag?post=89"}],"curies":[{"name":"wp","href":"https:\/\/api.w.org\/{rel}","templated":true}]}}