{"id":90,"date":"2022-02-14T13:48:30","date_gmt":"2022-02-14T12:48:30","guid":{"rendered":"https:\/\/filharmonia.rzeszow.pl\/en\/?post_type=product&#038;p=90"},"modified":"2022-02-14T13:52:13","modified_gmt":"2022-02-14T12:52:13","slug":"koncert-symfoniczny-3","status":"publish","type":"product","link":"https:\/\/filharmonia.rzeszow.pl\/en\/produkt\/koncert-symfoniczny-3\/","title":{"rendered":"Koncert symfoniczny"},"content":{"rendered":"","protected":false},"excerpt":{"rendered":"<section class=\"elementor-section elementor-top-section elementor-element elementor-element-4621fd3 elementor-section-boxed elementor-section-height-default elementor-section-height-default\" data-id=\"4621fd3\" data-element_type=\"section\">\n<div class=\"elementor-container elementor-column-gap-default\">\n<div class=\"elementor-column elementor-col-100 elementor-top-column elementor-element elementor-element-76a4237c\" data-id=\"76a4237c\" data-element_type=\"column\">\n<div class=\"elementor-widget-wrap elementor-element-populated\">\n<div class=\"elementor-element elementor-element-5ad92247 elementor-widget elementor-widget-text-editor\" data-id=\"5ad92247\" data-element_type=\"widget\" data-widget_type=\"text-editor.default\">\n<div class=\"elementor-widget-container\">\n<p>Szanowni Pa\u0144stwo,<\/p>\n<p>Uprzejmie informujemy, \u017ce z przyczyn niezale\u017cnych od Organizatora, koncert w Filharmonii Podkarpackiej zaplanowany na 4 lutego b.r. jest odwo\u0142any, za co serdecznie przepraszamy!<\/p>\n<\/div>\n<\/div>\n<\/div>\n<\/div>\n<\/div>\n<\/section>\n<section class=\"elementor-section elementor-top-section elementor-element elementor-element-613da21 elementor-section-boxed elementor-section-height-default elementor-section-height-default\" data-id=\"613da21\" data-element_type=\"section\">\n<div class=\"elementor-container elementor-column-gap-default\">\n<div class=\"elementor-column elementor-col-100 elementor-top-column elementor-element elementor-element-4595d02\" data-id=\"4595d02\" data-element_type=\"column\">\n<div class=\"elementor-widget-wrap elementor-element-populated\">\n<div class=\"elementor-element elementor-element-73086ca elementor-widget elementor-widget-text-editor\" data-id=\"73086ca\" data-element_type=\"widget\" data-widget_type=\"text-editor.default\">\n<div class=\"elementor-widget-container\">\n<p><b>Zwrot bilet\u00f3w:<\/b><\/p>\n<ul>\n<li><b>dla bilet\u00f3w zakupionych online \u2013 automatyczny zwrot koszt\u00f3w;<\/b><\/li>\n<li><b>bilety zakupione stacjonarnie \u2013 prosimy o kontakt z Kas\u0105 Biletow\u0105, kt\u00f3ra dokonuje zwrotu na w\/wym. koncert.<\/b><\/li>\n<\/ul>\n<\/div>\n<\/div>\n<\/div>\n<\/div>\n<\/div>\n<\/section>\n<p>&nbsp;<\/p>\n<p>ORKIESTRA SYMFONICZNA FILHARMONII PODKARPACKIEJ<br \/>\nTADEUSZ WOJCIECHOWSKI &#8211; dyrygent<br \/>\nCLEMENS WEIGEL &#8211; wiolonczela<\/p>\n<p>W programie:<br \/>\nK. Kurpi\u0144ski &#8211; Uwertura do opery Calmora<br \/>\nC. Saint &#8211; Sa\u00ebns &#8211; Koncert wiolonczelowy a &#8211; moll nr 1 op. 33<br \/>\nF. Mendelssohn &#8211; IV Symfonia A &#8211; dur op. 90 &#8220;W\u0142oska&#8221;<\/p>\n","protected":false},"featured_media":135,"template":"","meta":[],"product_brand":[],"product_cat":[18,54,15,17],"product_tag":[],"class_list":{"0":"post-90","1":"product","2":"type-product","3":"status-publish","4":"has-post-thumbnail","6":"product_cat-2022-ar","7":"product_cat-luty-ar","8":"product_cat-bez-kategorii","9":"product_cat-archiwum","11":"entry","12":"has-media","14":"first","15":"instock","16":"shipping-taxable","17":"product-type-simple","18":"has-product-nav","19":"col","20":"span_1_of_3","21":"owp-content-center","22":"owp-thumbs-layout-horizontal","23":"owp-btn-normal","24":"owp-tabs-layout-horizontal"},"yoast_head":"<!-- This site is optimized with the Yoast SEO plugin v27.1.1 - https:\/\/yoast.com\/product\/yoast-seo-wordpress\/ -->\n<title>Koncert symfoniczny - Filharmonia Podkarpacka - English<\/title>\n<meta name=\"robots\" content=\"index, follow, max-snippet:-1, max-image-preview:large, max-video-preview:-1\" \/>\n<link rel=\"canonical\" href=\"https:\/\/filharmonia.rzeszow.pl\/en\/produkt\/koncert-symfoniczny-3\/\" \/>\n<meta property=\"og:locale\" content=\"en_US\" \/>\n<meta property=\"og:type\" content=\"article\" \/>\n<meta property=\"og:title\" content=\"Koncert symfoniczny - Filharmonia Podkarpacka - English\" \/>\n<meta property=\"og:description\" content=\"Szanowni Pa\u0144stwo,  Uprzejmie informujemy, \u017ce z przyczyn niezale\u017cnych od Organizatora, koncert w Filharmonii Podkarpackiej zaplanowany na 4 lutego b.r. jest odwo\u0142any, za co serdecznie przepraszamy!              Zwrot bilet\u00f3w:   dla bilet\u00f3w zakupionych online \u2013 automatyczny zwrot koszt\u00f3w;  bilety zakupione stacjonarnie \u2013 prosimy o kontakt z Kas\u0105 Biletow\u0105, kt\u00f3ra dokonuje zwrotu na w\/wym. koncert.       &nbsp;  ORKIESTRA SYMFONICZNA FILHARMONII PODKARPACKIEJ TADEUSZ WOJCIECHOWSKI - dyrygent CLEMENS WEIGEL - wiolonczela  W programie: K. Kurpi\u0144ski - Uwertura do opery Calmora C. Saint - Sa\u00ebns - Koncert wiolonczelowy a - moll nr 1 op. 33 F. Mendelssohn - IV Symfonia A - dur op. 90 &quot;W\u0142oska&quot;\" \/>\n<meta property=\"og:url\" content=\"https:\/\/filharmonia.rzeszow.pl\/en\/produkt\/koncert-symfoniczny-3\/\" \/>\n<meta property=\"og:site_name\" content=\"Filharmonia Podkarpacka - English\" \/>\n<meta property=\"article:modified_time\" content=\"2022-02-14T12:52:13+00:00\" \/>\n<meta name=\"twitter:card\" content=\"summary_large_image\" \/>\n<script type=\"application\/ld+json\" class=\"yoast-schema-graph\">{\"@context\":\"https:\/\/schema.org\",\"@graph\":[{\"@type\":\"WebPage\",\"@id\":\"https:\/\/filharmonia.rzeszow.pl\/en\/produkt\/koncert-symfoniczny-3\/\",\"url\":\"https:\/\/filharmonia.rzeszow.pl\/en\/produkt\/koncert-symfoniczny-3\/\",\"name\":\"Koncert symfoniczny - Filharmonia Podkarpacka - English\",\"isPartOf\":{\"@id\":\"https:\/\/filharmonia.rzeszow.pl\/en\/#website\"},\"primaryImageOfPage\":{\"@id\":\"https:\/\/filharmonia.rzeszow.pl\/en\/produkt\/koncert-symfoniczny-3\/#primaryimage\"},\"image\":{\"@id\":\"https:\/\/filharmonia.rzeszow.pl\/en\/produkt\/koncert-symfoniczny-3\/#primaryimage\"},\"thumbnailUrl\":\"https:\/\/filharmonia.rzeszow.pl\/en\/wp-content\/uploads\/sites\/2\/2022\/02\/Tadeusz-WOJCIECHOWSKI-fot.-Maciej-Grabski-scaled-e1643629834765.jpg\",\"datePublished\":\"2022-02-14T12:48:30+00:00\",\"dateModified\":\"2022-02-14T12:52:13+00:00\",\"breadcrumb\":{\"@id\":\"https:\/\/filharmonia.rzeszow.pl\/en\/produkt\/koncert-symfoniczny-3\/#breadcrumb\"},\"inLanguage\":\"en-US\",\"potentialAction\":[{\"@type\":\"ReadAction\",\"target\":[\"https:\/\/filharmonia.rzeszow.pl\/en\/produkt\/koncert-symfoniczny-3\/\"]}]},{\"@type\":\"ImageObject\",\"inLanguage\":\"en-US\",\"@id\":\"https:\/\/filharmonia.rzeszow.pl\/en\/produkt\/koncert-symfoniczny-3\/#primaryimage\",\"url\":\"https:\/\/filharmonia.rzeszow.pl\/en\/wp-content\/uploads\/sites\/2\/2022\/02\/Tadeusz-WOJCIECHOWSKI-fot.-Maciej-Grabski-scaled-e1643629834765.jpg\",\"contentUrl\":\"https:\/\/filharmonia.rzeszow.pl\/en\/wp-content\/uploads\/sites\/2\/2022\/02\/Tadeusz-WOJCIECHOWSKI-fot.-Maciej-Grabski-scaled-e1643629834765.jpg\",\"width\":1067,\"height\":948,\"caption\":\"Tadeusz Wojciechowski dyrygent\"},{\"@type\":\"BreadcrumbList\",\"@id\":\"https:\/\/filharmonia.rzeszow.pl\/en\/produkt\/koncert-symfoniczny-3\/#breadcrumb\",\"itemListElement\":[{\"@type\":\"ListItem\",\"position\":1,\"name\":\"Strona g\u0142\u00f3wna\",\"item\":\"https:\/\/filharmonia.rzeszow.pl\/en\/\"},{\"@type\":\"ListItem\",\"position\":2,\"name\":\"Sklep\",\"item\":\"https:\/\/filharmonia.rzeszow.pl\/en\/sklep\/\"},{\"@type\":\"ListItem\",\"position\":3,\"name\":\"Koncert symfoniczny\"}]},{\"@type\":\"WebSite\",\"@id\":\"https:\/\/filharmonia.rzeszow.pl\/en\/#website\",\"url\":\"https:\/\/filharmonia.rzeszow.pl\/en\/\",\"name\":\"Filharmonia Podkarpacka - English\",\"description\":\"Kolejna witryna sieci &#8222;Filharmonia Podkarpacka &#8221;\",\"publisher\":{\"@id\":\"https:\/\/filharmonia.rzeszow.pl\/en\/#organization\"},\"potentialAction\":[{\"@type\":\"SearchAction\",\"target\":{\"@type\":\"EntryPoint\",\"urlTemplate\":\"https:\/\/filharmonia.rzeszow.pl\/en\/?s={search_term_string}\"},\"query-input\":{\"@type\":\"PropertyValueSpecification\",\"valueRequired\":true,\"valueName\":\"search_term_string\"}}],\"inLanguage\":\"en-US\"},{\"@type\":\"Organization\",\"@id\":\"https:\/\/filharmonia.rzeszow.pl\/en\/#organization\",\"name\":\"Filharmonia Podkarpacka - English\",\"url\":\"https:\/\/filharmonia.rzeszow.pl\/en\/\",\"logo\":{\"@type\":\"ImageObject\",\"inLanguage\":\"en-US\",\"@id\":\"https:\/\/filharmonia.rzeszow.pl\/en\/#\/schema\/logo\/image\/\",\"url\":\"https:\/\/filharmonia.rzeszow.pl\/en\/wp-content\/uploads\/sites\/2\/2022\/02\/Obszar-roboczy-2@3x.png\",\"contentUrl\":\"https:\/\/filharmonia.rzeszow.pl\/en\/wp-content\/uploads\/sites\/2\/2022\/02\/Obszar-roboczy-2@3x.png\",\"width\":2721,\"height\":1527,\"caption\":\"Filharmonia Podkarpacka - English\"},\"image\":{\"@id\":\"https:\/\/filharmonia.rzeszow.pl\/en\/#\/schema\/logo\/image\/\"}}]}<\/script>\n<!-- \/ Yoast SEO plugin. -->","yoast_head_json":{"title":"Koncert symfoniczny - Filharmonia Podkarpacka - English","robots":{"index":"index","follow":"follow","max-snippet":"max-snippet:-1","max-image-preview":"max-image-preview:large","max-video-preview":"max-video-preview:-1"},"canonical":"https:\/\/filharmonia.rzeszow.pl\/en\/produkt\/koncert-symfoniczny-3\/","og_locale":"en_US","og_type":"article","og_title":"Koncert symfoniczny - Filharmonia Podkarpacka - English","og_description":"Szanowni Pa\u0144stwo,  Uprzejmie informujemy, \u017ce z przyczyn niezale\u017cnych od Organizatora, koncert w Filharmonii Podkarpackiej zaplanowany na 4 lutego b.r. jest odwo\u0142any, za co serdecznie przepraszamy!              Zwrot bilet\u00f3w:   dla bilet\u00f3w zakupionych online \u2013 automatyczny zwrot koszt\u00f3w;  bilety zakupione stacjonarnie \u2013 prosimy o kontakt z Kas\u0105 Biletow\u0105, kt\u00f3ra dokonuje zwrotu na w\/wym. koncert.       &nbsp;  ORKIESTRA SYMFONICZNA FILHARMONII PODKARPACKIEJ TADEUSZ WOJCIECHOWSKI - dyrygent CLEMENS WEIGEL - wiolonczela  W programie: K. Kurpi\u0144ski - Uwertura do opery Calmora C. Saint - Sa\u00ebns - Koncert wiolonczelowy a - moll nr 1 op. 33 F. Mendelssohn - IV Symfonia A - dur op. 90 \"W\u0142oska\"","og_url":"https:\/\/filharmonia.rzeszow.pl\/en\/produkt\/koncert-symfoniczny-3\/","og_site_name":"Filharmonia Podkarpacka - English","article_modified_time":"2022-02-14T12:52:13+00:00","twitter_card":"summary_large_image","schema":{"@context":"https:\/\/schema.org","@graph":[{"@type":"WebPage","@id":"https:\/\/filharmonia.rzeszow.pl\/en\/produkt\/koncert-symfoniczny-3\/","url":"https:\/\/filharmonia.rzeszow.pl\/en\/produkt\/koncert-symfoniczny-3\/","name":"Koncert symfoniczny - Filharmonia Podkarpacka - English","isPartOf":{"@id":"https:\/\/filharmonia.rzeszow.pl\/en\/#website"},"primaryImageOfPage":{"@id":"https:\/\/filharmonia.rzeszow.pl\/en\/produkt\/koncert-symfoniczny-3\/#primaryimage"},"image":{"@id":"https:\/\/filharmonia.rzeszow.pl\/en\/produkt\/koncert-symfoniczny-3\/#primaryimage"},"thumbnailUrl":"https:\/\/filharmonia.rzeszow.pl\/en\/wp-content\/uploads\/sites\/2\/2022\/02\/Tadeusz-WOJCIECHOWSKI-fot.-Maciej-Grabski-scaled-e1643629834765.jpg","datePublished":"2022-02-14T12:48:30+00:00","dateModified":"2022-02-14T12:52:13+00:00","breadcrumb":{"@id":"https:\/\/filharmonia.rzeszow.pl\/en\/produkt\/koncert-symfoniczny-3\/#breadcrumb"},"inLanguage":"en-US","potentialAction":[{"@type":"ReadAction","target":["https:\/\/filharmonia.rzeszow.pl\/en\/produkt\/koncert-symfoniczny-3\/"]}]},{"@type":"ImageObject","inLanguage":"en-US","@id":"https:\/\/filharmonia.rzeszow.pl\/en\/produkt\/koncert-symfoniczny-3\/#primaryimage","url":"https:\/\/filharmonia.rzeszow.pl\/en\/wp-content\/uploads\/sites\/2\/2022\/02\/Tadeusz-WOJCIECHOWSKI-fot.-Maciej-Grabski-scaled-e1643629834765.jpg","contentUrl":"https:\/\/filharmonia.rzeszow.pl\/en\/wp-content\/uploads\/sites\/2\/2022\/02\/Tadeusz-WOJCIECHOWSKI-fot.-Maciej-Grabski-scaled-e1643629834765.jpg","width":1067,"height":948,"caption":"Tadeusz Wojciechowski dyrygent"},{"@type":"BreadcrumbList","@id":"https:\/\/filharmonia.rzeszow.pl\/en\/produkt\/koncert-symfoniczny-3\/#breadcrumb","itemListElement":[{"@type":"ListItem","position":1,"name":"Strona g\u0142\u00f3wna","item":"https:\/\/filharmonia.rzeszow.pl\/en\/"},{"@type":"ListItem","position":2,"name":"Sklep","item":"https:\/\/filharmonia.rzeszow.pl\/en\/sklep\/"},{"@type":"ListItem","position":3,"name":"Koncert symfoniczny"}]},{"@type":"WebSite","@id":"https:\/\/filharmonia.rzeszow.pl\/en\/#website","url":"https:\/\/filharmonia.rzeszow.pl\/en\/","name":"Filharmonia Podkarpacka - English","description":"Kolejna witryna sieci &#8222;Filharmonia Podkarpacka &#8221;","publisher":{"@id":"https:\/\/filharmonia.rzeszow.pl\/en\/#organization"},"potentialAction":[{"@type":"SearchAction","target":{"@type":"EntryPoint","urlTemplate":"https:\/\/filharmonia.rzeszow.pl\/en\/?s={search_term_string}"},"query-input":{"@type":"PropertyValueSpecification","valueRequired":true,"valueName":"search_term_string"}}],"inLanguage":"en-US"},{"@type":"Organization","@id":"https:\/\/filharmonia.rzeszow.pl\/en\/#organization","name":"Filharmonia Podkarpacka - English","url":"https:\/\/filharmonia.rzeszow.pl\/en\/","logo":{"@type":"ImageObject","inLanguage":"en-US","@id":"https:\/\/filharmonia.rzeszow.pl\/en\/#\/schema\/logo\/image\/","url":"https:\/\/filharmonia.rzeszow.pl\/en\/wp-content\/uploads\/sites\/2\/2022\/02\/Obszar-roboczy-2@3x.png","contentUrl":"https:\/\/filharmonia.rzeszow.pl\/en\/wp-content\/uploads\/sites\/2\/2022\/02\/Obszar-roboczy-2@3x.png","width":2721,"height":1527,"caption":"Filharmonia Podkarpacka - English"},"image":{"@id":"https:\/\/filharmonia.rzeszow.pl\/en\/#\/schema\/logo\/image\/"}}]}},"publishpress_future_action":{"enabled":false,"date":"2026-05-02 13:57:15","action":"category","newStatus":"draft","terms":[],"taxonomy":"product_visibility","extraData":[]},"publishpress_future_workflow_manual_trigger":{"enabledWorkflows":[]},"_links":{"self":[{"href":"https:\/\/filharmonia.rzeszow.pl\/en\/wp-json\/wp\/v2\/product\/90","targetHints":{"allow":["GET"]}}],"collection":[{"href":"https:\/\/filharmonia.rzeszow.pl\/en\/wp-json\/wp\/v2\/product"}],"about":[{"href":"https:\/\/filharmonia.rzeszow.pl\/en\/wp-json\/wp\/v2\/types\/product"}],"wp:featuredmedia":[{"embeddable":true,"href":"https:\/\/filharmonia.rzeszow.pl\/en\/wp-json\/wp\/v2\/media\/135"}],"wp:attachment":[{"href":"https:\/\/filharmonia.rzeszow.pl\/en\/wp-json\/wp\/v2\/media?parent=90"}],"wp:term":[{"taxonomy":"product_brand","embeddable":true,"href":"https:\/\/filharmonia.rzeszow.pl\/en\/wp-json\/wp\/v2\/product_brand?post=90"},{"taxonomy":"product_cat","embeddable":true,"href":"https:\/\/filharmonia.rzeszow.pl\/en\/wp-json\/wp\/v2\/product_cat?post=90"},{"taxonomy":"product_tag","embeddable":true,"href":"https:\/\/filharmonia.rzeszow.pl\/en\/wp-json\/wp\/v2\/product_tag?post=90"}],"curies":[{"name":"wp","href":"https:\/\/api.w.org\/{rel}","templated":true}]}}