{"id":93,"date":"2022-02-14T13:48:31","date_gmt":"2022-02-14T12:48:31","guid":{"rendered":"https:\/\/filharmonia.rzeszow.pl\/en\/?post_type=product&#038;p=93"},"modified":"2022-02-23T15:10:25","modified_gmt":"2022-02-23T14:10:25","slug":"boom-dla-dzieci-propozycja-na-ferie-zimowe","status":"publish","type":"product","link":"https:\/\/filharmonia.rzeszow.pl\/en\/produkt\/boom-dla-dzieci-propozycja-na-ferie-zimowe\/","title":{"rendered":"BOOM DLA DZIECI &#8211; proposal on winter holiday"},"content":{"rendered":"","protected":false},"excerpt":{"rendered":"<p><span style=\"text-decoration: underline\"><strong>23rd February 2022, Wednesday, 11:00<\/strong><\/span><\/p>\n<p>Serdecznie zapraszamy wszystkich m\u0142odych meloman\u00f3w w wyj\u0105tkow\u0105 podr\u00f3\u017c do \u015bwiata opery i operetki. Chcemy wszystkich naszych ma\u0142ych przyjaci\u00f3\u0142 zabra\u0107 do miejsc, gdzie powstawa\u0142y najwi\u0119ksze dzie\u0142a tego gatunku, muzyki wokalno-instrumentalnej. Poznamy najwi\u0119ksze utwory, najs\u0142ynniejsze nazwiska, a tak\u017ce dowiemy si\u0119, \u017ce kompozytorzy r\u00f3wnie\u017c miewali k\u0142opoty. Do tego wyj\u0105tkowego wydarzenia do\u0142o\u017cymy jeszcze histori\u0119 baletu, kt\u00f3ry przecie\u017c z oper\u0105 ma wiele wsp\u00f3lnego. To b\u0119dzie niezapomniane prze\u017cycie i bardzo mi\u0142o b\u0119dzie nam m\u00f3c was go\u015bci\u0107 w progach Filharmonii Podkarpackiej.<\/p>\n<p>&nbsp;<\/p>\n<p><strong>REZERWACJA MIEJSC ZAKO\u0143CZONA &#8211; PROSIMY OSOBY, KT\u00d3RE DOKONA\u0141Y REZERWACJI TELEFONICZNEJ LUB MAILOWEJ O ZAKUP BILET\u00d3W W KASIE BILETOWEJ (od 8.02.2022r.)<\/strong><\/p>\n<p><a href=\"https:\/\/filharmonia.rzeszow.pl\/produkt\/boom-dla-dzieci-propozycja-na-ferie-zimowe\/\">INFORMUJEMY, \u017bE URUCHOMILI\u015aMY SPRZEDA\u017b NA DODATKOW\u0104 GODZIN\u0118!\u00a0 \u00a0&gt;&gt;&gt; WI\u0118CEJ INFORMACJI &lt;&lt;&lt;<\/a><\/p>\n","protected":false},"featured_media":174,"template":"","meta":[],"product_brand":[],"product_cat":[18,54,17],"product_tag":[],"class_list":{"0":"post-93","1":"product","2":"type-product","3":"status-publish","4":"has-post-thumbnail","6":"product_cat-2022-ar","7":"product_cat-luty-ar","8":"product_cat-archiwum","10":"entry","11":"has-media","13":"first","14":"instock","15":"shipping-taxable","16":"product-type-simple","17":"has-product-nav","18":"col","19":"span_1_of_3","20":"owp-content-center","21":"owp-thumbs-layout-horizontal","22":"owp-btn-normal","23":"owp-tabs-layout-horizontal","24":"has-no-thumbnails"},"yoast_head":"<!-- This site is optimized with the Yoast SEO plugin v27.1.1 - https:\/\/yoast.com\/product\/yoast-seo-wordpress\/ -->\n<title>BOOM DLA DZIECI - proposal on winter holiday - Filharmonia Podkarpacka - English<\/title>\n<meta name=\"robots\" content=\"index, follow, max-snippet:-1, max-image-preview:large, max-video-preview:-1\" \/>\n<link rel=\"canonical\" href=\"https:\/\/filharmonia.rzeszow.pl\/en\/produkt\/boom-dla-dzieci-propozycja-na-ferie-zimowe\/\" \/>\n<meta property=\"og:locale\" content=\"en_US\" \/>\n<meta property=\"og:type\" content=\"article\" \/>\n<meta property=\"og:title\" content=\"BOOM DLA DZIECI - proposal on winter holiday - Filharmonia Podkarpacka - English\" \/>\n<meta property=\"og:description\" content=\"23rd February 2022, Wednesday, 11:00  Serdecznie zapraszamy wszystkich m\u0142odych meloman\u00f3w w wyj\u0105tkow\u0105 podr\u00f3\u017c do \u015bwiata opery i operetki. Chcemy wszystkich naszych ma\u0142ych przyjaci\u00f3\u0142 zabra\u0107 do miejsc, gdzie powstawa\u0142y najwi\u0119ksze dzie\u0142a tego gatunku, muzyki wokalno-instrumentalnej. Poznamy najwi\u0119ksze utwory, najs\u0142ynniejsze nazwiska, a tak\u017ce dowiemy si\u0119, \u017ce kompozytorzy r\u00f3wnie\u017c miewali k\u0142opoty. Do tego wyj\u0105tkowego wydarzenia do\u0142o\u017cymy jeszcze histori\u0119 baletu, kt\u00f3ry przecie\u017c z oper\u0105 ma wiele wsp\u00f3lnego. To b\u0119dzie niezapomniane prze\u017cycie i bardzo mi\u0142o b\u0119dzie nam m\u00f3c was go\u015bci\u0107 w progach Filharmonii Podkarpackiej.  &nbsp;  REZERWACJA MIEJSC ZAKO\u0143CZONA - PROSIMY OSOBY, KT\u00d3RE DOKONA\u0141Y REZERWACJI TELEFONICZNEJ LUB MAILOWEJ O ZAKUP BILET\u00d3W W KASIE BILETOWEJ (od 8.02.2022r.)  INFORMUJEMY, \u017bE URUCHOMILI\u015aMY SPRZEDA\u017b NA DODATKOW\u0104 GODZIN\u0118!\u00a0 \u00a0&gt;&gt;&gt; WI\u0118CEJ INFORMACJI &lt;&lt;&lt;\" \/>\n<meta property=\"og:url\" content=\"https:\/\/filharmonia.rzeszow.pl\/en\/produkt\/boom-dla-dzieci-propozycja-na-ferie-zimowe\/\" \/>\n<meta property=\"og:site_name\" content=\"Filharmonia Podkarpacka - English\" \/>\n<meta property=\"article:modified_time\" content=\"2022-02-23T14:10:25+00:00\" \/>\n<meta property=\"og:image\" content=\"https:\/\/filharmonia.rzeszow.pl\/en\/wp-content\/uploads\/sites\/2\/2022\/02\/l1070078_2.jpg\" \/>\n\t<meta property=\"og:image:width\" content=\"800\" \/>\n\t<meta property=\"og:image:height\" content=\"450\" \/>\n\t<meta property=\"og:image:type\" content=\"image\/jpeg\" \/>\n<meta name=\"twitter:card\" content=\"summary_large_image\" \/>\n<script type=\"application\/ld+json\" class=\"yoast-schema-graph\">{\"@context\":\"https:\/\/schema.org\",\"@graph\":[{\"@type\":\"WebPage\",\"@id\":\"https:\/\/filharmonia.rzeszow.pl\/en\/produkt\/boom-dla-dzieci-propozycja-na-ferie-zimowe\/\",\"url\":\"https:\/\/filharmonia.rzeszow.pl\/en\/produkt\/boom-dla-dzieci-propozycja-na-ferie-zimowe\/\",\"name\":\"BOOM DLA DZIECI - proposal on winter holiday - Filharmonia Podkarpacka - English\",\"isPartOf\":{\"@id\":\"https:\/\/filharmonia.rzeszow.pl\/en\/#website\"},\"primaryImageOfPage\":{\"@id\":\"https:\/\/filharmonia.rzeszow.pl\/en\/produkt\/boom-dla-dzieci-propozycja-na-ferie-zimowe\/#primaryimage\"},\"image\":{\"@id\":\"https:\/\/filharmonia.rzeszow.pl\/en\/produkt\/boom-dla-dzieci-propozycja-na-ferie-zimowe\/#primaryimage\"},\"thumbnailUrl\":\"https:\/\/filharmonia.rzeszow.pl\/en\/wp-content\/uploads\/sites\/2\/2022\/02\/l1070078_2.jpg\",\"datePublished\":\"2022-02-14T12:48:31+00:00\",\"dateModified\":\"2022-02-23T14:10:25+00:00\",\"breadcrumb\":{\"@id\":\"https:\/\/filharmonia.rzeszow.pl\/en\/produkt\/boom-dla-dzieci-propozycja-na-ferie-zimowe\/#breadcrumb\"},\"inLanguage\":\"en-US\",\"potentialAction\":[{\"@type\":\"ReadAction\",\"target\":[\"https:\/\/filharmonia.rzeszow.pl\/en\/produkt\/boom-dla-dzieci-propozycja-na-ferie-zimowe\/\"]}]},{\"@type\":\"ImageObject\",\"inLanguage\":\"en-US\",\"@id\":\"https:\/\/filharmonia.rzeszow.pl\/en\/produkt\/boom-dla-dzieci-propozycja-na-ferie-zimowe\/#primaryimage\",\"url\":\"https:\/\/filharmonia.rzeszow.pl\/en\/wp-content\/uploads\/sites\/2\/2022\/02\/l1070078_2.jpg\",\"contentUrl\":\"https:\/\/filharmonia.rzeszow.pl\/en\/wp-content\/uploads\/sites\/2\/2022\/02\/l1070078_2.jpg\",\"width\":800,\"height\":450},{\"@type\":\"BreadcrumbList\",\"@id\":\"https:\/\/filharmonia.rzeszow.pl\/en\/produkt\/boom-dla-dzieci-propozycja-na-ferie-zimowe\/#breadcrumb\",\"itemListElement\":[{\"@type\":\"ListItem\",\"position\":1,\"name\":\"Strona g\u0142\u00f3wna\",\"item\":\"https:\/\/filharmonia.rzeszow.pl\/en\/\"},{\"@type\":\"ListItem\",\"position\":2,\"name\":\"Sklep\",\"item\":\"https:\/\/filharmonia.rzeszow.pl\/en\/sklep\/\"},{\"@type\":\"ListItem\",\"position\":3,\"name\":\"BOOM DLA DZIECI &#8211; proposal on winter holiday\"}]},{\"@type\":\"WebSite\",\"@id\":\"https:\/\/filharmonia.rzeszow.pl\/en\/#website\",\"url\":\"https:\/\/filharmonia.rzeszow.pl\/en\/\",\"name\":\"Filharmonia Podkarpacka - English\",\"description\":\"Kolejna witryna sieci &#8222;Filharmonia Podkarpacka &#8221;\",\"publisher\":{\"@id\":\"https:\/\/filharmonia.rzeszow.pl\/en\/#organization\"},\"potentialAction\":[{\"@type\":\"SearchAction\",\"target\":{\"@type\":\"EntryPoint\",\"urlTemplate\":\"https:\/\/filharmonia.rzeszow.pl\/en\/?s={search_term_string}\"},\"query-input\":{\"@type\":\"PropertyValueSpecification\",\"valueRequired\":true,\"valueName\":\"search_term_string\"}}],\"inLanguage\":\"en-US\"},{\"@type\":\"Organization\",\"@id\":\"https:\/\/filharmonia.rzeszow.pl\/en\/#organization\",\"name\":\"Filharmonia Podkarpacka - English\",\"url\":\"https:\/\/filharmonia.rzeszow.pl\/en\/\",\"logo\":{\"@type\":\"ImageObject\",\"inLanguage\":\"en-US\",\"@id\":\"https:\/\/filharmonia.rzeszow.pl\/en\/#\/schema\/logo\/image\/\",\"url\":\"https:\/\/filharmonia.rzeszow.pl\/en\/wp-content\/uploads\/sites\/2\/2022\/02\/Obszar-roboczy-2@3x.png\",\"contentUrl\":\"https:\/\/filharmonia.rzeszow.pl\/en\/wp-content\/uploads\/sites\/2\/2022\/02\/Obszar-roboczy-2@3x.png\",\"width\":2721,\"height\":1527,\"caption\":\"Filharmonia Podkarpacka - English\"},\"image\":{\"@id\":\"https:\/\/filharmonia.rzeszow.pl\/en\/#\/schema\/logo\/image\/\"}}]}<\/script>\n<!-- \/ Yoast SEO plugin. -->","yoast_head_json":{"title":"BOOM DLA DZIECI - proposal on winter holiday - Filharmonia Podkarpacka - English","robots":{"index":"index","follow":"follow","max-snippet":"max-snippet:-1","max-image-preview":"max-image-preview:large","max-video-preview":"max-video-preview:-1"},"canonical":"https:\/\/filharmonia.rzeszow.pl\/en\/produkt\/boom-dla-dzieci-propozycja-na-ferie-zimowe\/","og_locale":"en_US","og_type":"article","og_title":"BOOM DLA DZIECI - proposal on winter holiday - Filharmonia Podkarpacka - English","og_description":"23rd February 2022, Wednesday, 11:00  Serdecznie zapraszamy wszystkich m\u0142odych meloman\u00f3w w wyj\u0105tkow\u0105 podr\u00f3\u017c do \u015bwiata opery i operetki. Chcemy wszystkich naszych ma\u0142ych przyjaci\u00f3\u0142 zabra\u0107 do miejsc, gdzie powstawa\u0142y najwi\u0119ksze dzie\u0142a tego gatunku, muzyki wokalno-instrumentalnej. Poznamy najwi\u0119ksze utwory, najs\u0142ynniejsze nazwiska, a tak\u017ce dowiemy si\u0119, \u017ce kompozytorzy r\u00f3wnie\u017c miewali k\u0142opoty. Do tego wyj\u0105tkowego wydarzenia do\u0142o\u017cymy jeszcze histori\u0119 baletu, kt\u00f3ry przecie\u017c z oper\u0105 ma wiele wsp\u00f3lnego. To b\u0119dzie niezapomniane prze\u017cycie i bardzo mi\u0142o b\u0119dzie nam m\u00f3c was go\u015bci\u0107 w progach Filharmonii Podkarpackiej.  &nbsp;  REZERWACJA MIEJSC ZAKO\u0143CZONA - PROSIMY OSOBY, KT\u00d3RE DOKONA\u0141Y REZERWACJI TELEFONICZNEJ LUB MAILOWEJ O ZAKUP BILET\u00d3W W KASIE BILETOWEJ (od 8.02.2022r.)  INFORMUJEMY, \u017bE URUCHOMILI\u015aMY SPRZEDA\u017b NA DODATKOW\u0104 GODZIN\u0118!\u00a0 \u00a0&gt;&gt;&gt; WI\u0118CEJ INFORMACJI &lt;&lt;&lt;","og_url":"https:\/\/filharmonia.rzeszow.pl\/en\/produkt\/boom-dla-dzieci-propozycja-na-ferie-zimowe\/","og_site_name":"Filharmonia Podkarpacka - English","article_modified_time":"2022-02-23T14:10:25+00:00","og_image":[{"width":800,"height":450,"url":"https:\/\/filharmonia.rzeszow.pl\/en\/wp-content\/uploads\/sites\/2\/2022\/02\/l1070078_2.jpg","type":"image\/jpeg"}],"twitter_card":"summary_large_image","schema":{"@context":"https:\/\/schema.org","@graph":[{"@type":"WebPage","@id":"https:\/\/filharmonia.rzeszow.pl\/en\/produkt\/boom-dla-dzieci-propozycja-na-ferie-zimowe\/","url":"https:\/\/filharmonia.rzeszow.pl\/en\/produkt\/boom-dla-dzieci-propozycja-na-ferie-zimowe\/","name":"BOOM DLA DZIECI - proposal on winter holiday - Filharmonia Podkarpacka - English","isPartOf":{"@id":"https:\/\/filharmonia.rzeszow.pl\/en\/#website"},"primaryImageOfPage":{"@id":"https:\/\/filharmonia.rzeszow.pl\/en\/produkt\/boom-dla-dzieci-propozycja-na-ferie-zimowe\/#primaryimage"},"image":{"@id":"https:\/\/filharmonia.rzeszow.pl\/en\/produkt\/boom-dla-dzieci-propozycja-na-ferie-zimowe\/#primaryimage"},"thumbnailUrl":"https:\/\/filharmonia.rzeszow.pl\/en\/wp-content\/uploads\/sites\/2\/2022\/02\/l1070078_2.jpg","datePublished":"2022-02-14T12:48:31+00:00","dateModified":"2022-02-23T14:10:25+00:00","breadcrumb":{"@id":"https:\/\/filharmonia.rzeszow.pl\/en\/produkt\/boom-dla-dzieci-propozycja-na-ferie-zimowe\/#breadcrumb"},"inLanguage":"en-US","potentialAction":[{"@type":"ReadAction","target":["https:\/\/filharmonia.rzeszow.pl\/en\/produkt\/boom-dla-dzieci-propozycja-na-ferie-zimowe\/"]}]},{"@type":"ImageObject","inLanguage":"en-US","@id":"https:\/\/filharmonia.rzeszow.pl\/en\/produkt\/boom-dla-dzieci-propozycja-na-ferie-zimowe\/#primaryimage","url":"https:\/\/filharmonia.rzeszow.pl\/en\/wp-content\/uploads\/sites\/2\/2022\/02\/l1070078_2.jpg","contentUrl":"https:\/\/filharmonia.rzeszow.pl\/en\/wp-content\/uploads\/sites\/2\/2022\/02\/l1070078_2.jpg","width":800,"height":450},{"@type":"BreadcrumbList","@id":"https:\/\/filharmonia.rzeszow.pl\/en\/produkt\/boom-dla-dzieci-propozycja-na-ferie-zimowe\/#breadcrumb","itemListElement":[{"@type":"ListItem","position":1,"name":"Strona g\u0142\u00f3wna","item":"https:\/\/filharmonia.rzeszow.pl\/en\/"},{"@type":"ListItem","position":2,"name":"Sklep","item":"https:\/\/filharmonia.rzeszow.pl\/en\/sklep\/"},{"@type":"ListItem","position":3,"name":"BOOM DLA DZIECI &#8211; proposal on winter holiday"}]},{"@type":"WebSite","@id":"https:\/\/filharmonia.rzeszow.pl\/en\/#website","url":"https:\/\/filharmonia.rzeszow.pl\/en\/","name":"Filharmonia Podkarpacka - English","description":"Kolejna witryna sieci &#8222;Filharmonia Podkarpacka &#8221;","publisher":{"@id":"https:\/\/filharmonia.rzeszow.pl\/en\/#organization"},"potentialAction":[{"@type":"SearchAction","target":{"@type":"EntryPoint","urlTemplate":"https:\/\/filharmonia.rzeszow.pl\/en\/?s={search_term_string}"},"query-input":{"@type":"PropertyValueSpecification","valueRequired":true,"valueName":"search_term_string"}}],"inLanguage":"en-US"},{"@type":"Organization","@id":"https:\/\/filharmonia.rzeszow.pl\/en\/#organization","name":"Filharmonia Podkarpacka - English","url":"https:\/\/filharmonia.rzeszow.pl\/en\/","logo":{"@type":"ImageObject","inLanguage":"en-US","@id":"https:\/\/filharmonia.rzeszow.pl\/en\/#\/schema\/logo\/image\/","url":"https:\/\/filharmonia.rzeszow.pl\/en\/wp-content\/uploads\/sites\/2\/2022\/02\/Obszar-roboczy-2@3x.png","contentUrl":"https:\/\/filharmonia.rzeszow.pl\/en\/wp-content\/uploads\/sites\/2\/2022\/02\/Obszar-roboczy-2@3x.png","width":2721,"height":1527,"caption":"Filharmonia Podkarpacka - English"},"image":{"@id":"https:\/\/filharmonia.rzeszow.pl\/en\/#\/schema\/logo\/image\/"}}]}},"publishpress_future_action":{"enabled":false,"date":"2026-05-02 15:41:29","action":"category","newStatus":"draft","terms":[],"taxonomy":"product_visibility","extraData":[]},"publishpress_future_workflow_manual_trigger":{"enabledWorkflows":[]},"_links":{"self":[{"href":"https:\/\/filharmonia.rzeszow.pl\/en\/wp-json\/wp\/v2\/product\/93","targetHints":{"allow":["GET"]}}],"collection":[{"href":"https:\/\/filharmonia.rzeszow.pl\/en\/wp-json\/wp\/v2\/product"}],"about":[{"href":"https:\/\/filharmonia.rzeszow.pl\/en\/wp-json\/wp\/v2\/types\/product"}],"wp:featuredmedia":[{"embeddable":true,"href":"https:\/\/filharmonia.rzeszow.pl\/en\/wp-json\/wp\/v2\/media\/174"}],"wp:attachment":[{"href":"https:\/\/filharmonia.rzeszow.pl\/en\/wp-json\/wp\/v2\/media?parent=93"}],"wp:term":[{"taxonomy":"product_brand","embeddable":true,"href":"https:\/\/filharmonia.rzeszow.pl\/en\/wp-json\/wp\/v2\/product_brand?post=93"},{"taxonomy":"product_cat","embeddable":true,"href":"https:\/\/filharmonia.rzeszow.pl\/en\/wp-json\/wp\/v2\/product_cat?post=93"},{"taxonomy":"product_tag","embeddable":true,"href":"https:\/\/filharmonia.rzeszow.pl\/en\/wp-json\/wp\/v2\/product_tag?post=93"}],"curies":[{"name":"wp","href":"https:\/\/api.w.org\/{rel}","templated":true}]}}